{"id":15805,"date":"2016-03-01T15:03:14","date_gmt":"2016-03-01T14:03:14","guid":{"rendered":"http:\/\/arteconstructo.com\/fr\/?page_id=15805"},"modified":"2019-04-11T09:18:41","modified_gmt":"2019-04-11T08:18:41","slug":"cortexlime","status":"publish","type":"page","link":"https:\/\/cortexlime.com\/fr\/cortexlime\/","title":{"rendered":"ARCOengineering"},"content":{"rendered":"<div class=\"wpb-content-wrapper\"><p>[vc_row full_width=\u00a0\u00bbtrue\u00a0\u00bb margin_top=\u00a0\u00bb-50&Prime;][vc_column][vc_single_image image=\u00a0\u00bb234&Prime; img_size=\u00a0\u00bbfull\u00a0\u00bb alignment=\u00a0\u00bbcenter\u00a0\u00bb image_hovers=\u00a0\u00bbfalse\u00a0\u00bb][\/vc_column][\/vc_row][vc_row][vc_column][vc_empty_space height=\u00a0\u00bb60px\u00a0\u00bb][vc_column_text]<\/p>\n<h3 style=\"text-align: center\">CORTEX Lime<\/h3>\n<p>[\/vc_column_text][vc_empty_space height=\u00a0\u00bb60px\u00a0\u00bb][\/vc_column][\/vc_row][vc_row][vc_column][vc_column_text]<\/p>\n<p class=\"p1\"><span class=\"s1\">CORTEX Lime S\u00e0rl est un fournisseur de produits qui sont essentiellement \u00e0 base de <b>chaux<\/b>.<\/span><\/p>\n<p class=\"p1\"><span class=\"s1\">Depuis son existence la firme s\u2019est forg\u00e9e une exp\u00e9rience en tout ce qui concerne la <b>restauration<\/b>, et applique, depuis plusieurs ann\u00e9es d\u00e9j\u00e0, ce savoir-faire dans le domaine des constructions <b>bio\u00e9cologiques<\/b>. <\/span><\/p>\n<p class=\"p1\"><span class=\"s1\">Cette exp\u00e9rience<span class=\"Apple-converted-space\">\u00a0 <\/span>est reconnue au niveau <b>international <\/b>par<b> <\/b>diff\u00e9rentes institutions actives en restauration.<\/span><\/p>\n<p class=\"p1\"><span class=\"s1\">Sans cesse \u00e0 la recherche de nouveaux d\u00e9fis, CORTEX Lime S\u00e0rl essaie d\u2019intervenir gr\u00e2ce \u00e0 des<b> conseils <\/b>neutres donn\u00e9s tant en phase de projet qu&rsquo;en phase d\u2019ex\u00e9cution, et ses experts sont r\u00e9guli\u00e8rement invit\u00e9s \u00e0 des s\u00e9ances d&rsquo;information et de formation.<\/span><\/p>\n<p class=\"p1\"><span class=\"s1\">CORTEX Lime S\u00e0rl peut \u00e9galement faire appel \u00e0 son <b>r\u00e9seau<\/b> international de distribution, avec qui elle entretient une relation r\u00e9guli\u00e8re de confiance.\u00a0<\/span><\/p>\n<p class=\"p1\"><span class=\"s1\">Dans le cadre de la construction bio\u00e9cologique il existe \u00e9galement une \u00e9troite <b>collaboration<\/b> avec des fabricants de briques (Poroton, Isohemp, Argio) et d\u2019isolation (Foamglas, Gutex, Diffutherm, Multipor).<span class=\"Apple-converted-space\">\u00a0 <\/span>La firme fait \u00e9galement partie de clusters, comme VIBE, ECO-BUILD, ECOCLUSTER et LEEDS.<\/span><\/p>\n<p>[\/vc_column_text][\/vc_column][\/vc_row][vc_row][vc_column][vc_empty_space height=\u00a0\u00bb50px\u00a0\u00bb][vc_empty_space height=\u00a0\u00bb50px\u00a0\u00bb][\/vc_column][\/vc_row][vc_row full_width=\u00a0\u00bbtrue\u00a0\u00bb margin_bottom=\u00a0\u00bb-50&Prime;][vc_column width=\u00a0\u00bb1\/4&Prime;]<div class=\"ult-new-ib ult-ib-effect-style2  ult-ib-resp ult-ib2-min-height \" data-min-width=\"768\" data-max-width=\"900\" style=\"background:#000000; opacity:0; \" data-opacity=\"1\" data-hover-opacity=\"0.5\"  data-min-height=\"428\" ><img decoding=\"async\" class=\"ult-new-ib-img\" style=\"opacity:1;\" alt=\"\" src=\"https:\/\/cortexlime.com\/wp-content\/uploads\/2015\/11\/lavabo.jpg\"  data-min-height=\"428\"   \/><div id=\"interactive-banner-wrap-6282\" class=\"ult-new-ib-desc\" style=\"\"><h2 class=\"ult-new-ib-title ult-responsive\"  data-ultimate-target='#interactive-banner-wrap-6282 .ult-new-ib-title'  data-responsive-json-new='{\"font-size\":\"\",\"line-height\":\"\"}'  style=\"font-weight:normal;color:#ffffff;\">C H A U X<\/h2><\/div><a class=\"ult-new-ib-link\" href=\"http:\/\/arteconstructo.com\/fr\/chaux\/\" title=\"chaux\"  ><\/a><\/div>[\/vc_column][vc_column width=\u00a0\u00bb1\/4&Prime;]<div class=\"ult-new-ib ult-ib-effect-style2  ult-ib-resp ult-ib2-min-height \" data-min-width=\"768\" data-max-width=\"900\" style=\"background:#000000; opacity:0; \" data-opacity=\"1\" data-hover-opacity=\"0.5\"  data-min-height=\"428\" ><img decoding=\"async\" class=\"ult-new-ib-img\" style=\"opacity:1;\" alt=\"\" src=\"https:\/\/cortexlime.com\/wp-content\/uploads\/2015\/11\/trap.jpg\"  data-min-height=\"428\"   \/><div id=\"interactive-banner-wrap-1396\" class=\"ult-new-ib-desc\" style=\"\"><h2 class=\"ult-new-ib-title ult-responsive\"  data-ultimate-target='#interactive-banner-wrap-1396 .ult-new-ib-title'  data-responsive-json-new='{\"font-size\":\"\",\"line-height\":\"\"}'  style=\"font-weight:normal;color:#ffffff;\">P R O P R I E T E S<\/h2><\/div><a class=\"ult-new-ib-link\" href=\"http:\/\/arteconstructo.com\/fr\/proprietes\/\" title=\"proprietes\"  ><\/a><\/div>[\/vc_column][vc_column width=\u00a0\u00bb1\/4&Prime;]<div class=\"ult-new-ib ult-ib-effect-style2  ult-ib-resp ult-ib2-min-height \" data-min-width=\"768\" data-max-width=\"900\" style=\"background:#000000; opacity:0; \" data-opacity=\"1\" data-hover-opacity=\"0.5\"  data-min-height=\"428\" ><img decoding=\"async\" class=\"ult-new-ib-img\" style=\"opacity:1;\" alt=\"\" src=\"https:\/\/cortexlime.com\/wp-content\/uploads\/2015\/11\/paint.jpg\"  data-min-height=\"428\"   \/><div id=\"interactive-banner-wrap-4042\" class=\"ult-new-ib-desc\" style=\"\"><h2 class=\"ult-new-ib-title ult-responsive\"  data-ultimate-target='#interactive-banner-wrap-4042 .ult-new-ib-title'  data-responsive-json-new='{\"font-size\":\"\",\"line-height\":\"\"}'  style=\"font-weight:normal;color:#ffffff;\">I N T E R E S S A N T<\/h2><\/div><a class=\"ult-new-ib-link\" href=\"http:\/\/arteconstructo.com\/fr\/interessant\/\" title=\"interessant\"  ><\/a><\/div>[\/vc_column][vc_column width=\u00a0\u00bb1\/4&Prime;]<div class=\"ult-new-ib ult-ib-effect-style2  ult-ib-resp ult-ib2-min-height \" data-min-width=\"768\" data-max-width=\"900\" style=\"background:#000000; opacity:0; \" data-opacity=\"1\" data-hover-opacity=\"0.5\"  data-min-height=\"428\" ><img decoding=\"async\" class=\"ult-new-ib-img\" style=\"opacity:1;\" alt=\"\" src=\"https:\/\/cortexlime.com\/wp-content\/uploads\/2015\/11\/salon.jpg\"  data-min-height=\"428\"   \/><div id=\"interactive-banner-wrap-6962\" class=\"ult-new-ib-desc\" style=\"\"><h2 class=\"ult-new-ib-title ult-responsive\"  data-ultimate-target='#interactive-banner-wrap-6962 .ult-new-ib-title'  data-responsive-json-new='{\"font-size\":\"\",\"line-height\":\"\"}'  style=\"font-weight:normal;color:#ffffff;\">I M A G E S<\/h2><\/div><a class=\"ult-new-ib-link\" href=\"http:\/\/arteconstructo.com\/fr\/images\/\" title=\"images\"  ><\/a><\/div>[\/vc_column][\/vc_row]<\/p>\n<\/div>","protected":false},"excerpt":{"rendered":"<p>[vc_row full_width=\u00a0\u00bbtrue\u00a0\u00bb margin_top=\u00a0\u00bb-50&Prime;][vc_column][vc_single_image image=\u00a0\u00bb234&Prime; img_size=\u00a0\u00bbfull\u00a0\u00bb alignment=\u00a0\u00bbcenter\u00a0\u00bb image_hovers=\u00a0\u00bbfalse\u00a0\u00bb][\/vc_column][\/vc_row][vc_row][vc_column][vc_empty_space height=\u00a0\u00bb60px\u00a0\u00bb][vc_column_text] CORTEX Lime [\/vc_column_text][vc_empty_space height=\u00a0\u00bb60px\u00a0\u00bb][\/vc_column][\/vc_row][vc_row][vc_column][vc_column_text] CORTEX Lime S\u00e0rl est un fournisseur de produits qui sont essentiellement \u00e0 base de chaux. Depuis son existence la firme s\u2019est forg\u00e9e une exp\u00e9rience en tout ce qui concerne la restauration, et applique, depuis plusieurs ann\u00e9es d\u00e9j\u00e0, ce savoir-faire dans le domaine des&hellip;<\/p>\n","protected":false},"author":6,"featured_media":0,"parent":0,"menu_order":6,"comment_status":"closed","ping_status":"closed","template":"","meta":{"footnotes":""},"class_list":["post-15805","page","type-page","status-publish","hentry","description-off"],"yoast_head":"<!-- This site is optimized with the Yoast SEO plugin v27.4 - https:\/\/yoast.com\/product\/yoast-seo-wordpress\/ -->\n<title>ARCOengineering - Cortex<\/title>\n<meta name=\"robots\" content=\"index, follow, max-snippet:-1, max-image-preview:large, max-video-preview:-1\" \/>\n<link rel=\"canonical\" href=\"https:\/\/arteconstructo.com\/fr\/arte-constructo\/\" \/>\n<meta property=\"og:locale\" content=\"fr_FR\" \/>\n<meta property=\"og:type\" content=\"article\" \/>\n<meta property=\"og:title\" content=\"ARCOengineering - Cortex\" \/>\n<meta property=\"og:description\" content=\"[vc_row full_width=\u00a0\u00bbtrue\u00a0\u00bb margin_top=\u00a0\u00bb-50&Prime;][vc_column][vc_single_image image=\u00a0\u00bb234&Prime; img_size=\u00a0\u00bbfull\u00a0\u00bb alignment=\u00a0\u00bbcenter\u00a0\u00bb image_hovers=\u00a0\u00bbfalse\u00a0\u00bb][\/vc_column][\/vc_row][vc_row][vc_column][vc_empty_space height=\u00a0\u00bb60px\u00a0\u00bb][vc_column_text] CORTEX Lime [\/vc_column_text][vc_empty_space height=\u00a0\u00bb60px\u00a0\u00bb][\/vc_column][\/vc_row][vc_row][vc_column][vc_column_text] CORTEX Lime S\u00e0rl est un fournisseur de produits qui sont essentiellement \u00e0 base de chaux. Depuis son existence la firme s\u2019est forg\u00e9e une exp\u00e9rience en tout ce qui concerne la restauration, et applique, depuis plusieurs ann\u00e9es d\u00e9j\u00e0, ce savoir-faire dans le domaine des&hellip;\" \/>\n<meta property=\"og:url\" content=\"https:\/\/arteconstructo.com\/fr\/arte-constructo\/\" \/>\n<meta property=\"og:site_name\" content=\"Cortex\" \/>\n<meta property=\"article:modified_time\" content=\"2019-04-11T08:18:41+00:00\" \/>\n<meta name=\"twitter:card\" content=\"summary_large_image\" \/>\n<meta name=\"twitter:label1\" content=\"Dur\u00e9e de lecture estim\u00e9e\" \/>\n\t<meta name=\"twitter:data1\" content=\"3 minutes\" \/>\n<script type=\"application\/ld+json\" class=\"yoast-schema-graph\">{\"@context\":\"https:\\\/\\\/schema.org\",\"@graph\":[{\"@type\":\"WebPage\",\"@id\":\"https:\\\/\\\/cortexlime.com\\\/fr\\\/cortexlime\\\/\",\"url\":\"https:\\\/\\\/arteconstructo.com\\\/fr\\\/arte-constructo\\\/\",\"name\":\"ARCOengineering - Cortex\",\"isPartOf\":{\"@id\":\"https:\\\/\\\/cortexlime.com\\\/#website\"},\"datePublished\":\"2016-03-01T14:03:14+00:00\",\"dateModified\":\"2019-04-11T08:18:41+00:00\",\"breadcrumb\":{\"@id\":\"https:\\\/\\\/arteconstructo.com\\\/fr\\\/arte-constructo\\\/#breadcrumb\"},\"inLanguage\":\"fr-FR\",\"potentialAction\":[{\"@type\":\"ReadAction\",\"target\":[\"https:\\\/\\\/arteconstructo.com\\\/fr\\\/arte-constructo\\\/\"]}]},{\"@type\":\"BreadcrumbList\",\"@id\":\"https:\\\/\\\/arteconstructo.com\\\/fr\\\/arte-constructo\\\/#breadcrumb\",\"itemListElement\":[{\"@type\":\"ListItem\",\"position\":1,\"name\":\"Accueil\",\"item\":\"https:\\\/\\\/cortexlime.com\\\/fr\\\/\"},{\"@type\":\"ListItem\",\"position\":2,\"name\":\"ARCOengineering\"}]},{\"@type\":\"WebSite\",\"@id\":\"https:\\\/\\\/cortexlime.com\\\/#website\",\"url\":\"https:\\\/\\\/cortexlime.com\\\/\",\"name\":\"Cortex\",\"description\":\"Lime\",\"potentialAction\":[{\"@type\":\"SearchAction\",\"target\":{\"@type\":\"EntryPoint\",\"urlTemplate\":\"https:\\\/\\\/cortexlime.com\\\/?s={search_term_string}\"},\"query-input\":{\"@type\":\"PropertyValueSpecification\",\"valueRequired\":true,\"valueName\":\"search_term_string\"}}],\"inLanguage\":\"fr-FR\"}]}<\/script>\n<!-- \/ Yoast SEO plugin. -->","yoast_head_json":{"title":"ARCOengineering - Cortex","robots":{"index":"index","follow":"follow","max-snippet":"max-snippet:-1","max-image-preview":"max-image-preview:large","max-video-preview":"max-video-preview:-1"},"canonical":"https:\/\/arteconstructo.com\/fr\/arte-constructo\/","og_locale":"fr_FR","og_type":"article","og_title":"ARCOengineering - Cortex","og_description":"[vc_row full_width=\u00a0\u00bbtrue\u00a0\u00bb margin_top=\u00a0\u00bb-50&Prime;][vc_column][vc_single_image image=\u00a0\u00bb234&Prime; img_size=\u00a0\u00bbfull\u00a0\u00bb alignment=\u00a0\u00bbcenter\u00a0\u00bb image_hovers=\u00a0\u00bbfalse\u00a0\u00bb][\/vc_column][\/vc_row][vc_row][vc_column][vc_empty_space height=\u00a0\u00bb60px\u00a0\u00bb][vc_column_text] CORTEX Lime [\/vc_column_text][vc_empty_space height=\u00a0\u00bb60px\u00a0\u00bb][\/vc_column][\/vc_row][vc_row][vc_column][vc_column_text] CORTEX Lime S\u00e0rl est un fournisseur de produits qui sont essentiellement \u00e0 base de chaux. Depuis son existence la firme s\u2019est forg\u00e9e une exp\u00e9rience en tout ce qui concerne la restauration, et applique, depuis plusieurs ann\u00e9es d\u00e9j\u00e0, ce savoir-faire dans le domaine des&hellip;","og_url":"https:\/\/arteconstructo.com\/fr\/arte-constructo\/","og_site_name":"Cortex","article_modified_time":"2019-04-11T08:18:41+00:00","twitter_card":"summary_large_image","twitter_misc":{"Dur\u00e9e de lecture estim\u00e9e":"3 minutes"},"schema":{"@context":"https:\/\/schema.org","@graph":[{"@type":"WebPage","@id":"https:\/\/cortexlime.com\/fr\/cortexlime\/","url":"https:\/\/arteconstructo.com\/fr\/arte-constructo\/","name":"ARCOengineering - Cortex","isPartOf":{"@id":"https:\/\/cortexlime.com\/#website"},"datePublished":"2016-03-01T14:03:14+00:00","dateModified":"2019-04-11T08:18:41+00:00","breadcrumb":{"@id":"https:\/\/arteconstructo.com\/fr\/arte-constructo\/#breadcrumb"},"inLanguage":"fr-FR","potentialAction":[{"@type":"ReadAction","target":["https:\/\/arteconstructo.com\/fr\/arte-constructo\/"]}]},{"@type":"BreadcrumbList","@id":"https:\/\/arteconstructo.com\/fr\/arte-constructo\/#breadcrumb","itemListElement":[{"@type":"ListItem","position":1,"name":"Accueil","item":"https:\/\/cortexlime.com\/fr\/"},{"@type":"ListItem","position":2,"name":"ARCOengineering"}]},{"@type":"WebSite","@id":"https:\/\/cortexlime.com\/#website","url":"https:\/\/cortexlime.com\/","name":"Cortex","description":"Lime","potentialAction":[{"@type":"SearchAction","target":{"@type":"EntryPoint","urlTemplate":"https:\/\/cortexlime.com\/?s={search_term_string}"},"query-input":{"@type":"PropertyValueSpecification","valueRequired":true,"valueName":"search_term_string"}}],"inLanguage":"fr-FR"}]}},"_links":{"self":[{"href":"https:\/\/cortexlime.com\/fr\/wp-json\/wp\/v2\/pages\/15805","targetHints":{"allow":["GET"]}}],"collection":[{"href":"https:\/\/cortexlime.com\/fr\/wp-json\/wp\/v2\/pages"}],"about":[{"href":"https:\/\/cortexlime.com\/fr\/wp-json\/wp\/v2\/types\/page"}],"author":[{"embeddable":true,"href":"https:\/\/cortexlime.com\/fr\/wp-json\/wp\/v2\/users\/6"}],"replies":[{"embeddable":true,"href":"https:\/\/cortexlime.com\/fr\/wp-json\/wp\/v2\/comments?post=15805"}],"version-history":[{"count":2,"href":"https:\/\/cortexlime.com\/fr\/wp-json\/wp\/v2\/pages\/15805\/revisions"}],"predecessor-version":[{"id":17147,"href":"https:\/\/cortexlime.com\/fr\/wp-json\/wp\/v2\/pages\/15805\/revisions\/17147"}],"wp:attachment":[{"href":"https:\/\/cortexlime.com\/fr\/wp-json\/wp\/v2\/media?parent=15805"}],"curies":[{"name":"wp","href":"https:\/\/api.w.org\/{rel}","templated":true}]}}