{"id":15791,"date":"2016-03-01T14:36:11","date_gmt":"2016-03-01T14:36:11","guid":{"rendered":"http:\/\/arteconstructo.com\/fr\/?page_id=15791"},"modified":"2019-09-25T15:59:11","modified_gmt":"2019-09-25T14:59:11","slug":"uula","status":"publish","type":"page","link":"https:\/\/cortexlime.com\/fr\/fiches-techiques\/uula\/","title":{"rendered":"UULA"},"content":{"rendered":"<div class=\"wpb-content-wrapper\"><p>[vc_row][vc_column][vc_column_text]<\/p>\n<h3 style=\"text-align: center\">F I C H E S \u00a0\u00a0T E C H N I Q U E S<\/h3>\n<h3 style=\"text-align: center\">UULA<\/h3>\n<p>[\/vc_column_text][vc_empty_space][\/vc_column][\/vc_row][vc_row][vc_column][vc_column_text]<\/p>\n<p><strong><a href=\"https:\/\/cortexlime.com\/wp-content\/uploads\/2019\/09\/Cortex-Fiche-tech-UULA-LINECO.pdf\">Lineco<\/a><\/strong><\/p>\n<p>Type : peinture pour bois \u00e0 l\u2019huile de lin<\/p>\n<p>Application : int\u00e9rieur et ext\u00e9rieur, la plupart des supports en bois et certains enduits et \u00e9l\u00e9ments en acier<\/p>\n<p>&nbsp;<\/p>\n<p><strong><a href=\"https:\/\/cortexlime.com\/wp-content\/uploads\/2019\/04\/Cortex-Fiche-tech-UULA-INTO.pdf\">Into<\/a><\/strong><\/p>\n<p>Type : peinture int\u00e9rieure diluable \u00e0 l\u2019eau<\/p>\n<p>Application : int\u00e9rieur, tout support en bois ou d\u00e9j\u00e0 couvert avec une peinture acrylique<\/p>\n<p>&nbsp;<\/p>\n<p><strong><a href=\"https:\/\/cortexlime.com\/wp-content\/uploads\/2019\/04\/Cortex-Fiche-tech-UULA-NORDIQUE.pdf\">Nordique<\/a> <\/strong><\/p>\n<p>Type : peinture pour bois, cuite \u00e0 l\u2019ancienne<\/p>\n<p>Application : int\u00e9rieur et ext\u00e9rieur, bois rugueux non trait\u00e9<\/p>\n<p>&nbsp;<\/p>\n<p><strong><a href=\"https:\/\/cortexlime.com\/wp-content\/uploads\/2019\/04\/Cortex-Fiche-tech-UULA-LASURE.pdf\">Lasure<\/a><\/strong><\/p>\n<p>Type : protection pour bois translucide<\/p>\n<p>Application : sur tout support en bois \u00e0 l\u2019int\u00e9rieur, uniquement sur du c\u00e8dre rouge ou du bois trait\u00e9<\/p>\n<div class=\"gap\" style=\"line-height: 40px; height: 40px;\"><\/div>\n<p><strong>Les autres fiches de la gamme UULA sur demande<\/strong><\/p>\n<div class=\"gap\" style=\"line-height: 40px; height: 40px;\"><\/div>\n<p>[\/vc_column_text][\/vc_column][\/vc_row]<\/p>\n<\/div>","protected":false},"excerpt":{"rendered":"<p>[vc_row][vc_column][vc_column_text] F I C H E S \u00a0\u00a0T E C H N I Q U E S UULA [\/vc_column_text][vc_empty_space][\/vc_column][\/vc_row][vc_row][vc_column][vc_column_text] Lineco Type : peinture pour bois \u00e0 l\u2019huile de lin Application : int\u00e9rieur et ext\u00e9rieur, la plupart des supports en bois et certains enduits et \u00e9l\u00e9ments en acier &nbsp; Into Type : peinture int\u00e9rieure diluable \u00e0&hellip;<\/p>\n","protected":false},"author":6,"featured_media":0,"parent":15783,"menu_order":4,"comment_status":"closed","ping_status":"closed","template":"","meta":{"footnotes":""},"class_list":["post-15791","page","type-page","status-publish","hentry","description-off"],"yoast_head":"<!-- This site is optimized with the Yoast SEO plugin v27.5 - https:\/\/yoast.com\/product\/yoast-seo-wordpress\/ -->\n<title>UULA - Cortex<\/title>\n<meta name=\"robots\" content=\"index, follow, max-snippet:-1, max-image-preview:large, max-video-preview:-1\" \/>\n<link rel=\"canonical\" href=\"https:\/\/arteconstructo.com\/fr\/fiches-techiques\/uula\/\" \/>\n<meta property=\"og:locale\" content=\"fr_FR\" \/>\n<meta property=\"og:type\" content=\"article\" \/>\n<meta property=\"og:title\" content=\"UULA - Cortex\" \/>\n<meta property=\"og:description\" content=\"[vc_row][vc_column][vc_column_text] F I C H E S \u00a0\u00a0T E C H N I Q U E S UULA [\/vc_column_text][vc_empty_space][\/vc_column][\/vc_row][vc_row][vc_column][vc_column_text] Lineco Type : peinture pour bois \u00e0 l\u2019huile de lin Application : int\u00e9rieur et ext\u00e9rieur, la plupart des supports en bois et certains enduits et \u00e9l\u00e9ments en acier &nbsp; Into Type : peinture int\u00e9rieure diluable \u00e0&hellip;\" \/>\n<meta property=\"og:url\" content=\"https:\/\/arteconstructo.com\/fr\/fiches-techiques\/uula\/\" \/>\n<meta property=\"og:site_name\" content=\"Cortex\" \/>\n<meta property=\"article:modified_time\" content=\"2019-09-25T14:59:11+00:00\" \/>\n<meta name=\"twitter:card\" content=\"summary_large_image\" \/>\n<meta name=\"twitter:label1\" content=\"Dur\u00e9e de lecture estim\u00e9e\" \/>\n\t<meta name=\"twitter:data1\" content=\"1 minute\" \/>\n<script type=\"application\/ld+json\" class=\"yoast-schema-graph\">{\"@context\":\"https:\\\/\\\/schema.org\",\"@graph\":[{\"@type\":\"WebPage\",\"@id\":\"https:\\\/\\\/cortexlime.com\\\/fr\\\/fiches-techiques\\\/uula\\\/\",\"url\":\"https:\\\/\\\/arteconstructo.com\\\/fr\\\/fiches-techiques\\\/uula\\\/\",\"name\":\"UULA - Cortex\",\"isPartOf\":{\"@id\":\"https:\\\/\\\/cortexlime.com\\\/#website\"},\"datePublished\":\"2016-03-01T14:36:11+00:00\",\"dateModified\":\"2019-09-25T14:59:11+00:00\",\"breadcrumb\":{\"@id\":\"https:\\\/\\\/arteconstructo.com\\\/fr\\\/fiches-techiques\\\/uula\\\/#breadcrumb\"},\"inLanguage\":\"fr-FR\",\"potentialAction\":[{\"@type\":\"ReadAction\",\"target\":[\"https:\\\/\\\/arteconstructo.com\\\/fr\\\/fiches-techiques\\\/uula\\\/\"]}]},{\"@type\":\"BreadcrumbList\",\"@id\":\"https:\\\/\\\/arteconstructo.com\\\/fr\\\/fiches-techiques\\\/uula\\\/#breadcrumb\",\"itemListElement\":[{\"@type\":\"ListItem\",\"position\":1,\"name\":\"Accueil\",\"item\":\"https:\\\/\\\/cortexlime.com\\\/fr\\\/\"},{\"@type\":\"ListItem\",\"position\":2,\"name\":\"fiches techiques\",\"item\":\"https:\\\/\\\/cortexlime.com\\\/fr\\\/fiches-techiques\\\/\"},{\"@type\":\"ListItem\",\"position\":3,\"name\":\"UULA\"}]},{\"@type\":\"WebSite\",\"@id\":\"https:\\\/\\\/cortexlime.com\\\/#website\",\"url\":\"https:\\\/\\\/cortexlime.com\\\/\",\"name\":\"Cortex\",\"description\":\"Lime\",\"potentialAction\":[{\"@type\":\"SearchAction\",\"target\":{\"@type\":\"EntryPoint\",\"urlTemplate\":\"https:\\\/\\\/cortexlime.com\\\/?s={search_term_string}\"},\"query-input\":{\"@type\":\"PropertyValueSpecification\",\"valueRequired\":true,\"valueName\":\"search_term_string\"}}],\"inLanguage\":\"fr-FR\"}]}<\/script>\n<!-- \/ Yoast SEO plugin. -->","yoast_head_json":{"title":"UULA - Cortex","robots":{"index":"index","follow":"follow","max-snippet":"max-snippet:-1","max-image-preview":"max-image-preview:large","max-video-preview":"max-video-preview:-1"},"canonical":"https:\/\/arteconstructo.com\/fr\/fiches-techiques\/uula\/","og_locale":"fr_FR","og_type":"article","og_title":"UULA - Cortex","og_description":"[vc_row][vc_column][vc_column_text] F I C H E S \u00a0\u00a0T E C H N I Q U E S UULA [\/vc_column_text][vc_empty_space][\/vc_column][\/vc_row][vc_row][vc_column][vc_column_text] Lineco Type : peinture pour bois \u00e0 l\u2019huile de lin Application : int\u00e9rieur et ext\u00e9rieur, la plupart des supports en bois et certains enduits et \u00e9l\u00e9ments en acier &nbsp; Into Type : peinture int\u00e9rieure diluable \u00e0&hellip;","og_url":"https:\/\/arteconstructo.com\/fr\/fiches-techiques\/uula\/","og_site_name":"Cortex","article_modified_time":"2019-09-25T14:59:11+00:00","twitter_card":"summary_large_image","twitter_misc":{"Dur\u00e9e de lecture estim\u00e9e":"1 minute"},"schema":{"@context":"https:\/\/schema.org","@graph":[{"@type":"WebPage","@id":"https:\/\/cortexlime.com\/fr\/fiches-techiques\/uula\/","url":"https:\/\/arteconstructo.com\/fr\/fiches-techiques\/uula\/","name":"UULA - Cortex","isPartOf":{"@id":"https:\/\/cortexlime.com\/#website"},"datePublished":"2016-03-01T14:36:11+00:00","dateModified":"2019-09-25T14:59:11+00:00","breadcrumb":{"@id":"https:\/\/arteconstructo.com\/fr\/fiches-techiques\/uula\/#breadcrumb"},"inLanguage":"fr-FR","potentialAction":[{"@type":"ReadAction","target":["https:\/\/arteconstructo.com\/fr\/fiches-techiques\/uula\/"]}]},{"@type":"BreadcrumbList","@id":"https:\/\/arteconstructo.com\/fr\/fiches-techiques\/uula\/#breadcrumb","itemListElement":[{"@type":"ListItem","position":1,"name":"Accueil","item":"https:\/\/cortexlime.com\/fr\/"},{"@type":"ListItem","position":2,"name":"fiches techiques","item":"https:\/\/cortexlime.com\/fr\/fiches-techiques\/"},{"@type":"ListItem","position":3,"name":"UULA"}]},{"@type":"WebSite","@id":"https:\/\/cortexlime.com\/#website","url":"https:\/\/cortexlime.com\/","name":"Cortex","description":"Lime","potentialAction":[{"@type":"SearchAction","target":{"@type":"EntryPoint","urlTemplate":"https:\/\/cortexlime.com\/?s={search_term_string}"},"query-input":{"@type":"PropertyValueSpecification","valueRequired":true,"valueName":"search_term_string"}}],"inLanguage":"fr-FR"}]}},"_links":{"self":[{"href":"https:\/\/cortexlime.com\/fr\/wp-json\/wp\/v2\/pages\/15791","targetHints":{"allow":["GET"]}}],"collection":[{"href":"https:\/\/cortexlime.com\/fr\/wp-json\/wp\/v2\/pages"}],"about":[{"href":"https:\/\/cortexlime.com\/fr\/wp-json\/wp\/v2\/types\/page"}],"author":[{"embeddable":true,"href":"https:\/\/cortexlime.com\/fr\/wp-json\/wp\/v2\/users\/6"}],"replies":[{"embeddable":true,"href":"https:\/\/cortexlime.com\/fr\/wp-json\/wp\/v2\/comments?post=15791"}],"version-history":[{"count":3,"href":"https:\/\/cortexlime.com\/fr\/wp-json\/wp\/v2\/pages\/15791\/revisions"}],"predecessor-version":[{"id":17194,"href":"https:\/\/cortexlime.com\/fr\/wp-json\/wp\/v2\/pages\/15791\/revisions\/17194"}],"up":[{"embeddable":true,"href":"https:\/\/cortexlime.com\/fr\/wp-json\/wp\/v2\/pages\/15783"}],"wp:attachment":[{"href":"https:\/\/cortexlime.com\/fr\/wp-json\/wp\/v2\/media?parent=15791"}],"curies":[{"name":"wp","href":"https:\/\/api.w.org\/{rel}","templated":true}]}}