{"id":15789,"date":"2016-03-01T14:33:19","date_gmt":"2016-03-01T14:33:19","guid":{"rendered":"http:\/\/arteconstructo.com\/fr\/?page_id=15789"},"modified":"2019-04-11T08:55:11","modified_gmt":"2019-04-11T07:55:11","slug":"coridecor","status":"publish","type":"page","link":"https:\/\/cortexlime.com\/fr\/fiches-techiques\/coridecor\/","title":{"rendered":"Coridecor"},"content":{"rendered":"<div class=\"wpb-content-wrapper\"><p>[vc_row][vc_column][vc_column_text]<\/p>\n<h3 style=\"text-align: center\">F I C H E S \u00a0 T E C H N I Q U E S<\/h3>\n<h3 style=\"text-align: center\">CORIDECOR<\/h3>\n<p>[\/vc_column_text][vc_empty_space][\/vc_column][\/vc_row][vc_row][vc_column][vc_column_text]<strong><a href=\"https:\/\/cortexlime.com\/wp-content\/uploads\/2019\/04\/Cortex-Fiche-tech-CORICAL.pdf\">Corical<\/a> <\/strong><\/p>\n<p>Type : badigeon \u00e0 la chaux<\/p>\n<p>Application : finition int\u00e9rieure et ext\u00e9rieure, supports min\u00e9raux<\/p>\n<p>&nbsp;<\/p>\n<p><a href=\"https:\/\/cortexlime.com\/wp-content\/uploads\/2019\/04\/Cortex-Fiche-tech-CORIFONDO.pdf\"><strong>Corifondo (Fondodecor)<\/strong><\/a><\/p>\n<p>Type : couche de fond<\/p>\n<p>Application : finition int\u00e9rieure, supports divers<\/p>\n<p>&nbsp;<\/p>\n<p><strong><a href=\"https:\/\/cortexlime.com\/wp-content\/uploads\/2019\/04\/Cortex-Fiche-tech-CORISILK.pdf\">Corisilk<\/a> <\/strong><\/p>\n<p>Type : peinture au silicate, \u00e0 diluer avec Fondosilk<\/p>\n<p>Application : finition int\u00e9rieure et ext\u00e9rieure, supports min\u00e9raux<\/p>\n<p>&nbsp;<\/p>\n<p><strong><a href=\"https:\/\/cortexlime.com\/wp-content\/uploads\/2019\/04\/Cortex-Fiche-tech-FONDOSILK.pdf\">Fondosilk<\/a> <\/strong><\/p>\n<p>Type : fixatif consolidant au silicate<\/p>\n<p>Application : diluant pour peinture au silicate, traitement de surfaces min\u00e9rales poussi\u00e9reuses<\/p>\n<p>&nbsp;<\/p>\n<p><strong><a href=\"https:\/\/cortexlime.com\/wp-content\/uploads\/2019\/04\/Cortex-Fiche-tech-MARMOLUX.pdf\">Marmolux<\/a> <\/strong><\/p>\n<p>Type : chaux grasse avec de la poudre de marbre et des additifs v\u00e9g\u00e9taux<\/p>\n<p>Application : finition int\u00e9rieure et ext\u00e9rieure, supports \u00e0 base de chaux<\/p>\n<p>&nbsp;<\/p>\n<p><strong><a href=\"https:\/\/cortexlime.com\/wp-content\/uploads\/2019\/04\/Cortex-Fiche-tech-CORISTIL.pdf\">Coristil<\/a><\/strong><\/p>\n<p>Type : chaux grasse avec de la poudre de marbre, fibres sp\u00e9ciales et additifs<\/p>\n<p>Application : finition int\u00e9rieure et ext\u00e9rieure, supports \u00e0 base de chaux<\/p>\n<p>&nbsp;<\/p>\n<p><strong><a href=\"https:\/\/cortexlime.com\/wp-content\/uploads\/2019\/04\/Cortex-Fiche-tech-START.pdf\">Start<\/a> <\/strong><\/p>\n<p>Type : couche d\u2019adh\u00e9rence<\/p>\n<p>Application : pr\u00e9paration de support int\u00e9rieur, supports divers<\/p>\n<p>&nbsp;<\/p>\n<p><strong><a href=\"https:\/\/cortexlime.com\/wp-content\/uploads\/2019\/04\/Cortex-Fiche-tech-DECORLUX.pdf\">Decorlux<\/a> <\/strong><\/p>\n<p>Type : chaux grasse avec huiles<\/p>\n<p>Application : finition int\u00e9rieure, support \u00e0 base de chaux<\/p>\n<p>&nbsp;<\/p>\n<p><strong><a href=\"https:\/\/cortexlime.com\/wp-content\/uploads\/2019\/04\/Cortex-Fiche-tech-VENESTUK.pdf\">Venestuk<\/a><\/strong><\/p>\n<p>Type : chaux grasse avec des additifs v\u00e9g\u00e9taux et des carbonates<\/p>\n<p>Application : finition int\u00e9rieure, support \u00e0 base de chaux<\/p>\n<p>&nbsp;<\/p>\n<p><a href=\"https:\/\/cortexlime.com\/wp-content\/uploads\/2019\/04\/Cortex-Fiche-tech-PLASTELUX.pdf\"><strong>Plastelux<\/strong><\/a><\/p>\n<p>Type : cire de qualit\u00e9<\/p>\n<p>Application : couche de protection sur Decorlux et Venestuk<\/p>\n<p>&nbsp;<\/p>\n<p><strong><a href=\"https:\/\/cortexlime.com\/wp-content\/uploads\/2019\/04\/Cortex-Fiche-tech-RASOCAL.pdf\">Rasocal<\/a><\/strong><\/p>\n<p>Type : chaux grasse pure en p\u00e2te<\/p>\n<p>Application : couche de lissage, support min\u00e9ral<\/p>\n<p>&nbsp;<\/p>\n<p><strong><a href=\"https:\/\/cortexlime.com\/wp-content\/uploads\/2019\/04\/Cortex-Fiche-tech-RASADECOR.pdf\">Rasadecor<\/a><\/strong><\/p>\n<p>Type : chaux grasse avec de la poudre de marbre et des additifs appropri\u00e9s<\/p>\n<p>Application : enduit de lissage, support min\u00e9ral<\/p>\n<div class=\"gap\" style=\"line-height: 40px; height: 40px;\"><\/div>\n<p><strong>Les autres fiches de la gamme CORIDECOR sur demande<\/strong><\/p>\n<div class=\"gap\" style=\"line-height: 40px; height: 40px;\"><\/div>[\/vc_column_text][\/vc_column][\/vc_row]<\/p>\n<\/div>","protected":false},"excerpt":{"rendered":"<p>[vc_row][vc_column][vc_column_text] F I C H E S \u00a0 T E C H N I Q U E S CORIDECOR [\/vc_column_text][vc_empty_space][\/vc_column][\/vc_row][vc_row][vc_column][vc_column_text]Corical Type : badigeon \u00e0 la chaux Application : finition int\u00e9rieure et ext\u00e9rieure, supports min\u00e9raux &nbsp; Corifondo (Fondodecor) Type : couche de fond Application : finition int\u00e9rieure, supports divers &nbsp; Corisilk Type : peinture au silicate,&hellip;<\/p>\n","protected":false},"author":6,"featured_media":0,"parent":15783,"menu_order":3,"comment_status":"closed","ping_status":"closed","template":"","meta":{"footnotes":""},"class_list":["post-15789","page","type-page","status-publish","hentry","description-off"],"yoast_head":"<!-- This site is optimized with the Yoast SEO plugin v27.5 - https:\/\/yoast.com\/product\/yoast-seo-wordpress\/ -->\n<title>Coridecor - Cortex<\/title>\n<meta name=\"robots\" content=\"index, follow, max-snippet:-1, max-image-preview:large, max-video-preview:-1\" \/>\n<link rel=\"canonical\" href=\"https:\/\/cortexlime.com\/fr\/fiches-techiques\/coridecor\/\" \/>\n<meta property=\"og:locale\" content=\"fr_FR\" \/>\n<meta property=\"og:type\" content=\"article\" \/>\n<meta property=\"og:title\" content=\"Coridecor - Cortex\" \/>\n<meta property=\"og:description\" content=\"[vc_row][vc_column][vc_column_text] F I C H E S \u00a0 T E C H N I Q U E S CORIDECOR [\/vc_column_text][vc_empty_space][\/vc_column][\/vc_row][vc_row][vc_column][vc_column_text]Corical Type : badigeon \u00e0 la chaux Application : finition int\u00e9rieure et ext\u00e9rieure, supports min\u00e9raux &nbsp; Corifondo (Fondodecor) Type : couche de fond Application : finition int\u00e9rieure, supports divers &nbsp; Corisilk Type : peinture au silicate,&hellip;\" \/>\n<meta property=\"og:url\" content=\"https:\/\/cortexlime.com\/fr\/fiches-techiques\/coridecor\/\" \/>\n<meta property=\"og:site_name\" content=\"Cortex\" \/>\n<meta property=\"article:modified_time\" content=\"2019-04-11T07:55:11+00:00\" \/>\n<meta name=\"twitter:card\" content=\"summary_large_image\" \/>\n<meta name=\"twitter:label1\" content=\"Dur\u00e9e de lecture estim\u00e9e\" \/>\n\t<meta name=\"twitter:data1\" content=\"1 minute\" \/>\n<script type=\"application\/ld+json\" class=\"yoast-schema-graph\">{\"@context\":\"https:\\\/\\\/schema.org\",\"@graph\":[{\"@type\":\"WebPage\",\"@id\":\"https:\\\/\\\/cortexlime.com\\\/fr\\\/fiches-techiques\\\/coridecor\\\/\",\"url\":\"https:\\\/\\\/cortexlime.com\\\/fr\\\/fiches-techiques\\\/coridecor\\\/\",\"name\":\"Coridecor - Cortex\",\"isPartOf\":{\"@id\":\"https:\\\/\\\/cortexlime.com\\\/#website\"},\"datePublished\":\"2016-03-01T14:33:19+00:00\",\"dateModified\":\"2019-04-11T07:55:11+00:00\",\"breadcrumb\":{\"@id\":\"https:\\\/\\\/cortexlime.com\\\/fr\\\/fiches-techiques\\\/coridecor\\\/#breadcrumb\"},\"inLanguage\":\"fr-FR\",\"potentialAction\":[{\"@type\":\"ReadAction\",\"target\":[\"https:\\\/\\\/cortexlime.com\\\/fr\\\/fiches-techiques\\\/coridecor\\\/\"]}]},{\"@type\":\"BreadcrumbList\",\"@id\":\"https:\\\/\\\/cortexlime.com\\\/fr\\\/fiches-techiques\\\/coridecor\\\/#breadcrumb\",\"itemListElement\":[{\"@type\":\"ListItem\",\"position\":1,\"name\":\"Accueil\",\"item\":\"https:\\\/\\\/cortexlime.com\\\/fr\\\/\"},{\"@type\":\"ListItem\",\"position\":2,\"name\":\"fiches techiques\",\"item\":\"https:\\\/\\\/cortexlime.com\\\/fr\\\/fiches-techiques\\\/\"},{\"@type\":\"ListItem\",\"position\":3,\"name\":\"Coridecor\"}]},{\"@type\":\"WebSite\",\"@id\":\"https:\\\/\\\/cortexlime.com\\\/#website\",\"url\":\"https:\\\/\\\/cortexlime.com\\\/\",\"name\":\"Cortex\",\"description\":\"Lime\",\"potentialAction\":[{\"@type\":\"SearchAction\",\"target\":{\"@type\":\"EntryPoint\",\"urlTemplate\":\"https:\\\/\\\/cortexlime.com\\\/?s={search_term_string}\"},\"query-input\":{\"@type\":\"PropertyValueSpecification\",\"valueRequired\":true,\"valueName\":\"search_term_string\"}}],\"inLanguage\":\"fr-FR\"}]}<\/script>\n<!-- \/ Yoast SEO plugin. -->","yoast_head_json":{"title":"Coridecor - Cortex","robots":{"index":"index","follow":"follow","max-snippet":"max-snippet:-1","max-image-preview":"max-image-preview:large","max-video-preview":"max-video-preview:-1"},"canonical":"https:\/\/cortexlime.com\/fr\/fiches-techiques\/coridecor\/","og_locale":"fr_FR","og_type":"article","og_title":"Coridecor - Cortex","og_description":"[vc_row][vc_column][vc_column_text] F I C H E S \u00a0 T E C H N I Q U E S CORIDECOR [\/vc_column_text][vc_empty_space][\/vc_column][\/vc_row][vc_row][vc_column][vc_column_text]Corical Type : badigeon \u00e0 la chaux Application : finition int\u00e9rieure et ext\u00e9rieure, supports min\u00e9raux &nbsp; Corifondo (Fondodecor) Type : couche de fond Application : finition int\u00e9rieure, supports divers &nbsp; Corisilk Type : peinture au silicate,&hellip;","og_url":"https:\/\/cortexlime.com\/fr\/fiches-techiques\/coridecor\/","og_site_name":"Cortex","article_modified_time":"2019-04-11T07:55:11+00:00","twitter_card":"summary_large_image","twitter_misc":{"Dur\u00e9e de lecture estim\u00e9e":"1 minute"},"schema":{"@context":"https:\/\/schema.org","@graph":[{"@type":"WebPage","@id":"https:\/\/cortexlime.com\/fr\/fiches-techiques\/coridecor\/","url":"https:\/\/cortexlime.com\/fr\/fiches-techiques\/coridecor\/","name":"Coridecor - Cortex","isPartOf":{"@id":"https:\/\/cortexlime.com\/#website"},"datePublished":"2016-03-01T14:33:19+00:00","dateModified":"2019-04-11T07:55:11+00:00","breadcrumb":{"@id":"https:\/\/cortexlime.com\/fr\/fiches-techiques\/coridecor\/#breadcrumb"},"inLanguage":"fr-FR","potentialAction":[{"@type":"ReadAction","target":["https:\/\/cortexlime.com\/fr\/fiches-techiques\/coridecor\/"]}]},{"@type":"BreadcrumbList","@id":"https:\/\/cortexlime.com\/fr\/fiches-techiques\/coridecor\/#breadcrumb","itemListElement":[{"@type":"ListItem","position":1,"name":"Accueil","item":"https:\/\/cortexlime.com\/fr\/"},{"@type":"ListItem","position":2,"name":"fiches techiques","item":"https:\/\/cortexlime.com\/fr\/fiches-techiques\/"},{"@type":"ListItem","position":3,"name":"Coridecor"}]},{"@type":"WebSite","@id":"https:\/\/cortexlime.com\/#website","url":"https:\/\/cortexlime.com\/","name":"Cortex","description":"Lime","potentialAction":[{"@type":"SearchAction","target":{"@type":"EntryPoint","urlTemplate":"https:\/\/cortexlime.com\/?s={search_term_string}"},"query-input":{"@type":"PropertyValueSpecification","valueRequired":true,"valueName":"search_term_string"}}],"inLanguage":"fr-FR"}]}},"_links":{"self":[{"href":"https:\/\/cortexlime.com\/fr\/wp-json\/wp\/v2\/pages\/15789","targetHints":{"allow":["GET"]}}],"collection":[{"href":"https:\/\/cortexlime.com\/fr\/wp-json\/wp\/v2\/pages"}],"about":[{"href":"https:\/\/cortexlime.com\/fr\/wp-json\/wp\/v2\/types\/page"}],"author":[{"embeddable":true,"href":"https:\/\/cortexlime.com\/fr\/wp-json\/wp\/v2\/users\/6"}],"replies":[{"embeddable":true,"href":"https:\/\/cortexlime.com\/fr\/wp-json\/wp\/v2\/comments?post=15789"}],"version-history":[{"count":1,"href":"https:\/\/cortexlime.com\/fr\/wp-json\/wp\/v2\/pages\/15789\/revisions"}],"predecessor-version":[{"id":17144,"href":"https:\/\/cortexlime.com\/fr\/wp-json\/wp\/v2\/pages\/15789\/revisions\/17144"}],"up":[{"embeddable":true,"href":"https:\/\/cortexlime.com\/fr\/wp-json\/wp\/v2\/pages\/15783"}],"wp:attachment":[{"href":"https:\/\/cortexlime.com\/fr\/wp-json\/wp\/v2\/media?parent=15789"}],"curies":[{"name":"wp","href":"https:\/\/api.w.org\/{rel}","templated":true}]}}