{"id":15787,"date":"2016-03-01T14:28:43","date_gmt":"2016-03-01T14:28:43","guid":{"rendered":"http:\/\/arteconstructo.com\/fr\/?page_id=15787"},"modified":"2019-04-05T15:37:54","modified_gmt":"2019-04-05T14:37:54","slug":"keim","status":"publish","type":"page","link":"https:\/\/cortexlime.com\/fr\/fiches-techiques\/keim\/","title":{"rendered":"Keim"},"content":{"rendered":"<div class=\"wpb-content-wrapper\"><p>[vc_row][vc_column][vc_column_text]<\/p>\n<h3 style=\"text-align: center\">F I C H E S \u00a0\u00a0T E C H N I Q U E S<\/h3>\n<h3 style=\"text-align: center\">KEIM<\/h3>\n<p>[\/vc_column_text][vc_empty_space][\/vc_column][\/vc_row][vc_row][vc_column][vc_column_text]<strong><a href=\"https:\/\/cortexlime.com\/wp-content\/uploads\/2019\/04\/Cortex-fiche-technique-KEIM-PURKRISTALAT.pdf\">Purkristalaat<\/a><\/strong><\/p>\n<p>Type : peinture au silicate pure en poudre, \u00e0 diluer au Fixativ<\/p>\n<p>Application : restauration de peintures int\u00e9rieur et ext\u00e9rieur, support min\u00e9ral<\/p>\n<p>&nbsp;<\/p>\n<p><strong><a href=\"https:\/\/cortexlime.com\/wp-content\/uploads\/2019\/04\/Cortex-fiche-technique-KEIM-GRANITAL.pdf\">Granital<\/a><\/strong><\/p>\n<p>Type : peinture au silicate, \u00e0 diluer au Special Fixativ<\/p>\n<p>Application : finition ext\u00e9rieure, support min\u00e9ral<\/p>\n<p>&nbsp;<\/p>\n<p><strong><a href=\"https:\/\/cortexlime.com\/wp-content\/uploads\/2019\/04\/Cortex-fiche-technique-KEIM-BIOSIL.pdf\">Biosil<\/a> <\/strong><\/p>\n<p>Type : peinture au silicate, \u00e0 diluer au Special Fixativ<\/p>\n<p>Application : finition int\u00e9rieure, support min\u00e9ral<\/p>\n<p>&nbsp;<\/p>\n<p><strong><a href=\"https:\/\/cortexlime.com\/wp-content\/uploads\/2019\/04\/Cortex-fiche-technique-KEIM-CONCRETON-W.pdf\">Concreton W<\/a><\/strong><\/p>\n<p>Type : peinture \u00e0 base d\u2019un double liant sol-silicate, \u00e0 diluer au Fixativ Concreton<\/p>\n<p>Application : couche de protection hydrophobe pour b\u00e9ton<\/p>\n<p>&nbsp;<\/p>\n<p><a href=\"https:\/\/cortexlime.com\/wp-content\/uploads\/2019\/04\/Cortex-fiche-technique-KEIM-SOLDALAN-ME.pdf\"><strong>Soldalan ME<\/strong><\/a><\/p>\n<p>Type : peinture \u00e0 base d\u2019un double liant Silicate de Potassium \/ sol de silice, \u00e0 diluer au Fixativ Soldalan<\/p>\n<p>Application : finition ext\u00e9rieure, support min\u00e9ral ou couvert d\u2019une peinture organique<\/p>\n<p>&nbsp;<\/p>\n<p><strong><a href=\"https:\/\/cortexlime.com\/wp-content\/uploads\/2019\/04\/Cortex-fiche-technique-KEIM-CONTACT-PLUS.pdf\">Contact Plus<\/a><\/strong><\/p>\n<p>Type : couche de fond au silicate avec des charges min\u00e9rales et fibres<\/p>\n<p>Application : pr\u00e9paration de support int\u00e9rieur, supports divers<\/p>\n<div class=\"gap\" style=\"line-height: 32px; height: 32px;\"><\/div>\n<div class=\"hr-thick\"><\/div>\n<div class=\"gap\" style=\"line-height: 20px; height: 20px;\"><\/div>\n<h4><strong>Les autres fiches de la gamme KEIM sur demande<\/strong><\/h4>\n<h4><span style=\"font-weight: normal\"><div class=\"gap\" style=\"line-height: 20px; height: 20px;\"><\/div><\/span><\/h4>\n<div class=\"hr-thick\"><\/div>\n<p>[\/vc_column_text][\/vc_column][\/vc_row]<\/p>\n<\/div>","protected":false},"excerpt":{"rendered":"<p>[vc_row][vc_column][vc_column_text] F I C H E S \u00a0\u00a0T E C H N I Q U E S KEIM [\/vc_column_text][vc_empty_space][\/vc_column][\/vc_row][vc_row][vc_column][vc_column_text]Purkristalaat Type : peinture au silicate pure en poudre, \u00e0 diluer au Fixativ Application : restauration de peintures int\u00e9rieur et ext\u00e9rieur, support min\u00e9ral &nbsp; Granital Type : peinture au silicate, \u00e0 diluer au Special Fixativ Application :&hellip;<\/p>\n","protected":false},"author":6,"featured_media":0,"parent":15783,"menu_order":2,"comment_status":"closed","ping_status":"closed","template":"","meta":{"footnotes":""},"class_list":["post-15787","page","type-page","status-publish","hentry","description-off"],"yoast_head":"<!-- This site is optimized with the Yoast SEO plugin v27.4 - https:\/\/yoast.com\/product\/yoast-seo-wordpress\/ -->\n<title>Keim - Cortex<\/title>\n<meta name=\"robots\" content=\"index, follow, max-snippet:-1, max-image-preview:large, max-video-preview:-1\" \/>\n<link rel=\"canonical\" href=\"https:\/\/arteconstructo.com\/fr\/fiches-techiques\/keim\/\" \/>\n<meta property=\"og:locale\" content=\"fr_FR\" \/>\n<meta property=\"og:type\" content=\"article\" \/>\n<meta property=\"og:title\" content=\"Keim - Cortex\" \/>\n<meta property=\"og:description\" content=\"[vc_row][vc_column][vc_column_text] F I C H E S \u00a0\u00a0T E C H N I Q U E S KEIM [\/vc_column_text][vc_empty_space][\/vc_column][\/vc_row][vc_row][vc_column][vc_column_text]Purkristalaat Type : peinture au silicate pure en poudre, \u00e0 diluer au Fixativ Application : restauration de peintures int\u00e9rieur et ext\u00e9rieur, support min\u00e9ral &nbsp; Granital Type : peinture au silicate, \u00e0 diluer au Special Fixativ Application :&hellip;\" \/>\n<meta property=\"og:url\" content=\"https:\/\/arteconstructo.com\/fr\/fiches-techiques\/keim\/\" \/>\n<meta property=\"og:site_name\" content=\"Cortex\" \/>\n<meta property=\"article:modified_time\" content=\"2019-04-05T14:37:54+00:00\" \/>\n<meta name=\"twitter:card\" content=\"summary_large_image\" \/>\n<meta name=\"twitter:label1\" content=\"Dur\u00e9e de lecture estim\u00e9e\" \/>\n\t<meta name=\"twitter:data1\" content=\"1 minute\" \/>\n<script type=\"application\/ld+json\" class=\"yoast-schema-graph\">{\"@context\":\"https:\\\/\\\/schema.org\",\"@graph\":[{\"@type\":\"WebPage\",\"@id\":\"https:\\\/\\\/cortexlime.com\\\/fr\\\/fiches-techiques\\\/keim\\\/\",\"url\":\"https:\\\/\\\/arteconstructo.com\\\/fr\\\/fiches-techiques\\\/keim\\\/\",\"name\":\"Keim - Cortex\",\"isPartOf\":{\"@id\":\"https:\\\/\\\/cortexlime.com\\\/#website\"},\"datePublished\":\"2016-03-01T14:28:43+00:00\",\"dateModified\":\"2019-04-05T14:37:54+00:00\",\"breadcrumb\":{\"@id\":\"https:\\\/\\\/arteconstructo.com\\\/fr\\\/fiches-techiques\\\/keim\\\/#breadcrumb\"},\"inLanguage\":\"fr-FR\",\"potentialAction\":[{\"@type\":\"ReadAction\",\"target\":[\"https:\\\/\\\/arteconstructo.com\\\/fr\\\/fiches-techiques\\\/keim\\\/\"]}]},{\"@type\":\"BreadcrumbList\",\"@id\":\"https:\\\/\\\/arteconstructo.com\\\/fr\\\/fiches-techiques\\\/keim\\\/#breadcrumb\",\"itemListElement\":[{\"@type\":\"ListItem\",\"position\":1,\"name\":\"Accueil\",\"item\":\"https:\\\/\\\/cortexlime.com\\\/fr\\\/\"},{\"@type\":\"ListItem\",\"position\":2,\"name\":\"fiches techiques\",\"item\":\"https:\\\/\\\/cortexlime.com\\\/fr\\\/fiches-techiques\\\/\"},{\"@type\":\"ListItem\",\"position\":3,\"name\":\"Keim\"}]},{\"@type\":\"WebSite\",\"@id\":\"https:\\\/\\\/cortexlime.com\\\/#website\",\"url\":\"https:\\\/\\\/cortexlime.com\\\/\",\"name\":\"Cortex\",\"description\":\"Lime\",\"potentialAction\":[{\"@type\":\"SearchAction\",\"target\":{\"@type\":\"EntryPoint\",\"urlTemplate\":\"https:\\\/\\\/cortexlime.com\\\/?s={search_term_string}\"},\"query-input\":{\"@type\":\"PropertyValueSpecification\",\"valueRequired\":true,\"valueName\":\"search_term_string\"}}],\"inLanguage\":\"fr-FR\"}]}<\/script>\n<!-- \/ Yoast SEO plugin. -->","yoast_head_json":{"title":"Keim - Cortex","robots":{"index":"index","follow":"follow","max-snippet":"max-snippet:-1","max-image-preview":"max-image-preview:large","max-video-preview":"max-video-preview:-1"},"canonical":"https:\/\/arteconstructo.com\/fr\/fiches-techiques\/keim\/","og_locale":"fr_FR","og_type":"article","og_title":"Keim - Cortex","og_description":"[vc_row][vc_column][vc_column_text] F I C H E S \u00a0\u00a0T E C H N I Q U E S KEIM [\/vc_column_text][vc_empty_space][\/vc_column][\/vc_row][vc_row][vc_column][vc_column_text]Purkristalaat Type : peinture au silicate pure en poudre, \u00e0 diluer au Fixativ Application : restauration de peintures int\u00e9rieur et ext\u00e9rieur, support min\u00e9ral &nbsp; Granital Type : peinture au silicate, \u00e0 diluer au Special Fixativ Application :&hellip;","og_url":"https:\/\/arteconstructo.com\/fr\/fiches-techiques\/keim\/","og_site_name":"Cortex","article_modified_time":"2019-04-05T14:37:54+00:00","twitter_card":"summary_large_image","twitter_misc":{"Dur\u00e9e de lecture estim\u00e9e":"1 minute"},"schema":{"@context":"https:\/\/schema.org","@graph":[{"@type":"WebPage","@id":"https:\/\/cortexlime.com\/fr\/fiches-techiques\/keim\/","url":"https:\/\/arteconstructo.com\/fr\/fiches-techiques\/keim\/","name":"Keim - Cortex","isPartOf":{"@id":"https:\/\/cortexlime.com\/#website"},"datePublished":"2016-03-01T14:28:43+00:00","dateModified":"2019-04-05T14:37:54+00:00","breadcrumb":{"@id":"https:\/\/arteconstructo.com\/fr\/fiches-techiques\/keim\/#breadcrumb"},"inLanguage":"fr-FR","potentialAction":[{"@type":"ReadAction","target":["https:\/\/arteconstructo.com\/fr\/fiches-techiques\/keim\/"]}]},{"@type":"BreadcrumbList","@id":"https:\/\/arteconstructo.com\/fr\/fiches-techiques\/keim\/#breadcrumb","itemListElement":[{"@type":"ListItem","position":1,"name":"Accueil","item":"https:\/\/cortexlime.com\/fr\/"},{"@type":"ListItem","position":2,"name":"fiches techiques","item":"https:\/\/cortexlime.com\/fr\/fiches-techiques\/"},{"@type":"ListItem","position":3,"name":"Keim"}]},{"@type":"WebSite","@id":"https:\/\/cortexlime.com\/#website","url":"https:\/\/cortexlime.com\/","name":"Cortex","description":"Lime","potentialAction":[{"@type":"SearchAction","target":{"@type":"EntryPoint","urlTemplate":"https:\/\/cortexlime.com\/?s={search_term_string}"},"query-input":{"@type":"PropertyValueSpecification","valueRequired":true,"valueName":"search_term_string"}}],"inLanguage":"fr-FR"}]}},"_links":{"self":[{"href":"https:\/\/cortexlime.com\/fr\/wp-json\/wp\/v2\/pages\/15787","targetHints":{"allow":["GET"]}}],"collection":[{"href":"https:\/\/cortexlime.com\/fr\/wp-json\/wp\/v2\/pages"}],"about":[{"href":"https:\/\/cortexlime.com\/fr\/wp-json\/wp\/v2\/types\/page"}],"author":[{"embeddable":true,"href":"https:\/\/cortexlime.com\/fr\/wp-json\/wp\/v2\/users\/6"}],"replies":[{"embeddable":true,"href":"https:\/\/cortexlime.com\/fr\/wp-json\/wp\/v2\/comments?post=15787"}],"version-history":[{"count":2,"href":"https:\/\/cortexlime.com\/fr\/wp-json\/wp\/v2\/pages\/15787\/revisions"}],"predecessor-version":[{"id":17113,"href":"https:\/\/cortexlime.com\/fr\/wp-json\/wp\/v2\/pages\/15787\/revisions\/17113"}],"up":[{"embeddable":true,"href":"https:\/\/cortexlime.com\/fr\/wp-json\/wp\/v2\/pages\/15783"}],"wp:attachment":[{"href":"https:\/\/cortexlime.com\/fr\/wp-json\/wp\/v2\/media?parent=15787"}],"curies":[{"name":"wp","href":"https:\/\/api.w.org\/{rel}","templated":true}]}}