{"id":15785,"date":"2016-03-01T14:25:52","date_gmt":"2016-03-01T14:25:52","guid":{"rendered":"http:\/\/arteconstructo.com\/fr\/?page_id=15785"},"modified":"2019-04-05T15:26:14","modified_gmt":"2019-04-05T14:26:14","slug":"unilit","status":"publish","type":"page","link":"https:\/\/cortexlime.com\/fr\/fiches-techiques\/unilit\/","title":{"rendered":"Unilit"},"content":{"rendered":"<div class=\"wpb-content-wrapper\"><p>[vc_row][vc_column][vc_column_text]<\/p>\n<h3 style=\"text-align: center\">F I C H E S \u00a0T E C H N I Q U E S<\/h3>\n<h3 style=\"text-align: center\">UNILIT<\/h3>\n<p>[\/vc_column_text][vc_empty_space][\/vc_column][\/vc_row][vc_row][vc_column][vc_column_text]<strong><a href=\"https:\/\/cortexlime.com\/wp-content\/uploads\/2019\/04\/Cortex-UNILIT-FenXA-fiche-tech.pdf\">Unilit Fen XA (NHL 5)<\/a><\/strong><\/p>\n<p>Type : liant<\/p>\n<p>Application : la plupart des applications<\/p>\n<p>&nbsp;<\/p>\n<p><strong><a href=\"https:\/\/cortexlime.com\/wp-content\/uploads\/2019\/04\/Cortex-UNILIT-BFluid-XA-fiche-tech.pdf\">Unilit B-Fluid XA<\/a><\/strong><\/p>\n<p>Type : liant<\/p>\n<p>Application : toutes les applications<\/p>\n<p>&nbsp;<\/p>\n<p><strong><a href=\"https:\/\/cortexlime.com\/wp-content\/uploads\/2019\/04\/Cortex-UNILIT-10-fiche-tech.pdf\">Unilit 10 (TD 13 PA)<\/a><\/strong><\/p>\n<p>Type : couche d\u2019adh\u00e9rence<\/p>\n<p>Application : support douteux, couche primaire \u00e0 haute r\u00e9sistance<\/p>\n<p>&nbsp;<\/p>\n<p><strong><a href=\"https:\/\/cortexlime.com\/wp-content\/uploads\/2019\/04\/Cortex-UNILIT-15-fiche-tech.pdf\" target=\"_blank\" rel=\"noopener noreferrer\">Unilit 15P\/0-1-2 (TD 13 P0-1-2)<\/a><\/strong><\/p>\n<p>Type : couche d\u2019adh\u00e9rence<\/p>\n<p>Application : support douteux, fine couche d\u2019\u00e9galisation, chaulage, pose et jointoiement de carrelages, isolant naturel (syst\u00e8me Limetics)<\/p>\n<p>&nbsp;<\/p>\n<p><strong><a href=\"https:\/\/cortexlime.com\/wp-content\/uploads\/2019\/04\/Cortex-UNILIT-15-P2-H-fiche-tech.pdf\">Unilit 15P2\/H (TD 13 P2 IDRO)<\/a><\/strong><\/p>\n<p>Type : couche d\u2019adh\u00e9rence hydrophobe<\/p>\n<p>Application : isolant naturel (syst\u00e8me Limetics)<\/p>\n<p>&nbsp;<\/p>\n<p><strong><a href=\"https:\/\/cortexlime.com\/wp-content\/uploads\/2019\/04\/Cortex-UNILIT-20-fiche-tech.pdf\">Unilit 20 (Volcalite)<\/a><\/strong><\/p>\n<p>Type : mortier isolant<\/p>\n<p>Application : isolation thermique et acoustique, isolation contre la suie<\/p>\n<p>&nbsp;<\/p>\n<p><strong><a href=\"https:\/\/cortexlime.com\/wp-content\/uploads\/2019\/04\/Cortex-UNILIT-25-fiche-tech.pdf\">Unilit 25 (TD 13 P)<\/a><\/strong><\/p>\n<p>Type : corps d\u2019enduit all\u00e9g\u00e9<\/p>\n<p>Application : ma\u00e7onnerie poreuse, treillis c\u00e9ramique<\/p>\n<p>&nbsp;<\/p>\n<p><strong><a href=\"https:\/\/cortexlime.com\/wp-content\/uploads\/2019\/04\/Cortex-UNILIT-30-fiche-tech.pdf\">Unilit 30 (TD 13 S)<\/a><\/strong><\/p>\n<p>Type : mortier d\u2019assainissement<\/p>\n<p>Application : zones humides et salines, tadelakt<\/p>\n<p>&nbsp;<\/p>\n<p><strong><a href=\"https:\/\/cortexlime.com\/wp-content\/uploads\/2019\/04\/Cortex-UNILIT-35N-M-fiche-tech.pdf\">Unilit 35 N-M (TD 13 N-M)<\/a><\/strong><\/p>\n<p>Type : corps d\u2019enduit, ma\u00e7onnerie<\/p>\n<p>Application : ma\u00e7onneries et enduits traditionnels, joints<\/p>\n<p>&nbsp;<\/p>\n<p><strong><a href=\"https:\/\/cortexlime.com\/wp-content\/uploads\/2019\/04\/Cortex-UNILIT-35F-fiche-tech.pdf\">Unilit 35 F (TD 13 BRIK)<\/a><\/strong><\/p>\n<p>Type : mortier de joint fin<\/p>\n<p>Application : joints fins (&lt; 6mm), joints \u00e0 \u2018b\u00e2ton\u2019, \u2018coup\u00e9s\u2019,\u2026<\/p>\n<p>&nbsp;<\/p>\n<p><a href=\"https:\/\/cortexlime.com\/wp-content\/uploads\/2019\/04\/Cortex-UNILIT-40-fiche-tech.pdf\"><strong>Unilit 40 (TD 13 FS)<\/strong><\/a><\/p>\n<p>Type : enduit de finition<\/p>\n<p>Application : enduit ext\u00e9rieur<\/p>\n<p>&nbsp;<\/p>\n<p><a href=\"https:\/\/cortexlime.com\/wp-content\/uploads\/2019\/04\/Cortex-UNILIT-45-fiche-tech.pdf\"><strong>Unilit 45 (TD 13 FN)<\/strong><\/a><\/p>\n<p>Type : enduit de finition<\/p>\n<p>Application : enduit int\u00e9rieur<\/p>\n<p>&nbsp;<\/p>\n<p><a href=\"https:\/\/cortexlime.com\/wp-content\/uploads\/2019\/04\/Cortex-UNILIT-65-fiche-tech.pdf\" target=\"_blank\" rel=\"noopener noreferrer\"><strong>Unilit 65 N-M-F (TD 13 SISKAL N-M-F)<\/strong><\/a><\/p>\n<p>Type : corps d\u2019enduit et de finition<\/p>\n<p>Application : enduit, r\u00e9paration de pierre naturelle, remplissage de lacunes, moulures\/formes<\/p>\n<p>&nbsp;<\/p>\n<p><a href=\"https:\/\/cortexlime.com\/wp-content\/uploads\/2016\/12\/ARCO-UNILIT-65-M-H-fiche-tech.pdf\"><strong>Unilit 65 M\/H (TD 13 SISKAL M IDRO)<\/strong><\/a><\/p>\n<p>Type : corps d\u2019enduit hydrophobe<\/p>\n<p>Application : isolant naturel (Limetics)<\/p>\n<p>&nbsp;<\/p>\n<p><a href=\"https:\/\/cortexlime.com\/wp-content\/uploads\/2019\/04\/Cortex-UNILIT-1320-fiche-tech.pdf\"><strong>Unilit 1320 (TD 13\/20)<\/strong><\/a><\/p>\n<p>Type : mortier all\u00e9g\u00e9 de ma\u00e7onnerie<\/p>\n<p>Application : ma\u00e7onnerie poreuse<\/p>\n<p>&nbsp;<\/p>\n<p><a href=\"https:\/\/cortexlime.com\/wp-content\/uploads\/2019\/04\/Cortex-UNILIT-BFluid-0-1-2-4-fiche-tech.pdf\"><strong>Unilit B-Fluid 0-1-2-3-4 (B FlUID 0-1-2-3-4)<\/strong><\/a><\/p>\n<p>Type : mortiers d\u2019injection<\/p>\n<p>Application : vieille ma\u00e7onnerie<\/p>\n<p>&nbsp;<\/p>\n<p><a href=\"https:\/\/cortexlime.com\/wp-content\/uploads\/2019\/04\/Cortex-UNILIT-BFluid-XB-fiche-tech.pdf\"><strong>Unilit B-Fluid XB (B FLUID XB)<\/strong><\/a><\/p>\n<p>Type : coulis d\u2019injection<\/p>\n<p>Application : moulures et fresques, collage pierre naturelle<\/p>\n<p>&nbsp;<\/p>\n<p><strong><a href=\"https:\/\/cortexlime.com\/wp-content\/uploads\/2019\/04\/Cortex-UNILIT-C-fiche-tech.pdf\">Unilit C (TD 13 C)<\/a> <\/strong><\/p>\n<p>Type : mortier de base \u00e0 haute r\u00e9sistance<\/p>\n<p>Application : stabilisation vieille ma\u00e7onnerie, restauration de vo\u00fbtes, soutien de poutres en bois, fixation des armatures de renforcement, r\u00e9alisation de dalles porteuses<\/p>\n<p>&nbsp;<\/p>\n<p><a href=\"https:\/\/cortexlime.com\/wp-content\/uploads\/2019\/04\/Cortex-UNILIT-PEDES-N-M-F-fiche-tech.pdf\"><strong>Unilit Pedes N-M-F (PEDES G-\/-F)<\/strong><\/a><\/p>\n<p>Type : mortier pour applications horizontales<\/p>\n<p>Application : protection des zones d\u00e9licates, remplissage de joints, finition de sol \u00e0 la chaux, tuiles fa\u00eeti\u00e8res.[\/vc_column_text][vc_column_text]<\/p>\n<div class=\"hr-thick\"><\/div>\n<div class=\"gap\" style=\"line-height: 20px; height: 20px;\"><\/div>\n<p><strong>Les autres fiches de la gamme UNILIT sur demande<\/strong><\/p>\n<p class=\"p1\"><div class=\"gap\" style=\"line-height: 20px; height: 20px;\"><\/div>\n<p class=\"p1\">\n<div class=\"hr-thick\"><\/div>\n<p>[\/vc_column_text][\/vc_column][\/vc_row]<\/p>\n<\/div>","protected":false},"excerpt":{"rendered":"<p>[vc_row][vc_column][vc_column_text] F I C H E S \u00a0T E C H N I Q U E S UNILIT [\/vc_column_text][vc_empty_space][\/vc_column][\/vc_row][vc_row][vc_column][vc_column_text]Unilit Fen XA (NHL 5) Type : liant Application : la plupart des applications &nbsp; Unilit B-Fluid XA Type : liant Application : toutes les applications &nbsp; Unilit 10 (TD 13 PA) Type : couche d\u2019adh\u00e9rence Application&hellip;<\/p>\n","protected":false},"author":6,"featured_media":0,"parent":15783,"menu_order":1,"comment_status":"closed","ping_status":"closed","template":"","meta":{"footnotes":""},"class_list":["post-15785","page","type-page","status-publish","hentry","description-off"],"yoast_head":"<!-- This site is optimized with the Yoast SEO plugin v27.5 - https:\/\/yoast.com\/product\/yoast-seo-wordpress\/ -->\n<title>Unilit - Cortex<\/title>\n<meta name=\"robots\" content=\"index, follow, max-snippet:-1, max-image-preview:large, max-video-preview:-1\" \/>\n<link rel=\"canonical\" href=\"https:\/\/arteconstructo.com\/fr\/fiches-techiques\/unilit\/\" \/>\n<meta property=\"og:locale\" content=\"fr_FR\" \/>\n<meta property=\"og:type\" content=\"article\" \/>\n<meta property=\"og:title\" content=\"Unilit - Cortex\" \/>\n<meta property=\"og:description\" content=\"[vc_row][vc_column][vc_column_text] F I C H E S \u00a0T E C H N I Q U E S UNILIT [\/vc_column_text][vc_empty_space][\/vc_column][\/vc_row][vc_row][vc_column][vc_column_text]Unilit Fen XA (NHL 5) Type : liant Application : la plupart des applications &nbsp; Unilit B-Fluid XA Type : liant Application : toutes les applications &nbsp; Unilit 10 (TD 13 PA) Type : couche d\u2019adh\u00e9rence Application&hellip;\" \/>\n<meta property=\"og:url\" content=\"https:\/\/arteconstructo.com\/fr\/fiches-techiques\/unilit\/\" \/>\n<meta property=\"og:site_name\" content=\"Cortex\" \/>\n<meta property=\"article:modified_time\" content=\"2019-04-05T14:26:14+00:00\" \/>\n<meta name=\"twitter:card\" content=\"summary_large_image\" \/>\n<meta name=\"twitter:label1\" content=\"Dur\u00e9e de lecture estim\u00e9e\" \/>\n\t<meta name=\"twitter:data1\" content=\"2 minutes\" \/>\n<script type=\"application\/ld+json\" class=\"yoast-schema-graph\">{\"@context\":\"https:\\\/\\\/schema.org\",\"@graph\":[{\"@type\":\"WebPage\",\"@id\":\"https:\\\/\\\/cortexlime.com\\\/fr\\\/fiches-techiques\\\/unilit\\\/\",\"url\":\"https:\\\/\\\/arteconstructo.com\\\/fr\\\/fiches-techiques\\\/unilit\\\/\",\"name\":\"Unilit - Cortex\",\"isPartOf\":{\"@id\":\"https:\\\/\\\/cortexlime.com\\\/#website\"},\"datePublished\":\"2016-03-01T14:25:52+00:00\",\"dateModified\":\"2019-04-05T14:26:14+00:00\",\"breadcrumb\":{\"@id\":\"https:\\\/\\\/arteconstructo.com\\\/fr\\\/fiches-techiques\\\/unilit\\\/#breadcrumb\"},\"inLanguage\":\"fr-FR\",\"potentialAction\":[{\"@type\":\"ReadAction\",\"target\":[\"https:\\\/\\\/arteconstructo.com\\\/fr\\\/fiches-techiques\\\/unilit\\\/\"]}]},{\"@type\":\"BreadcrumbList\",\"@id\":\"https:\\\/\\\/arteconstructo.com\\\/fr\\\/fiches-techiques\\\/unilit\\\/#breadcrumb\",\"itemListElement\":[{\"@type\":\"ListItem\",\"position\":1,\"name\":\"Accueil\",\"item\":\"https:\\\/\\\/cortexlime.com\\\/fr\\\/\"},{\"@type\":\"ListItem\",\"position\":2,\"name\":\"fiches techiques\",\"item\":\"https:\\\/\\\/cortexlime.com\\\/fr\\\/fiches-techiques\\\/\"},{\"@type\":\"ListItem\",\"position\":3,\"name\":\"Unilit\"}]},{\"@type\":\"WebSite\",\"@id\":\"https:\\\/\\\/cortexlime.com\\\/#website\",\"url\":\"https:\\\/\\\/cortexlime.com\\\/\",\"name\":\"Cortex\",\"description\":\"Lime\",\"potentialAction\":[{\"@type\":\"SearchAction\",\"target\":{\"@type\":\"EntryPoint\",\"urlTemplate\":\"https:\\\/\\\/cortexlime.com\\\/?s={search_term_string}\"},\"query-input\":{\"@type\":\"PropertyValueSpecification\",\"valueRequired\":true,\"valueName\":\"search_term_string\"}}],\"inLanguage\":\"fr-FR\"}]}<\/script>\n<!-- \/ Yoast SEO plugin. -->","yoast_head_json":{"title":"Unilit - Cortex","robots":{"index":"index","follow":"follow","max-snippet":"max-snippet:-1","max-image-preview":"max-image-preview:large","max-video-preview":"max-video-preview:-1"},"canonical":"https:\/\/arteconstructo.com\/fr\/fiches-techiques\/unilit\/","og_locale":"fr_FR","og_type":"article","og_title":"Unilit - Cortex","og_description":"[vc_row][vc_column][vc_column_text] F I C H E S \u00a0T E C H N I Q U E S UNILIT [\/vc_column_text][vc_empty_space][\/vc_column][\/vc_row][vc_row][vc_column][vc_column_text]Unilit Fen XA (NHL 5) Type : liant Application : la plupart des applications &nbsp; Unilit B-Fluid XA Type : liant Application : toutes les applications &nbsp; Unilit 10 (TD 13 PA) Type : couche d\u2019adh\u00e9rence Application&hellip;","og_url":"https:\/\/arteconstructo.com\/fr\/fiches-techiques\/unilit\/","og_site_name":"Cortex","article_modified_time":"2019-04-05T14:26:14+00:00","twitter_card":"summary_large_image","twitter_misc":{"Dur\u00e9e de lecture estim\u00e9e":"2 minutes"},"schema":{"@context":"https:\/\/schema.org","@graph":[{"@type":"WebPage","@id":"https:\/\/cortexlime.com\/fr\/fiches-techiques\/unilit\/","url":"https:\/\/arteconstructo.com\/fr\/fiches-techiques\/unilit\/","name":"Unilit - Cortex","isPartOf":{"@id":"https:\/\/cortexlime.com\/#website"},"datePublished":"2016-03-01T14:25:52+00:00","dateModified":"2019-04-05T14:26:14+00:00","breadcrumb":{"@id":"https:\/\/arteconstructo.com\/fr\/fiches-techiques\/unilit\/#breadcrumb"},"inLanguage":"fr-FR","potentialAction":[{"@type":"ReadAction","target":["https:\/\/arteconstructo.com\/fr\/fiches-techiques\/unilit\/"]}]},{"@type":"BreadcrumbList","@id":"https:\/\/arteconstructo.com\/fr\/fiches-techiques\/unilit\/#breadcrumb","itemListElement":[{"@type":"ListItem","position":1,"name":"Accueil","item":"https:\/\/cortexlime.com\/fr\/"},{"@type":"ListItem","position":2,"name":"fiches techiques","item":"https:\/\/cortexlime.com\/fr\/fiches-techiques\/"},{"@type":"ListItem","position":3,"name":"Unilit"}]},{"@type":"WebSite","@id":"https:\/\/cortexlime.com\/#website","url":"https:\/\/cortexlime.com\/","name":"Cortex","description":"Lime","potentialAction":[{"@type":"SearchAction","target":{"@type":"EntryPoint","urlTemplate":"https:\/\/cortexlime.com\/?s={search_term_string}"},"query-input":{"@type":"PropertyValueSpecification","valueRequired":true,"valueName":"search_term_string"}}],"inLanguage":"fr-FR"}]}},"_links":{"self":[{"href":"https:\/\/cortexlime.com\/fr\/wp-json\/wp\/v2\/pages\/15785","targetHints":{"allow":["GET"]}}],"collection":[{"href":"https:\/\/cortexlime.com\/fr\/wp-json\/wp\/v2\/pages"}],"about":[{"href":"https:\/\/cortexlime.com\/fr\/wp-json\/wp\/v2\/types\/page"}],"author":[{"embeddable":true,"href":"https:\/\/cortexlime.com\/fr\/wp-json\/wp\/v2\/users\/6"}],"replies":[{"embeddable":true,"href":"https:\/\/cortexlime.com\/fr\/wp-json\/wp\/v2\/comments?post=15785"}],"version-history":[{"count":1,"href":"https:\/\/cortexlime.com\/fr\/wp-json\/wp\/v2\/pages\/15785\/revisions"}],"predecessor-version":[{"id":17111,"href":"https:\/\/cortexlime.com\/fr\/wp-json\/wp\/v2\/pages\/15785\/revisions\/17111"}],"up":[{"embeddable":true,"href":"https:\/\/cortexlime.com\/fr\/wp-json\/wp\/v2\/pages\/15783"}],"wp:attachment":[{"href":"https:\/\/cortexlime.com\/fr\/wp-json\/wp\/v2\/media?parent=15785"}],"curies":[{"name":"wp","href":"https:\/\/api.w.org\/{rel}","templated":true}]}}