{"id":15783,"date":"2016-03-01T14:21:49","date_gmt":"2016-03-01T14:21:49","guid":{"rendered":"http:\/\/arteconstructo.com\/fr\/?page_id=15783"},"modified":"2019-04-11T09:20:18","modified_gmt":"2019-04-11T08:20:18","slug":"fiches-techiques","status":"publish","type":"page","link":"https:\/\/cortexlime.com\/fr\/fiches-techiques\/","title":{"rendered":"fiches techiques"},"content":{"rendered":"<div class=\"wpb-content-wrapper\"><p>[vc_row full_width=\u00a0\u00bbtrue\u00a0\u00bb margin_top=\u00a0\u00bb-50px\u00a0\u00bb][vc_column][vc_single_image image=\u00a0\u00bb15610&Prime; img_size=\u00a0\u00bbfull\u00a0\u00bb alignment=\u00a0\u00bbcenter\u00a0\u00bb image_hovers=\u00a0\u00bbfalse\u00a0\u00bb][\/vc_column][\/vc_row][vc_row][vc_column][vc_empty_space height=\u00a0\u00bb30px\u00a0\u00bb][vc_row_inner][vc_column_inner width=\u00a0\u00bb1\/3&Prime;][\/vc_column_inner][vc_column_inner width=\u00a0\u00bb1\/3&Prime;][vc_single_image image=\u00a0\u00bb187&Prime; img_size=\u00a0\u00bbfull\u00a0\u00bb alignment=\u00a0\u00bbcenter\u00a0\u00bb image_hovers=\u00a0\u00bbfalse\u00a0\u00bb][\/vc_column_inner][vc_column_inner width=\u00a0\u00bb1\/3&Prime;][\/vc_column_inner][\/vc_row_inner][vc_row_inner][vc_column_inner][vc_column_text]<\/p>\n<p style=\"text-align: center\">Sur cette page vous trouverez une <strong>s\u00e9lection<\/strong> des produits qui sont distribu\u00e9s par Arte Constructo.<\/p>\n<p style=\"text-align: center\"><strong>UNILIT<br \/>\n<\/strong>le liant (la chaux hydraulique naturelle) et les mortiers pr\u00eats-\u00e0-l\u2019emploi<\/p>\n<p style=\"text-align: center\"><strong>CORIDECOR<br \/>\n<\/strong>finitions \u00e0 base de chaux a\u00e9rienne et peinture au silicate<\/p>\n<p style=\"text-align: center\"><strong>KEIM<br \/>\n<\/strong>peintures au silicate<\/p>\n<p style=\"text-align: center\"><strong>UULA<br \/>\n<\/strong>peintures \u00e0 base d\u2019huile de lin<\/p>\n<p style=\"text-align: center\">Vu la sp\u00e9cificit\u00e9 de chaque produit il est fortement conseill\u00e9<br \/>\nde consulter le service technique (<a href=\"mailto:info@cortexlime.com\">info@cortexlime.com<\/a>) avant toute commande.<\/p>\n<p>[\/vc_column_text][\/vc_column_inner][\/vc_row_inner][vc_empty_space][\/vc_column][\/vc_row][vc_row type=\u00a0\u00bb1&Prime; margin_top=\u00a0\u00bb-50&Prime; bg_image=\u00a0\u00bbhttps:\/\/cortexlime.com\/wp-content\/uploads\/2015\/11\/achtergrond-medusa.jpg\u00a0\u00bb][vc_column][vc_empty_space height=\u00a0\u00bb60px\u00a0\u00bb][vc_empty_space][vc_row_inner][vc_column_inner width=\u00a0\u00bb1\/4&Prime;][vc_column_text]<\/p>\n<h4 style=\"text-align: center\"><span style=\"text-decoration: underline\"><strong><a href=\"https:\/\/cortexlime.com\/fr\/fiches-techniques\/unilit\/\">FICHES UNILIT<\/a><\/strong><\/span><\/h4>\n<p>[\/vc_column_text][vc_empty_space][vc_single_image image=\u00a0\u00bb15552&Prime; img_size=\u00a0\u00bb260&#215;140&Prime; alignment=\u00a0\u00bbcenter\u00a0\u00bb onclick=\u00a0\u00bbcustom_link\u00a0\u00bb link=\u00a0\u00bbhttps:\/\/cortexlime.com\/fr\/fiches-techniques\/unilit\/\u00a0\u00bb][\/vc_column_inner][vc_column_inner width=\u00a0\u00bb1\/4&Prime;][vc_column_text]<\/p>\n<h4 style=\"text-align: center\"><span style=\"text-decoration: underline\"><strong><a href=\"https:\/\/cortexlime.com\/fr\/fiches-techniques\/keim\/\">FICHES KEIM<\/a><\/strong><\/span><\/h4>\n<p>[\/vc_column_text][vc_empty_space][vc_single_image image=\u00a0\u00bb15550&Prime; img_size=\u00a0\u00bb260&#215;140&Prime; alignment=\u00a0\u00bbcenter\u00a0\u00bb onclick=\u00a0\u00bbcustom_link\u00a0\u00bb link=\u00a0\u00bbhttps:\/\/cortexlime.com\/fr\/fiches-techniques\/keim\/\u00a0\u00bb][\/vc_column_inner][vc_column_inner width=\u00a0\u00bb1\/4&Prime;][vc_column_text]<\/p>\n<h4 style=\"text-align: center\"><span style=\"text-decoration: underline\"><strong><a href=\"https:\/\/cortexlime.com\/fr\/fiches-techniques\/coridecor\/\">FICHES CORIDECOR<\/a><\/strong><\/span><\/h4>\n<p>[\/vc_column_text][vc_empty_space][vc_single_image image=\u00a0\u00bb15549&Prime; img_size=\u00a0\u00bb260&#215;140&Prime; alignment=\u00a0\u00bbcenter\u00a0\u00bb onclick=\u00a0\u00bbcustom_link\u00a0\u00bb link=\u00a0\u00bbhttps:\/\/cortexlime.com\/fr\/fiches-techniques\/coridecor\/\u00a0\u00bb][\/vc_column_inner][vc_column_inner width=\u00a0\u00bb1\/4&Prime;][vc_column_text]<\/p>\n<h4 style=\"text-align: center\"><span style=\"text-decoration: underline\"><strong><a href=\"https:\/\/cortexlime.com\/fr\/fiches-techniques\/uula\/\">FICHES UULA<\/a><\/strong><\/span><\/h4>\n<p>[\/vc_column_text][vc_empty_space][vc_single_image image=\u00a0\u00bb15551&Prime; img_size=\u00a0\u00bb260&#215;140&Prime; alignment=\u00a0\u00bbcenter\u00a0\u00bb onclick=\u00a0\u00bbcustom_link\u00a0\u00bb link=\u00a0\u00bbhttps:\/\/cortexlime.com\/fr\/fiches-techniques\/uula\/\u00a0\u00bb][\/vc_column_inner][\/vc_row_inner][vc_empty_space][vc_empty_space height=\u00a0\u00bb60px\u00a0\u00bb][\/vc_column][\/vc_row][vc_row][vc_column][vc_empty_space height=\u00a0\u00bb50px\u00a0\u00bb][\/vc_column][\/vc_row][vc_row full_width=\u00a0\u00bbtrue\u00a0\u00bb margin_bottom=\u00a0\u00bb-50&Prime;][vc_column width=\u00a0\u00bb1\/4&Prime;]<div class=\"ult-new-ib ult-ib-effect-style2  ult-ib-resp ult-ib2-min-height \" data-min-width=\"768\" data-max-width=\"900\" style=\"background:#000000; opacity:0; \" data-opacity=\"1\" data-hover-opacity=\"0.5\"  data-min-height=\"428\" ><img decoding=\"async\" class=\"ult-new-ib-img\" style=\"opacity:1;\" alt=\"\" src=\"https:\/\/cortexlime.com\/wp-content\/uploads\/2015\/11\/lavabo.jpg\"  data-min-height=\"428\"   \/><div id=\"interactive-banner-wrap-9361\" class=\"ult-new-ib-desc\" style=\"\"><h2 class=\"ult-new-ib-title ult-responsive\"  data-ultimate-target='#interactive-banner-wrap-9361 .ult-new-ib-title'  data-responsive-json-new='{\"font-size\":\"\",\"line-height\":\"\"}'  style=\"font-weight:normal;color:#ffffff;\">C H A U X<\/h2><\/div><a class=\"ult-new-ib-link\" href=\"http:\/\/arteconstructo.com\/fr\/chaux\/\" title=\"chaux\"  ><\/a><\/div>[\/vc_column][vc_column width=\u00a0\u00bb1\/4&Prime;]<div class=\"ult-new-ib ult-ib-effect-style2  ult-ib-resp ult-ib2-min-height \" data-min-width=\"768\" data-max-width=\"900\" style=\"background:#000000; opacity:0; \" data-opacity=\"1\" data-hover-opacity=\"0.5\"  data-min-height=\"428\" ><img decoding=\"async\" class=\"ult-new-ib-img\" style=\"opacity:1;\" alt=\"\" src=\"https:\/\/cortexlime.com\/wp-content\/uploads\/2015\/11\/trap.jpg\"  data-min-height=\"428\"   \/><div id=\"interactive-banner-wrap-4715\" class=\"ult-new-ib-desc\" style=\"\"><h2 class=\"ult-new-ib-title ult-responsive\"  data-ultimate-target='#interactive-banner-wrap-4715 .ult-new-ib-title'  data-responsive-json-new='{\"font-size\":\"\",\"line-height\":\"\"}'  style=\"font-weight:normal;color:#ffffff;\">P R O P R I E T E S<\/h2><\/div><a class=\"ult-new-ib-link\" href=\"http:\/\/arteconstructo.com\/fr\/proprietes\/\" title=\"proprietes\"  ><\/a><\/div>[\/vc_column][vc_column width=\u00a0\u00bb1\/4&Prime;]<div class=\"ult-new-ib ult-ib-effect-style2  ult-ib-resp ult-ib2-min-height \" data-min-width=\"768\" data-max-width=\"900\" style=\"background:#000000; opacity:0; \" data-opacity=\"1\" data-hover-opacity=\"0.5\"  data-min-height=\"428\" ><img decoding=\"async\" class=\"ult-new-ib-img\" style=\"opacity:1;\" alt=\"\" src=\"https:\/\/cortexlime.com\/wp-content\/uploads\/2015\/11\/paint.jpg\"  data-min-height=\"428\"   \/><div id=\"interactive-banner-wrap-6288\" class=\"ult-new-ib-desc\" style=\"\"><h2 class=\"ult-new-ib-title ult-responsive\"  data-ultimate-target='#interactive-banner-wrap-6288 .ult-new-ib-title'  data-responsive-json-new='{\"font-size\":\"\",\"line-height\":\"\"}'  style=\"font-weight:normal;color:#ffffff;\">I N T E R E S S A N T<\/h2><\/div><a class=\"ult-new-ib-link\" href=\"http:\/\/arteconstructo.com\/fr\/interessant\/\" title=\"interessant\"  ><\/a><\/div>[\/vc_column][vc_column width=\u00a0\u00bb1\/4&Prime;]<div class=\"ult-new-ib ult-ib-effect-style2  ult-ib-resp ult-ib2-min-height \" data-min-width=\"768\" data-max-width=\"900\" style=\"background:#000000; opacity:0; \" data-opacity=\"1\" data-hover-opacity=\"0.5\"  data-min-height=\"428\" ><img decoding=\"async\" class=\"ult-new-ib-img\" style=\"opacity:1;\" alt=\"\" src=\"https:\/\/cortexlime.com\/wp-content\/uploads\/2015\/11\/salon.jpg\"  data-min-height=\"428\"   \/><div id=\"interactive-banner-wrap-7738\" class=\"ult-new-ib-desc\" style=\"\"><h2 class=\"ult-new-ib-title ult-responsive\"  data-ultimate-target='#interactive-banner-wrap-7738 .ult-new-ib-title'  data-responsive-json-new='{\"font-size\":\"\",\"line-height\":\"\"}'  style=\"font-weight:normal;color:#ffffff;\">I M A G E S<\/h2><\/div><a class=\"ult-new-ib-link\" href=\"http:\/\/arteconstructo.com\/fr\/images\/\" title=\"images\"  ><\/a><\/div>[\/vc_column][\/vc_row]<\/p>\n<\/div>","protected":false},"excerpt":{"rendered":"<p>[vc_row full_width=\u00a0\u00bbtrue\u00a0\u00bb margin_top=\u00a0\u00bb-50px\u00a0\u00bb][vc_column][vc_single_image image=\u00a0\u00bb15610&Prime; img_size=\u00a0\u00bbfull\u00a0\u00bb alignment=\u00a0\u00bbcenter\u00a0\u00bb image_hovers=\u00a0\u00bbfalse\u00a0\u00bb][\/vc_column][\/vc_row][vc_row][vc_column][vc_empty_space height=\u00a0\u00bb30px\u00a0\u00bb][vc_row_inner][vc_column_inner width=\u00a0\u00bb1\/3&Prime;][\/vc_column_inner][vc_column_inner width=\u00a0\u00bb1\/3&Prime;][vc_single_image image=\u00a0\u00bb187&Prime; img_size=\u00a0\u00bbfull\u00a0\u00bb alignment=\u00a0\u00bbcenter\u00a0\u00bb image_hovers=\u00a0\u00bbfalse\u00a0\u00bb][\/vc_column_inner][vc_column_inner width=\u00a0\u00bb1\/3&Prime;][\/vc_column_inner][\/vc_row_inner][vc_row_inner][vc_column_inner][vc_column_text] Sur cette page vous trouverez une s\u00e9lection des produits qui sont distribu\u00e9s par Arte Constructo. UNILIT le liant (la chaux hydraulique naturelle) et les mortiers pr\u00eats-\u00e0-l\u2019emploi CORIDECOR finitions \u00e0 base de chaux a\u00e9rienne et peinture au silicate KEIM peintures au&hellip;<\/p>\n","protected":false},"author":6,"featured_media":0,"parent":0,"menu_order":4,"comment_status":"closed","ping_status":"closed","template":"","meta":{"footnotes":""},"class_list":["post-15783","page","type-page","status-publish","hentry","description-off"],"yoast_head":"<!-- This site is optimized with the Yoast SEO plugin v27.5 - https:\/\/yoast.com\/product\/yoast-seo-wordpress\/ -->\n<title>fiches techiques - Cortex<\/title>\n<meta name=\"robots\" content=\"index, follow, max-snippet:-1, max-image-preview:large, max-video-preview:-1\" \/>\n<link rel=\"canonical\" href=\"https:\/\/arteconstructo.com\/fr\/fiches-techiques\/\" \/>\n<meta property=\"og:locale\" content=\"fr_FR\" \/>\n<meta property=\"og:type\" content=\"article\" \/>\n<meta property=\"og:title\" content=\"fiches techiques - Cortex\" \/>\n<meta property=\"og:description\" content=\"[vc_row full_width=\u00a0\u00bbtrue\u00a0\u00bb margin_top=\u00a0\u00bb-50px\u00a0\u00bb][vc_column][vc_single_image image=\u00a0\u00bb15610&Prime; img_size=\u00a0\u00bbfull\u00a0\u00bb alignment=\u00a0\u00bbcenter\u00a0\u00bb image_hovers=\u00a0\u00bbfalse\u00a0\u00bb][\/vc_column][\/vc_row][vc_row][vc_column][vc_empty_space height=\u00a0\u00bb30px\u00a0\u00bb][vc_row_inner][vc_column_inner width=\u00a0\u00bb1\/3&Prime;][\/vc_column_inner][vc_column_inner width=\u00a0\u00bb1\/3&Prime;][vc_single_image image=\u00a0\u00bb187&Prime; img_size=\u00a0\u00bbfull\u00a0\u00bb alignment=\u00a0\u00bbcenter\u00a0\u00bb image_hovers=\u00a0\u00bbfalse\u00a0\u00bb][\/vc_column_inner][vc_column_inner width=\u00a0\u00bb1\/3&Prime;][\/vc_column_inner][\/vc_row_inner][vc_row_inner][vc_column_inner][vc_column_text] Sur cette page vous trouverez une s\u00e9lection des produits qui sont distribu\u00e9s par Arte Constructo. UNILIT le liant (la chaux hydraulique naturelle) et les mortiers pr\u00eats-\u00e0-l\u2019emploi CORIDECOR finitions \u00e0 base de chaux a\u00e9rienne et peinture au silicate KEIM peintures au&hellip;\" \/>\n<meta property=\"og:url\" content=\"https:\/\/arteconstructo.com\/fr\/fiches-techiques\/\" \/>\n<meta property=\"og:site_name\" content=\"Cortex\" \/>\n<meta property=\"article:modified_time\" content=\"2019-04-11T08:20:18+00:00\" \/>\n<meta name=\"twitter:card\" content=\"summary_large_image\" \/>\n<meta name=\"twitter:label1\" content=\"Dur\u00e9e de lecture estim\u00e9e\" \/>\n\t<meta name=\"twitter:data1\" content=\"3 minutes\" \/>\n<script type=\"application\/ld+json\" class=\"yoast-schema-graph\">{\"@context\":\"https:\\\/\\\/schema.org\",\"@graph\":[{\"@type\":\"WebPage\",\"@id\":\"https:\\\/\\\/cortexlime.com\\\/fr\\\/fiches-techiques\\\/\",\"url\":\"https:\\\/\\\/arteconstructo.com\\\/fr\\\/fiches-techiques\\\/\",\"name\":\"fiches techiques - Cortex\",\"isPartOf\":{\"@id\":\"https:\\\/\\\/cortexlime.com\\\/#website\"},\"datePublished\":\"2016-03-01T14:21:49+00:00\",\"dateModified\":\"2019-04-11T08:20:18+00:00\",\"breadcrumb\":{\"@id\":\"https:\\\/\\\/arteconstructo.com\\\/fr\\\/fiches-techiques\\\/#breadcrumb\"},\"inLanguage\":\"fr-FR\",\"potentialAction\":[{\"@type\":\"ReadAction\",\"target\":[\"https:\\\/\\\/arteconstructo.com\\\/fr\\\/fiches-techiques\\\/\"]}]},{\"@type\":\"BreadcrumbList\",\"@id\":\"https:\\\/\\\/arteconstructo.com\\\/fr\\\/fiches-techiques\\\/#breadcrumb\",\"itemListElement\":[{\"@type\":\"ListItem\",\"position\":1,\"name\":\"Accueil\",\"item\":\"https:\\\/\\\/cortexlime.com\\\/fr\\\/\"},{\"@type\":\"ListItem\",\"position\":2,\"name\":\"fiches techiques\"}]},{\"@type\":\"WebSite\",\"@id\":\"https:\\\/\\\/cortexlime.com\\\/#website\",\"url\":\"https:\\\/\\\/cortexlime.com\\\/\",\"name\":\"Cortex\",\"description\":\"Lime\",\"potentialAction\":[{\"@type\":\"SearchAction\",\"target\":{\"@type\":\"EntryPoint\",\"urlTemplate\":\"https:\\\/\\\/cortexlime.com\\\/?s={search_term_string}\"},\"query-input\":{\"@type\":\"PropertyValueSpecification\",\"valueRequired\":true,\"valueName\":\"search_term_string\"}}],\"inLanguage\":\"fr-FR\"}]}<\/script>\n<!-- \/ Yoast SEO plugin. -->","yoast_head_json":{"title":"fiches techiques - Cortex","robots":{"index":"index","follow":"follow","max-snippet":"max-snippet:-1","max-image-preview":"max-image-preview:large","max-video-preview":"max-video-preview:-1"},"canonical":"https:\/\/arteconstructo.com\/fr\/fiches-techiques\/","og_locale":"fr_FR","og_type":"article","og_title":"fiches techiques - Cortex","og_description":"[vc_row full_width=\u00a0\u00bbtrue\u00a0\u00bb margin_top=\u00a0\u00bb-50px\u00a0\u00bb][vc_column][vc_single_image image=\u00a0\u00bb15610&Prime; img_size=\u00a0\u00bbfull\u00a0\u00bb alignment=\u00a0\u00bbcenter\u00a0\u00bb image_hovers=\u00a0\u00bbfalse\u00a0\u00bb][\/vc_column][\/vc_row][vc_row][vc_column][vc_empty_space height=\u00a0\u00bb30px\u00a0\u00bb][vc_row_inner][vc_column_inner width=\u00a0\u00bb1\/3&Prime;][\/vc_column_inner][vc_column_inner width=\u00a0\u00bb1\/3&Prime;][vc_single_image image=\u00a0\u00bb187&Prime; img_size=\u00a0\u00bbfull\u00a0\u00bb alignment=\u00a0\u00bbcenter\u00a0\u00bb image_hovers=\u00a0\u00bbfalse\u00a0\u00bb][\/vc_column_inner][vc_column_inner width=\u00a0\u00bb1\/3&Prime;][\/vc_column_inner][\/vc_row_inner][vc_row_inner][vc_column_inner][vc_column_text] Sur cette page vous trouverez une s\u00e9lection des produits qui sont distribu\u00e9s par Arte Constructo. UNILIT le liant (la chaux hydraulique naturelle) et les mortiers pr\u00eats-\u00e0-l\u2019emploi CORIDECOR finitions \u00e0 base de chaux a\u00e9rienne et peinture au silicate KEIM peintures au&hellip;","og_url":"https:\/\/arteconstructo.com\/fr\/fiches-techiques\/","og_site_name":"Cortex","article_modified_time":"2019-04-11T08:20:18+00:00","twitter_card":"summary_large_image","twitter_misc":{"Dur\u00e9e de lecture estim\u00e9e":"3 minutes"},"schema":{"@context":"https:\/\/schema.org","@graph":[{"@type":"WebPage","@id":"https:\/\/cortexlime.com\/fr\/fiches-techiques\/","url":"https:\/\/arteconstructo.com\/fr\/fiches-techiques\/","name":"fiches techiques - Cortex","isPartOf":{"@id":"https:\/\/cortexlime.com\/#website"},"datePublished":"2016-03-01T14:21:49+00:00","dateModified":"2019-04-11T08:20:18+00:00","breadcrumb":{"@id":"https:\/\/arteconstructo.com\/fr\/fiches-techiques\/#breadcrumb"},"inLanguage":"fr-FR","potentialAction":[{"@type":"ReadAction","target":["https:\/\/arteconstructo.com\/fr\/fiches-techiques\/"]}]},{"@type":"BreadcrumbList","@id":"https:\/\/arteconstructo.com\/fr\/fiches-techiques\/#breadcrumb","itemListElement":[{"@type":"ListItem","position":1,"name":"Accueil","item":"https:\/\/cortexlime.com\/fr\/"},{"@type":"ListItem","position":2,"name":"fiches techiques"}]},{"@type":"WebSite","@id":"https:\/\/cortexlime.com\/#website","url":"https:\/\/cortexlime.com\/","name":"Cortex","description":"Lime","potentialAction":[{"@type":"SearchAction","target":{"@type":"EntryPoint","urlTemplate":"https:\/\/cortexlime.com\/?s={search_term_string}"},"query-input":{"@type":"PropertyValueSpecification","valueRequired":true,"valueName":"search_term_string"}}],"inLanguage":"fr-FR"}]}},"_links":{"self":[{"href":"https:\/\/cortexlime.com\/fr\/wp-json\/wp\/v2\/pages\/15783","targetHints":{"allow":["GET"]}}],"collection":[{"href":"https:\/\/cortexlime.com\/fr\/wp-json\/wp\/v2\/pages"}],"about":[{"href":"https:\/\/cortexlime.com\/fr\/wp-json\/wp\/v2\/types\/page"}],"author":[{"embeddable":true,"href":"https:\/\/cortexlime.com\/fr\/wp-json\/wp\/v2\/users\/6"}],"replies":[{"embeddable":true,"href":"https:\/\/cortexlime.com\/fr\/wp-json\/wp\/v2\/comments?post=15783"}],"version-history":[{"count":1,"href":"https:\/\/cortexlime.com\/fr\/wp-json\/wp\/v2\/pages\/15783\/revisions"}],"predecessor-version":[{"id":17148,"href":"https:\/\/cortexlime.com\/fr\/wp-json\/wp\/v2\/pages\/15783\/revisions\/17148"}],"wp:attachment":[{"href":"https:\/\/cortexlime.com\/fr\/wp-json\/wp\/v2\/media?parent=15783"}],"curies":[{"name":"wp","href":"https:\/\/api.w.org\/{rel}","templated":true}]}}