{"id":15781,"date":"2016-03-01T14:11:42","date_gmt":"2016-03-01T14:11:42","guid":{"rendered":"http:\/\/arteconstructo.com\/fr\/?page_id=15781"},"modified":"2017-07-31T12:56:04","modified_gmt":"2017-07-31T11:56:04","slug":"bioecologique","status":"publish","type":"page","link":"https:\/\/cortexlime.com\/fr\/proprietes\/bioecologique\/","title":{"rendered":"Mat\u00e9riau Bioecologique"},"content":{"rendered":"<div class=\"wpb-content-wrapper\"><p>[vc_row margin_top=\u00a0\u00bb-50&Prime; full_width=\u00a0\u00bbtrue\u00a0\u00bb][vc_column][vc_single_image image=\u00a0\u00bb236&Prime; img_size=\u00a0\u00bbfull\u00a0\u00bb alignment=\u00a0\u00bbcenter\u00a0\u00bb image_hovers=\u00a0\u00bbfalse\u00a0\u00bb][\/vc_column][\/vc_row][vc_row][vc_column][vc_empty_space height=\u00a0\u00bb60px\u00a0\u00bb][vc_column_text]<\/p>\n<h3 style=\"text-align: center;\">MATERIAU BIOECOLOGIQUE<\/h3>\n<p>[\/vc_column_text][vc_empty_space height=\u00a0\u00bb60px\u00a0\u00bb][\/vc_column][\/vc_row][vc_row][vc_column width=\u00a0\u00bb2\/3&Prime;][vc_column_text]<\/p>\n<p style=\"text-align: justify;\">La nouvelle tendance est de construire dans le respect de la nature.\u00a0 De nouvelles techniques se d\u00e9veloppent et on recherche de plus en plus des mat\u00e9riaux locaux.<\/p>\n<p style=\"text-align: justify;\">La chaux est en elle-m\u00eame d\u00e9j\u00e0 \u00e9cologique.\u00a0 On peut la trouver partout et il n\u2019y a pas d\u2019additifs sp\u00e9ciaux n\u00e9cessaire afin d\u2019obtenir un mat\u00e9riau efficace.<\/p>\n<p style=\"text-align: justify;\">Compar\u00e9 avec la production du ciment, on est \u00e0 des temp\u00e9ratures bien inf\u00e9rieures en ce qui concerne la production de la chaux (1400-1800\u00b0C pour le ciment, et 800-1200\u00b0C pour la chaux).<\/p>\n<p style=\"text-align: justify;\">Gr\u00e2ce \u00e0 ses propri\u00e9t\u00e9s physiques on b\u00e9n\u00e9ficie \u00e9galement d\u2019un confort int\u00e9rieur qui est <strong>sain<\/strong>, et qui r\u00e9duit fortement les risques d\u2019allergies.<\/p>\n<p>[\/vc_column_text][\/vc_column][vc_column width=\u00a0\u00bb1\/3&Prime;][vc_single_image image=\u00a0\u00bb270&Prime; img_size=\u00a0\u00bbfull\u00a0\u00bb alignment=\u00a0\u00bbcenter\u00a0\u00bb style=\u00a0\u00bbvc_box_shadow\u00a0\u00bb image_hovers=\u00a0\u00bbfalse\u00a0\u00bb][\/vc_column][\/vc_row][vc_row][vc_column][vc_empty_space height=\u00a0\u00bb60px\u00a0\u00bb][\/vc_column][\/vc_row][vc_row full_width=\u00a0\u00bbtrue\u00a0\u00bb][vc_column]<div class=\"ult-new-ib ult-ib-effect-style2  ult-ib-resp ult-ib2-min-height \" data-min-width=\"768\" data-max-width=\"900\" style=\"background:#000000; opacity:0; \" data-opacity=\"1\" data-hover-opacity=\"0.5\"  data-min-height=\"350\" ><img decoding=\"async\" class=\"ult-new-ib-img\" style=\"opacity:1;\" alt=\"\" src=\"https:\/\/cortexlime.com\/wp-content\/uploads\/2015\/11\/sterkte.jpg\"  data-min-height=\"350\"   \/><div id=\"interactive-banner-wrap-3711\" class=\"ult-new-ib-desc\" style=\"\"><h2 class=\"ult-new-ib-title ult-responsive\"  data-ultimate-target='#interactive-banner-wrap-3711 .ult-new-ib-title'  data-responsive-json-new='{\"font-size\":\"desktop:24px;\",\"line-height\":\"\"}'  style=\"font-weight:normal;color:#ffffff;\">RESISTANCE MECANIQUE<\/h2><\/div><a class=\"ult-new-ib-link\" href=\"http:\/\/arteconstructo.com\/fr\/proprietes\/resistance\/\" title=\"R\u00e9sistance m\u00e9canique\"  ><\/a><\/div>[\/vc_column][\/vc_row][vc_row margin_top=\u00a0\u00bb-130&Prime; margin_bottom=\u00a0\u00bb-30&Prime; full_width=\u00a0\u00bbtrue\u00a0\u00bb][vc_column]<div class=\"ult-new-ib ult-ib-effect-style2  ult-ib-resp ult-ib2-min-height \" data-min-width=\"768\" data-max-width=\"900\" style=\"background:#000000; opacity:0; \" data-opacity=\"1\" data-hover-opacity=\"0.5\"  data-min-height=\"350\" ><img decoding=\"async\" class=\"ult-new-ib-img\" style=\"opacity:1;\" alt=\"\" src=\"https:\/\/cortexlime.com\/wp-content\/uploads\/2015\/11\/bouwfysische.jpg\"  data-min-height=\"350\"   \/><div id=\"interactive-banner-wrap-1483\" class=\"ult-new-ib-desc\" style=\"\"><h2 class=\"ult-new-ib-title ult-responsive\"  data-ultimate-target='#interactive-banner-wrap-1483 .ult-new-ib-title'  data-responsive-json-new='{\"font-size\":\"desktop:24px;\",\"line-height\":\"\"}'  style=\"font-weight:normal;color:#ffffff;\">PHYSIQUE DU BATIMENT<\/h2><\/div><a class=\"ult-new-ib-link\" href=\"http:\/\/arteconstructo.com\/fr\/proprietes\/physique\/\" title=\"Physique du b\u00e2timent\"  ><\/a><\/div>[\/vc_column][\/vc_row][vc_row margin_top=\u00a0\u00bb-130&Prime; margin_bottom=\u00a0\u00bb-30&Prime; full_width=\u00a0\u00bbtrue\u00a0\u00bb][vc_column]<div class=\"ult-new-ib ult-ib-effect-style2  ult-ib-resp ult-ib2-min-height \" data-min-width=\"768\" data-max-width=\"900\" style=\"background:#000000; opacity:0; \" data-opacity=\"1\" data-hover-opacity=\"0.5\"  data-min-height=\"350\" ><img decoding=\"async\" class=\"ult-new-ib-img\" style=\"opacity:1;\" alt=\"\" src=\"https:\/\/cortexlime.com\/wp-content\/uploads\/2015\/11\/esthetisch.jpg\"  data-min-height=\"350\"   \/><div id=\"interactive-banner-wrap-8909\" class=\"ult-new-ib-desc\" style=\"\"><h2 class=\"ult-new-ib-title ult-responsive\"  data-ultimate-target='#interactive-banner-wrap-8909 .ult-new-ib-title'  data-responsive-json-new='{\"font-size\":\"desktop:24px;\",\"line-height\":\"\"}'  style=\"font-weight:normal;color:#ffffff;\">ESTHETIQUE INTERIEURE ET EXTERIEURE<\/h2><\/div><a class=\"ult-new-ib-link\" href=\"http:\/\/arteconstructo.com\/fr\/proprietes\/esthetique\/\" title=\"Esth\u00e9tique int\u00e9rieure et ext\u00e9rieure\"  ><\/a><\/div>[\/vc_column][\/vc_row][vc_row][vc_column][vc_empty_space height=\u00a0\u00bb65px\u00a0\u00bb][\/vc_column][\/vc_row][vc_row margin_bottom=\u00a0\u00bb-80&Prime; full_width=\u00a0\u00bbtrue\u00a0\u00bb][vc_column width=\u00a0\u00bb1\/4&Prime;]<div class=\"ult-new-ib ult-ib-effect-style2  ult-ib-resp ult-ib2-min-height \" data-min-width=\"768\" data-max-width=\"900\" style=\"background:#000000; opacity:0; \" data-opacity=\"1\" data-hover-opacity=\"0.5\"  data-min-height=\"428\" ><img decoding=\"async\" class=\"ult-new-ib-img\" style=\"opacity:1;\" alt=\"\" src=\"https:\/\/cortexlime.com\/wp-content\/uploads\/2015\/11\/lavabo.jpg\"  data-min-height=\"428\"   \/><div id=\"interactive-banner-wrap-7527\" class=\"ult-new-ib-desc\" style=\"\"><h2 class=\"ult-new-ib-title ult-responsive\"  data-ultimate-target='#interactive-banner-wrap-7527 .ult-new-ib-title'  data-responsive-json-new='{\"font-size\":\"\",\"line-height\":\"\"}'  style=\"font-weight:normal;color:#ffffff;\">C H A U X<\/h2><\/div><a class=\"ult-new-ib-link\" href=\"http:\/\/arteconstructo.com\/fr\/chaux\/\" title=\"chaux\"  ><\/a><\/div>[\/vc_column][vc_column width=\u00a0\u00bb1\/4&Prime;]<div class=\"ult-new-ib ult-ib-effect-style2  ult-ib-resp ult-ib2-min-height \" data-min-width=\"768\" data-max-width=\"900\" style=\"background:#000000; opacity:0; \" data-opacity=\"1\" data-hover-opacity=\"0.5\"  data-min-height=\"428\" ><img decoding=\"async\" class=\"ult-new-ib-img\" style=\"opacity:1;\" alt=\"\" src=\"https:\/\/cortexlime.com\/wp-content\/uploads\/2015\/11\/trap.jpg\"  data-min-height=\"428\"   \/><div id=\"interactive-banner-wrap-4141\" class=\"ult-new-ib-desc\" style=\"\"><h2 class=\"ult-new-ib-title ult-responsive\"  data-ultimate-target='#interactive-banner-wrap-4141 .ult-new-ib-title'  data-responsive-json-new='{\"font-size\":\"\",\"line-height\":\"\"}'  style=\"font-weight:normal;color:#ffffff;\">P R O P R I E T E S<\/h2><\/div><a class=\"ult-new-ib-link\" href=\"http:\/\/arteconstructo.com\/fr\/proprietes\/\" title=\"proprietes\"  ><\/a><\/div>[\/vc_column][vc_column width=\u00a0\u00bb1\/4&Prime;]<div class=\"ult-new-ib ult-ib-effect-style2  ult-ib-resp ult-ib2-min-height \" data-min-width=\"768\" data-max-width=\"900\" style=\"background:#000000; opacity:0; \" data-opacity=\"1\" data-hover-opacity=\"0.5\"  data-min-height=\"428\" ><img decoding=\"async\" class=\"ult-new-ib-img\" style=\"opacity:1;\" alt=\"\" src=\"https:\/\/cortexlime.com\/wp-content\/uploads\/2015\/11\/paint.jpg\"  data-min-height=\"428\"   \/><div id=\"interactive-banner-wrap-1283\" class=\"ult-new-ib-desc\" style=\"\"><h2 class=\"ult-new-ib-title ult-responsive\"  data-ultimate-target='#interactive-banner-wrap-1283 .ult-new-ib-title'  data-responsive-json-new='{\"font-size\":\"\",\"line-height\":\"\"}'  style=\"font-weight:normal;color:#ffffff;\">I N T E R E S S A N T<\/h2><\/div><a class=\"ult-new-ib-link\" href=\"http:\/\/arteconstructo.com\/fr\/interessant\/\" title=\"interessant\"  ><\/a><\/div>[\/vc_column][vc_column width=\u00a0\u00bb1\/4&Prime;]<div class=\"ult-new-ib ult-ib-effect-style2  ult-ib-resp ult-ib2-min-height \" data-min-width=\"768\" data-max-width=\"900\" style=\"background:#000000; opacity:0; \" data-opacity=\"1\" data-hover-opacity=\"0.5\"  data-min-height=\"428\" ><img decoding=\"async\" class=\"ult-new-ib-img\" style=\"opacity:1;\" alt=\"\" src=\"https:\/\/cortexlime.com\/wp-content\/uploads\/2015\/11\/salon.jpg\"  data-min-height=\"428\"   \/><div id=\"interactive-banner-wrap-8754\" class=\"ult-new-ib-desc\" style=\"\"><h2 class=\"ult-new-ib-title ult-responsive\"  data-ultimate-target='#interactive-banner-wrap-8754 .ult-new-ib-title'  data-responsive-json-new='{\"font-size\":\"\",\"line-height\":\"\"}'  style=\"font-weight:normal;color:#ffffff;\">I M A G E S<\/h2><\/div><a class=\"ult-new-ib-link\" href=\"http:\/\/arteconstructo.com\/fr\/images\/\" title=\"images\"  ><\/a><\/div>[\/vc_column][\/vc_row]<\/p>\n<\/div>","protected":false},"excerpt":{"rendered":"<p>[vc_row margin_top=\u00a0\u00bb-50&Prime; full_width=\u00a0\u00bbtrue\u00a0\u00bb][vc_column][vc_single_image image=\u00a0\u00bb236&Prime; img_size=\u00a0\u00bbfull\u00a0\u00bb alignment=\u00a0\u00bbcenter\u00a0\u00bb image_hovers=\u00a0\u00bbfalse\u00a0\u00bb][\/vc_column][\/vc_row][vc_row][vc_column][vc_empty_space height=\u00a0\u00bb60px\u00a0\u00bb][vc_column_text] MATERIAU BIOECOLOGIQUE [\/vc_column_text][vc_empty_space height=\u00a0\u00bb60px\u00a0\u00bb][\/vc_column][\/vc_row][vc_row][vc_column width=\u00a0\u00bb2\/3&Prime;][vc_column_text] La nouvelle tendance est de construire dans le respect de la nature.\u00a0 De nouvelles techniques se d\u00e9veloppent et on recherche de plus en plus des mat\u00e9riaux locaux. La chaux est en elle-m\u00eame d\u00e9j\u00e0 \u00e9cologique.\u00a0 On peut la trouver partout et il n\u2019y&hellip;<\/p>\n","protected":false},"author":6,"featured_media":0,"parent":15771,"menu_order":4,"comment_status":"closed","ping_status":"closed","template":"","meta":{"footnotes":""},"class_list":["post-15781","page","type-page","status-publish","hentry","description-off"],"yoast_head":"<!-- This site is optimized with the Yoast SEO plugin v27.4 - https:\/\/yoast.com\/product\/yoast-seo-wordpress\/ -->\n<title>Mat\u00e9riau Bioecologique - Cortex<\/title>\n<meta name=\"robots\" content=\"index, follow, max-snippet:-1, max-image-preview:large, max-video-preview:-1\" \/>\n<link rel=\"canonical\" href=\"https:\/\/arteconstructo.com\/fr\/proprietes\/bioecologique\/\" \/>\n<meta property=\"og:locale\" content=\"fr_FR\" \/>\n<meta property=\"og:type\" content=\"article\" \/>\n<meta property=\"og:title\" content=\"Mat\u00e9riau Bioecologique - Cortex\" \/>\n<meta property=\"og:description\" content=\"[vc_row margin_top=\u00a0\u00bb-50&Prime; full_width=\u00a0\u00bbtrue\u00a0\u00bb][vc_column][vc_single_image image=\u00a0\u00bb236&Prime; img_size=\u00a0\u00bbfull\u00a0\u00bb alignment=\u00a0\u00bbcenter\u00a0\u00bb image_hovers=\u00a0\u00bbfalse\u00a0\u00bb][\/vc_column][\/vc_row][vc_row][vc_column][vc_empty_space height=\u00a0\u00bb60px\u00a0\u00bb][vc_column_text] MATERIAU BIOECOLOGIQUE [\/vc_column_text][vc_empty_space height=\u00a0\u00bb60px\u00a0\u00bb][\/vc_column][\/vc_row][vc_row][vc_column width=\u00a0\u00bb2\/3&Prime;][vc_column_text] La nouvelle tendance est de construire dans le respect de la nature.\u00a0 De nouvelles techniques se d\u00e9veloppent et on recherche de plus en plus des mat\u00e9riaux locaux. La chaux est en elle-m\u00eame d\u00e9j\u00e0 \u00e9cologique.\u00a0 On peut la trouver partout et il n\u2019y&hellip;\" \/>\n<meta property=\"og:url\" content=\"https:\/\/arteconstructo.com\/fr\/proprietes\/bioecologique\/\" \/>\n<meta property=\"og:site_name\" content=\"Cortex\" \/>\n<meta property=\"article:modified_time\" content=\"2017-07-31T11:56:04+00:00\" \/>\n<meta name=\"twitter:card\" content=\"summary_large_image\" \/>\n<meta name=\"twitter:label1\" content=\"Dur\u00e9e de lecture estim\u00e9e\" \/>\n\t<meta name=\"twitter:data1\" content=\"4 minutes\" \/>\n<script type=\"application\/ld+json\" class=\"yoast-schema-graph\">{\"@context\":\"https:\\\/\\\/schema.org\",\"@graph\":[{\"@type\":\"WebPage\",\"@id\":\"https:\\\/\\\/cortexlime.com\\\/fr\\\/proprietes\\\/bioecologique\\\/\",\"url\":\"https:\\\/\\\/arteconstructo.com\\\/fr\\\/proprietes\\\/bioecologique\\\/\",\"name\":\"Mat\u00e9riau Bioecologique - Cortex\",\"isPartOf\":{\"@id\":\"https:\\\/\\\/cortexlime.com\\\/#website\"},\"datePublished\":\"2016-03-01T14:11:42+00:00\",\"dateModified\":\"2017-07-31T11:56:04+00:00\",\"breadcrumb\":{\"@id\":\"https:\\\/\\\/arteconstructo.com\\\/fr\\\/proprietes\\\/bioecologique\\\/#breadcrumb\"},\"inLanguage\":\"fr-FR\",\"potentialAction\":[{\"@type\":\"ReadAction\",\"target\":[\"https:\\\/\\\/arteconstructo.com\\\/fr\\\/proprietes\\\/bioecologique\\\/\"]}]},{\"@type\":\"BreadcrumbList\",\"@id\":\"https:\\\/\\\/arteconstructo.com\\\/fr\\\/proprietes\\\/bioecologique\\\/#breadcrumb\",\"itemListElement\":[{\"@type\":\"ListItem\",\"position\":1,\"name\":\"Accueil\",\"item\":\"https:\\\/\\\/cortexlime.com\\\/fr\\\/\"},{\"@type\":\"ListItem\",\"position\":2,\"name\":\"propri\u00e9t\u00e9s\",\"item\":\"https:\\\/\\\/cortexlime.com\\\/fr\\\/proprietes\\\/\"},{\"@type\":\"ListItem\",\"position\":3,\"name\":\"Mat\u00e9riau Bioecologique\"}]},{\"@type\":\"WebSite\",\"@id\":\"https:\\\/\\\/cortexlime.com\\\/#website\",\"url\":\"https:\\\/\\\/cortexlime.com\\\/\",\"name\":\"Cortex\",\"description\":\"Lime\",\"potentialAction\":[{\"@type\":\"SearchAction\",\"target\":{\"@type\":\"EntryPoint\",\"urlTemplate\":\"https:\\\/\\\/cortexlime.com\\\/?s={search_term_string}\"},\"query-input\":{\"@type\":\"PropertyValueSpecification\",\"valueRequired\":true,\"valueName\":\"search_term_string\"}}],\"inLanguage\":\"fr-FR\"}]}<\/script>\n<!-- \/ Yoast SEO plugin. -->","yoast_head_json":{"title":"Mat\u00e9riau Bioecologique - Cortex","robots":{"index":"index","follow":"follow","max-snippet":"max-snippet:-1","max-image-preview":"max-image-preview:large","max-video-preview":"max-video-preview:-1"},"canonical":"https:\/\/arteconstructo.com\/fr\/proprietes\/bioecologique\/","og_locale":"fr_FR","og_type":"article","og_title":"Mat\u00e9riau Bioecologique - Cortex","og_description":"[vc_row margin_top=\u00a0\u00bb-50&Prime; full_width=\u00a0\u00bbtrue\u00a0\u00bb][vc_column][vc_single_image image=\u00a0\u00bb236&Prime; img_size=\u00a0\u00bbfull\u00a0\u00bb alignment=\u00a0\u00bbcenter\u00a0\u00bb image_hovers=\u00a0\u00bbfalse\u00a0\u00bb][\/vc_column][\/vc_row][vc_row][vc_column][vc_empty_space height=\u00a0\u00bb60px\u00a0\u00bb][vc_column_text] MATERIAU BIOECOLOGIQUE [\/vc_column_text][vc_empty_space height=\u00a0\u00bb60px\u00a0\u00bb][\/vc_column][\/vc_row][vc_row][vc_column width=\u00a0\u00bb2\/3&Prime;][vc_column_text] La nouvelle tendance est de construire dans le respect de la nature.\u00a0 De nouvelles techniques se d\u00e9veloppent et on recherche de plus en plus des mat\u00e9riaux locaux. La chaux est en elle-m\u00eame d\u00e9j\u00e0 \u00e9cologique.\u00a0 On peut la trouver partout et il n\u2019y&hellip;","og_url":"https:\/\/arteconstructo.com\/fr\/proprietes\/bioecologique\/","og_site_name":"Cortex","article_modified_time":"2017-07-31T11:56:04+00:00","twitter_card":"summary_large_image","twitter_misc":{"Dur\u00e9e de lecture estim\u00e9e":"4 minutes"},"schema":{"@context":"https:\/\/schema.org","@graph":[{"@type":"WebPage","@id":"https:\/\/cortexlime.com\/fr\/proprietes\/bioecologique\/","url":"https:\/\/arteconstructo.com\/fr\/proprietes\/bioecologique\/","name":"Mat\u00e9riau Bioecologique - Cortex","isPartOf":{"@id":"https:\/\/cortexlime.com\/#website"},"datePublished":"2016-03-01T14:11:42+00:00","dateModified":"2017-07-31T11:56:04+00:00","breadcrumb":{"@id":"https:\/\/arteconstructo.com\/fr\/proprietes\/bioecologique\/#breadcrumb"},"inLanguage":"fr-FR","potentialAction":[{"@type":"ReadAction","target":["https:\/\/arteconstructo.com\/fr\/proprietes\/bioecologique\/"]}]},{"@type":"BreadcrumbList","@id":"https:\/\/arteconstructo.com\/fr\/proprietes\/bioecologique\/#breadcrumb","itemListElement":[{"@type":"ListItem","position":1,"name":"Accueil","item":"https:\/\/cortexlime.com\/fr\/"},{"@type":"ListItem","position":2,"name":"propri\u00e9t\u00e9s","item":"https:\/\/cortexlime.com\/fr\/proprietes\/"},{"@type":"ListItem","position":3,"name":"Mat\u00e9riau Bioecologique"}]},{"@type":"WebSite","@id":"https:\/\/cortexlime.com\/#website","url":"https:\/\/cortexlime.com\/","name":"Cortex","description":"Lime","potentialAction":[{"@type":"SearchAction","target":{"@type":"EntryPoint","urlTemplate":"https:\/\/cortexlime.com\/?s={search_term_string}"},"query-input":{"@type":"PropertyValueSpecification","valueRequired":true,"valueName":"search_term_string"}}],"inLanguage":"fr-FR"}]}},"_links":{"self":[{"href":"https:\/\/cortexlime.com\/fr\/wp-json\/wp\/v2\/pages\/15781","targetHints":{"allow":["GET"]}}],"collection":[{"href":"https:\/\/cortexlime.com\/fr\/wp-json\/wp\/v2\/pages"}],"about":[{"href":"https:\/\/cortexlime.com\/fr\/wp-json\/wp\/v2\/types\/page"}],"author":[{"embeddable":true,"href":"https:\/\/cortexlime.com\/fr\/wp-json\/wp\/v2\/users\/6"}],"replies":[{"embeddable":true,"href":"https:\/\/cortexlime.com\/fr\/wp-json\/wp\/v2\/comments?post=15781"}],"version-history":[{"count":0,"href":"https:\/\/cortexlime.com\/fr\/wp-json\/wp\/v2\/pages\/15781\/revisions"}],"up":[{"embeddable":true,"href":"https:\/\/cortexlime.com\/fr\/wp-json\/wp\/v2\/pages\/15771"}],"wp:attachment":[{"href":"https:\/\/cortexlime.com\/fr\/wp-json\/wp\/v2\/media?parent=15781"}],"curies":[{"name":"wp","href":"https:\/\/api.w.org\/{rel}","templated":true}]}}