{"id":15760,"date":"2016-03-01T11:05:45","date_gmt":"2016-03-01T11:05:45","guid":{"rendered":"http:\/\/arteconstructo.com\/fr\/?page_id=15760"},"modified":"2017-07-30T22:18:33","modified_gmt":"2017-07-30T21:18:33","slug":"chaux","status":"publish","type":"page","link":"https:\/\/cortexlime.com\/fr\/chaux\/","title":{"rendered":"chaux"},"content":{"rendered":"<div class=\"wpb-content-wrapper\"><p>[vc_row margin_top=\u00a0\u00bb-50&Prime; full_width=\u00a0\u00bbtrue\u00a0\u00bb][vc_column][vc_single_image image=\u00a0\u00bb236&Prime; img_size=\u00a0\u00bbfull\u00a0\u00bb alignment=\u00a0\u00bbcenter\u00a0\u00bb image_hovers=\u00a0\u00bbfalse\u00a0\u00bb][\/vc_column][\/vc_row][vc_row][vc_column][vc_empty_space height=\u00a0\u00bb30px\u00a0\u00bb][vc_row_inner][vc_column_inner width=\u00a0\u00bb1\/3&Prime;][\/vc_column_inner][vc_column_inner width=\u00a0\u00bb1\/3&Prime;][vc_single_image image=\u00a0\u00bb106&Prime; img_size=\u00a0\u00bbfull\u00a0\u00bb alignment=\u00a0\u00bbcenter\u00a0\u00bb image_hovers=\u00a0\u00bbfalse\u00a0\u00bb][\/vc_column_inner][vc_column_inner width=\u00a0\u00bb1\/3&Prime;][\/vc_column_inner][\/vc_row_inner][vc_empty_space height=\u00a0\u00bb20px\u00a0\u00bb][vc_column_text]<\/p>\n<h3 style=\"text-align: center;\">CHAUX.DE.CONSTRUCTION<\/h3>\n<p>[\/vc_column_text][vc_empty_space height=\u00a0\u00bb20px\u00a0\u00bb][vc_row_inner][vc_column_inner width=\u00a0\u00bb1\/6&Prime;][\/vc_column_inner][vc_column_inner width=\u00a0\u00bb2\/3&Prime;][vc_column_text]<\/p>\n<p style=\"text-align: center;\">Il existe plusieurs types de chaux\u00a0(chaux vive, chaux a\u00e9rienne, chaux hydrauliques naturelles, chaux hydrauliques artificielles,\u2026) mais ce qui retient notre attention dans nos activit\u00e9s quotidiennes sont les chaux hydrauliques naturelles et les chaux a\u00e9riennes, plus sp\u00e9cifiquement les chaux utilis\u00e9es en construction et pr\u00e9sentes depuis des si\u00e8cles dans notre patrimoine immobilier.<\/p>\n<p>[\/vc_column_text][\/vc_column_inner][vc_column_inner width=\u00a0\u00bb1\/6&Prime;][\/vc_column_inner][\/vc_row_inner][vc_empty_space height=\u00a0\u00bb62px\u00a0\u00bb][\/vc_column][\/vc_row][vc_row full_width=\u00a0\u00bbtrue\u00a0\u00bb][vc_column]<div class=\"ult-new-ib ult-ib-effect-style2  ult-ib-resp ult-ib2-min-height \" data-min-width=\"768\" data-max-width=\"900\" style=\"background:#000000; opacity:0; \" data-opacity=\"1\" data-hover-opacity=\"0.5\"  data-min-height=\"350\" ><img decoding=\"async\" class=\"ult-new-ib-img\" style=\"opacity:1;\" alt=\"\" src=\"https:\/\/cortexlime.com\/wp-content\/uploads\/2015\/11\/balk-productieproces.jpg\"  data-min-height=\"350\"   \/><div id=\"interactive-banner-wrap-8193\" class=\"ult-new-ib-desc\" style=\"\"><h2 class=\"ult-new-ib-title ult-responsive\"  data-ultimate-target='#interactive-banner-wrap-8193 .ult-new-ib-title'  data-responsive-json-new='{\"font-size\":\"desktop:20px;\",\"line-height\":\"\"}'  style=\"font-weight:normal;color:#ffffff;\">L'HISTOIRE DE LA CHAUX<\/h2><\/div><a class=\"ult-new-ib-link\" href=\"http:\/\/arteconstructo.com\/fr\/chaux\/histoire-de-la-chaux\/\" title=\"L&#039;histoire de la chaux\"  ><\/a><\/div>[\/vc_column][\/vc_row][vc_row margin_top=\u00a0\u00bb-130&Prime; margin_bottom=\u00a0\u00bb-30&Prime; full_width=\u00a0\u00bbtrue\u00a0\u00bb][vc_column]<div class=\"ult-new-ib ult-ib-effect-style2  ult-ib-resp ult-ib2-min-height \" data-min-width=\"768\" data-max-width=\"900\" style=\"background:#000000; opacity:0; \" data-opacity=\"1\" data-hover-opacity=\"0.5\"  data-min-height=\"350\" ><img decoding=\"async\" class=\"ult-new-ib-img\" style=\"opacity:1;\" alt=\"\" src=\"https:\/\/cortexlime.com\/wp-content\/uploads\/2015\/11\/balk-geschiedenis.jpg\"  data-min-height=\"350\"   \/><div id=\"interactive-banner-wrap-7922\" class=\"ult-new-ib-desc\" style=\"\"><h2 class=\"ult-new-ib-title ult-responsive\"  data-ultimate-target='#interactive-banner-wrap-7922 .ult-new-ib-title'  data-responsive-json-new='{\"font-size\":\"desktop:20px;\",\"line-height\":\"\"}'  style=\"font-weight:normal;color:#ffffff;\">LA PRODUCTION DE LA CHAUX (HYDRAULIQUE NATURELLE)<\/h2><\/div><a class=\"ult-new-ib-link\" href=\"http:\/\/arteconstructo.com\/fr\/chaux\/production-de-la-chaux\/\" title=\"Production de la chaux\"  ><\/a><\/div>[\/vc_column][\/vc_row][vc_row][vc_column][vc_empty_space height=\u00a0\u00bb60px\u00a0\u00bb][\/vc_column][\/vc_row][vc_row margin_bottom=\u00a0\u00bb-80&Prime; full_width=\u00a0\u00bbtrue\u00a0\u00bb][vc_column width=\u00a0\u00bb1\/4&Prime;]<div class=\"ult-new-ib ult-ib-effect-style2  ult-ib-resp ult-ib2-min-height \" data-min-width=\"768\" data-max-width=\"900\" style=\"background:#000000; opacity:0; \" data-opacity=\"1\" data-hover-opacity=\"0.5\"  data-min-height=\"428\" ><img decoding=\"async\" class=\"ult-new-ib-img\" style=\"opacity:1;\" alt=\"\" src=\"https:\/\/cortexlime.com\/wp-content\/uploads\/2015\/11\/lavabo.jpg\"  data-min-height=\"428\"   \/><div id=\"interactive-banner-wrap-6247\" class=\"ult-new-ib-desc\" style=\"\"><h2 class=\"ult-new-ib-title ult-responsive\"  data-ultimate-target='#interactive-banner-wrap-6247 .ult-new-ib-title'  data-responsive-json-new='{\"font-size\":\"\",\"line-height\":\"\"}'  style=\"font-weight:normal;color:#ffffff;\">C H A U X<\/h2><\/div><a class=\"ult-new-ib-link\" href=\"http:\/\/arteconstructo.com\/fr\/chaux\/\" title=\"chaux\"  ><\/a><\/div>[\/vc_column][vc_column width=\u00a0\u00bb1\/4&Prime;]<div class=\"ult-new-ib ult-ib-effect-style2  ult-ib-resp ult-ib2-min-height \" data-min-width=\"768\" data-max-width=\"900\" style=\"background:#000000; opacity:0; \" data-opacity=\"1\" data-hover-opacity=\"0.5\"  data-min-height=\"428\" ><img decoding=\"async\" class=\"ult-new-ib-img\" style=\"opacity:1;\" alt=\"\" src=\"https:\/\/cortexlime.com\/wp-content\/uploads\/2015\/11\/trap.jpg\"  data-min-height=\"428\"   \/><div id=\"interactive-banner-wrap-3991\" class=\"ult-new-ib-desc\" style=\"\"><h2 class=\"ult-new-ib-title ult-responsive\"  data-ultimate-target='#interactive-banner-wrap-3991 .ult-new-ib-title'  data-responsive-json-new='{\"font-size\":\"\",\"line-height\":\"\"}'  style=\"font-weight:normal;color:#ffffff;\">P R O P R I E T E S<\/h2><\/div><a class=\"ult-new-ib-link\" href=\"http:\/\/arteconstructo.com\/fr\/proprietes\/\" title=\"proprietes\"  ><\/a><\/div>[\/vc_column][vc_column width=\u00a0\u00bb1\/4&Prime;]<div class=\"ult-new-ib ult-ib-effect-style2  ult-ib-resp ult-ib2-min-height \" data-min-width=\"768\" data-max-width=\"900\" style=\"background:#000000; opacity:0; \" data-opacity=\"1\" data-hover-opacity=\"0.5\"  data-min-height=\"428\" ><img decoding=\"async\" class=\"ult-new-ib-img\" style=\"opacity:1;\" alt=\"\" src=\"https:\/\/cortexlime.com\/wp-content\/uploads\/2015\/11\/paint.jpg\"  data-min-height=\"428\"   \/><div id=\"interactive-banner-wrap-4963\" class=\"ult-new-ib-desc\" style=\"\"><h2 class=\"ult-new-ib-title ult-responsive\"  data-ultimate-target='#interactive-banner-wrap-4963 .ult-new-ib-title'  data-responsive-json-new='{\"font-size\":\"\",\"line-height\":\"\"}'  style=\"font-weight:normal;color:#ffffff;\">I N T E R E S S A N T<\/h2><\/div><a class=\"ult-new-ib-link\" href=\"http:\/\/arteconstructo.com\/fr\/interessant\/\" title=\"interessant\"  ><\/a><\/div>[\/vc_column][vc_column width=\u00a0\u00bb1\/4&Prime;]<div class=\"ult-new-ib ult-ib-effect-style2  ult-ib-resp ult-ib2-min-height \" data-min-width=\"768\" data-max-width=\"900\" style=\"background:#000000; opacity:0; \" data-opacity=\"1\" data-hover-opacity=\"0.5\"  data-min-height=\"428\" ><img decoding=\"async\" class=\"ult-new-ib-img\" style=\"opacity:1;\" alt=\"\" src=\"https:\/\/cortexlime.com\/wp-content\/uploads\/2015\/11\/salon.jpg\"  data-min-height=\"428\"   \/><div id=\"interactive-banner-wrap-9883\" class=\"ult-new-ib-desc\" style=\"\"><h2 class=\"ult-new-ib-title ult-responsive\"  data-ultimate-target='#interactive-banner-wrap-9883 .ult-new-ib-title'  data-responsive-json-new='{\"font-size\":\"\",\"line-height\":\"\"}'  style=\"font-weight:normal;color:#ffffff;\">I M A G E S<\/h2><\/div><a class=\"ult-new-ib-link\" href=\"http:\/\/arteconstructo.com\/fr\/images\/\" title=\"images\"  ><\/a><\/div>[\/vc_column][\/vc_row]<\/p>\n<\/div>","protected":false},"excerpt":{"rendered":"<p>[vc_row margin_top=\u00a0\u00bb-50&Prime; full_width=\u00a0\u00bbtrue\u00a0\u00bb][vc_column][vc_single_image image=\u00a0\u00bb236&Prime; img_size=\u00a0\u00bbfull\u00a0\u00bb alignment=\u00a0\u00bbcenter\u00a0\u00bb image_hovers=\u00a0\u00bbfalse\u00a0\u00bb][\/vc_column][\/vc_row][vc_row][vc_column][vc_empty_space height=\u00a0\u00bb30px\u00a0\u00bb][vc_row_inner][vc_column_inner width=\u00a0\u00bb1\/3&Prime;][\/vc_column_inner][vc_column_inner width=\u00a0\u00bb1\/3&Prime;][vc_single_image image=\u00a0\u00bb106&Prime; img_size=\u00a0\u00bbfull\u00a0\u00bb alignment=\u00a0\u00bbcenter\u00a0\u00bb image_hovers=\u00a0\u00bbfalse\u00a0\u00bb][\/vc_column_inner][vc_column_inner width=\u00a0\u00bb1\/3&Prime;][\/vc_column_inner][\/vc_row_inner][vc_empty_space height=\u00a0\u00bb20px\u00a0\u00bb][vc_column_text] CHAUX.DE.CONSTRUCTION [\/vc_column_text][vc_empty_space height=\u00a0\u00bb20px\u00a0\u00bb][vc_row_inner][vc_column_inner width=\u00a0\u00bb1\/6&Prime;][\/vc_column_inner][vc_column_inner width=\u00a0\u00bb2\/3&Prime;][vc_column_text] Il existe plusieurs types de chaux\u00a0(chaux vive, chaux a\u00e9rienne, chaux hydrauliques naturelles, chaux hydrauliques artificielles,\u2026) mais ce qui retient notre attention dans nos activit\u00e9s quotidiennes sont les chaux hydrauliques naturelles et les chaux a\u00e9riennes,&hellip;<\/p>\n","protected":false},"author":6,"featured_media":0,"parent":0,"menu_order":2,"comment_status":"closed","ping_status":"closed","template":"","meta":{"footnotes":""},"class_list":["post-15760","page","type-page","status-publish","hentry","description-off"],"yoast_head":"<!-- This site is optimized with the Yoast SEO plugin v27.4 - https:\/\/yoast.com\/product\/yoast-seo-wordpress\/ -->\n<title>chaux - Cortex<\/title>\n<meta name=\"robots\" content=\"index, follow, max-snippet:-1, max-image-preview:large, max-video-preview:-1\" \/>\n<link rel=\"canonical\" href=\"https:\/\/arteconstructo.com\/fr\/chaux\/\" \/>\n<meta property=\"og:locale\" content=\"fr_FR\" \/>\n<meta property=\"og:type\" content=\"article\" \/>\n<meta property=\"og:title\" content=\"chaux - Cortex\" \/>\n<meta property=\"og:description\" content=\"[vc_row margin_top=\u00a0\u00bb-50&Prime; full_width=\u00a0\u00bbtrue\u00a0\u00bb][vc_column][vc_single_image image=\u00a0\u00bb236&Prime; img_size=\u00a0\u00bbfull\u00a0\u00bb alignment=\u00a0\u00bbcenter\u00a0\u00bb image_hovers=\u00a0\u00bbfalse\u00a0\u00bb][\/vc_column][\/vc_row][vc_row][vc_column][vc_empty_space height=\u00a0\u00bb30px\u00a0\u00bb][vc_row_inner][vc_column_inner width=\u00a0\u00bb1\/3&Prime;][\/vc_column_inner][vc_column_inner width=\u00a0\u00bb1\/3&Prime;][vc_single_image image=\u00a0\u00bb106&Prime; img_size=\u00a0\u00bbfull\u00a0\u00bb alignment=\u00a0\u00bbcenter\u00a0\u00bb image_hovers=\u00a0\u00bbfalse\u00a0\u00bb][\/vc_column_inner][vc_column_inner width=\u00a0\u00bb1\/3&Prime;][\/vc_column_inner][\/vc_row_inner][vc_empty_space height=\u00a0\u00bb20px\u00a0\u00bb][vc_column_text] CHAUX.DE.CONSTRUCTION [\/vc_column_text][vc_empty_space height=\u00a0\u00bb20px\u00a0\u00bb][vc_row_inner][vc_column_inner width=\u00a0\u00bb1\/6&Prime;][\/vc_column_inner][vc_column_inner width=\u00a0\u00bb2\/3&Prime;][vc_column_text] Il existe plusieurs types de chaux\u00a0(chaux vive, chaux a\u00e9rienne, chaux hydrauliques naturelles, chaux hydrauliques artificielles,\u2026) mais ce qui retient notre attention dans nos activit\u00e9s quotidiennes sont les chaux hydrauliques naturelles et les chaux a\u00e9riennes,&hellip;\" \/>\n<meta property=\"og:url\" content=\"https:\/\/arteconstructo.com\/fr\/chaux\/\" \/>\n<meta property=\"og:site_name\" content=\"Cortex\" \/>\n<meta property=\"article:modified_time\" content=\"2017-07-30T21:18:33+00:00\" \/>\n<meta name=\"twitter:card\" content=\"summary_large_image\" \/>\n<meta name=\"twitter:label1\" content=\"Dur\u00e9e de lecture estim\u00e9e\" \/>\n\t<meta name=\"twitter:data1\" content=\"3 minutes\" \/>\n<script type=\"application\/ld+json\" class=\"yoast-schema-graph\">{\"@context\":\"https:\\\/\\\/schema.org\",\"@graph\":[{\"@type\":\"WebPage\",\"@id\":\"https:\\\/\\\/cortexlime.com\\\/fr\\\/chaux\\\/\",\"url\":\"https:\\\/\\\/arteconstructo.com\\\/fr\\\/chaux\\\/\",\"name\":\"chaux - Cortex\",\"isPartOf\":{\"@id\":\"https:\\\/\\\/cortexlime.com\\\/#website\"},\"datePublished\":\"2016-03-01T11:05:45+00:00\",\"dateModified\":\"2017-07-30T21:18:33+00:00\",\"breadcrumb\":{\"@id\":\"https:\\\/\\\/arteconstructo.com\\\/fr\\\/chaux\\\/#breadcrumb\"},\"inLanguage\":\"fr-FR\",\"potentialAction\":[{\"@type\":\"ReadAction\",\"target\":[\"https:\\\/\\\/arteconstructo.com\\\/fr\\\/chaux\\\/\"]}]},{\"@type\":\"BreadcrumbList\",\"@id\":\"https:\\\/\\\/arteconstructo.com\\\/fr\\\/chaux\\\/#breadcrumb\",\"itemListElement\":[{\"@type\":\"ListItem\",\"position\":1,\"name\":\"Accueil\",\"item\":\"https:\\\/\\\/cortexlime.com\\\/fr\\\/\"},{\"@type\":\"ListItem\",\"position\":2,\"name\":\"chaux\"}]},{\"@type\":\"WebSite\",\"@id\":\"https:\\\/\\\/cortexlime.com\\\/#website\",\"url\":\"https:\\\/\\\/cortexlime.com\\\/\",\"name\":\"Cortex\",\"description\":\"Lime\",\"potentialAction\":[{\"@type\":\"SearchAction\",\"target\":{\"@type\":\"EntryPoint\",\"urlTemplate\":\"https:\\\/\\\/cortexlime.com\\\/?s={search_term_string}\"},\"query-input\":{\"@type\":\"PropertyValueSpecification\",\"valueRequired\":true,\"valueName\":\"search_term_string\"}}],\"inLanguage\":\"fr-FR\"}]}<\/script>\n<!-- \/ Yoast SEO plugin. -->","yoast_head_json":{"title":"chaux - Cortex","robots":{"index":"index","follow":"follow","max-snippet":"max-snippet:-1","max-image-preview":"max-image-preview:large","max-video-preview":"max-video-preview:-1"},"canonical":"https:\/\/arteconstructo.com\/fr\/chaux\/","og_locale":"fr_FR","og_type":"article","og_title":"chaux - Cortex","og_description":"[vc_row margin_top=\u00a0\u00bb-50&Prime; full_width=\u00a0\u00bbtrue\u00a0\u00bb][vc_column][vc_single_image image=\u00a0\u00bb236&Prime; img_size=\u00a0\u00bbfull\u00a0\u00bb alignment=\u00a0\u00bbcenter\u00a0\u00bb image_hovers=\u00a0\u00bbfalse\u00a0\u00bb][\/vc_column][\/vc_row][vc_row][vc_column][vc_empty_space height=\u00a0\u00bb30px\u00a0\u00bb][vc_row_inner][vc_column_inner width=\u00a0\u00bb1\/3&Prime;][\/vc_column_inner][vc_column_inner width=\u00a0\u00bb1\/3&Prime;][vc_single_image image=\u00a0\u00bb106&Prime; img_size=\u00a0\u00bbfull\u00a0\u00bb alignment=\u00a0\u00bbcenter\u00a0\u00bb image_hovers=\u00a0\u00bbfalse\u00a0\u00bb][\/vc_column_inner][vc_column_inner width=\u00a0\u00bb1\/3&Prime;][\/vc_column_inner][\/vc_row_inner][vc_empty_space height=\u00a0\u00bb20px\u00a0\u00bb][vc_column_text] CHAUX.DE.CONSTRUCTION [\/vc_column_text][vc_empty_space height=\u00a0\u00bb20px\u00a0\u00bb][vc_row_inner][vc_column_inner width=\u00a0\u00bb1\/6&Prime;][\/vc_column_inner][vc_column_inner width=\u00a0\u00bb2\/3&Prime;][vc_column_text] Il existe plusieurs types de chaux\u00a0(chaux vive, chaux a\u00e9rienne, chaux hydrauliques naturelles, chaux hydrauliques artificielles,\u2026) mais ce qui retient notre attention dans nos activit\u00e9s quotidiennes sont les chaux hydrauliques naturelles et les chaux a\u00e9riennes,&hellip;","og_url":"https:\/\/arteconstructo.com\/fr\/chaux\/","og_site_name":"Cortex","article_modified_time":"2017-07-30T21:18:33+00:00","twitter_card":"summary_large_image","twitter_misc":{"Dur\u00e9e de lecture estim\u00e9e":"3 minutes"},"schema":{"@context":"https:\/\/schema.org","@graph":[{"@type":"WebPage","@id":"https:\/\/cortexlime.com\/fr\/chaux\/","url":"https:\/\/arteconstructo.com\/fr\/chaux\/","name":"chaux - Cortex","isPartOf":{"@id":"https:\/\/cortexlime.com\/#website"},"datePublished":"2016-03-01T11:05:45+00:00","dateModified":"2017-07-30T21:18:33+00:00","breadcrumb":{"@id":"https:\/\/arteconstructo.com\/fr\/chaux\/#breadcrumb"},"inLanguage":"fr-FR","potentialAction":[{"@type":"ReadAction","target":["https:\/\/arteconstructo.com\/fr\/chaux\/"]}]},{"@type":"BreadcrumbList","@id":"https:\/\/arteconstructo.com\/fr\/chaux\/#breadcrumb","itemListElement":[{"@type":"ListItem","position":1,"name":"Accueil","item":"https:\/\/cortexlime.com\/fr\/"},{"@type":"ListItem","position":2,"name":"chaux"}]},{"@type":"WebSite","@id":"https:\/\/cortexlime.com\/#website","url":"https:\/\/cortexlime.com\/","name":"Cortex","description":"Lime","potentialAction":[{"@type":"SearchAction","target":{"@type":"EntryPoint","urlTemplate":"https:\/\/cortexlime.com\/?s={search_term_string}"},"query-input":{"@type":"PropertyValueSpecification","valueRequired":true,"valueName":"search_term_string"}}],"inLanguage":"fr-FR"}]}},"_links":{"self":[{"href":"https:\/\/cortexlime.com\/fr\/wp-json\/wp\/v2\/pages\/15760","targetHints":{"allow":["GET"]}}],"collection":[{"href":"https:\/\/cortexlime.com\/fr\/wp-json\/wp\/v2\/pages"}],"about":[{"href":"https:\/\/cortexlime.com\/fr\/wp-json\/wp\/v2\/types\/page"}],"author":[{"embeddable":true,"href":"https:\/\/cortexlime.com\/fr\/wp-json\/wp\/v2\/users\/6"}],"replies":[{"embeddable":true,"href":"https:\/\/cortexlime.com\/fr\/wp-json\/wp\/v2\/comments?post=15760"}],"version-history":[{"count":0,"href":"https:\/\/cortexlime.com\/fr\/wp-json\/wp\/v2\/pages\/15760\/revisions"}],"wp:attachment":[{"href":"https:\/\/cortexlime.com\/fr\/wp-json\/wp\/v2\/media?parent=15760"}],"curies":[{"name":"wp","href":"https:\/\/api.w.org\/{rel}","templated":true}]}}