{"id":16149,"date":"2016-07-12T14:20:52","date_gmt":"2016-07-12T13:20:52","guid":{"rendered":"http:\/\/arteconstructo.com\/de\/?page_id=16149"},"modified":"2020-12-29T14:35:18","modified_gmt":"2020-12-29T13:35:18","slug":"kontakt","status":"publish","type":"page","link":"https:\/\/cortexlime.com\/de\/kontakt\/","title":{"rendered":"Kontakt"},"content":{"rendered":"<div class=\"wpb-content-wrapper\"><p>[vc_row full_width=&#8220;true&#8220; margin_top=&#8220;-50&#8243;][vc_column][vc_single_image image=&#8220;330&#8243; img_size=&#8220;full&#8220; alignment=&#8220;center&#8220; image_hovers=&#8220;false&#8220;][\/vc_column][\/vc_row][vc_row][vc_column][vc_empty_space height=&#8220;30px&#8220;][vc_row_inner][vc_column_inner width=&#8220;1\/3&#8243;][\/vc_column_inner][vc_column_inner width=&#8220;1\/3&#8243;][vc_single_image image=&#8220;106&#8243; img_size=&#8220;full&#8220; alignment=&#8220;center&#8220; image_hovers=&#8220;false&#8220;][\/vc_column_inner][vc_column_inner width=&#8220;1\/3&#8243;][\/vc_column_inner][\/vc_row_inner][vc_empty_space height=&#8220;20px&#8220;][vc_column_text]<\/p>\n<h3 style=\"text-align: center;\">KONTAKTIEREN SIE UNS<\/h3>\n<p>[\/vc_column_text][vc_empty_space height=&#8220;20px&#8220;][vc_row_inner][vc_column_inner width=&#8220;1\/6&#8243;][\/vc_column_inner][vc_column_inner width=&#8220;2\/3&#8243;][vc_column_text]<\/p>\n<p class=\"p1\" style=\"text-align: center;\"><span class=\"s1\">Wir freuen uns Ihnen telefonisch oder per E-Mail zur Verf\u00fcgung zu stehen.<br \/>\n<\/span><span class=\"s1\">Bitte f\u00fcllen Sie das Kontaktformular aus, wenn Sie weitere Informationen erhalten m\u00f6chten.<br \/>\n<\/span><span class=\"s1\">Jedes Projekt erh\u00e4lt bei uns, ungeachtet des Umfangs, die n\u00f6tige Aufmerksamkeit.<br \/>\nUnsere Spezialisten sind bem\u00fcht Ihre Anfrage so bald als m\u00f6glich zu beantworten.<\/span>[\/vc_column_text][\/vc_column_inner][vc_column_inner width=&#8220;1\/6&#8243;][\/vc_column_inner][\/vc_row_inner][vc_empty_space height=&#8220;50px&#8220;][\/vc_column][\/vc_row][vc_row][vc_column width=&#8220;1\/3&#8243;][vc_column_text]<\/p>\n<h3>Kontaktinformationen<\/h3>\n<p>[\/vc_column_text][vc_empty_space height=&#8220;34px&#8220;][vc_column_text]<span style=\"color: #000000;\"><strong>CORTEX Lime Knowledge Center S\u00e0rl<\/strong><\/span>[\/vc_column_text][vc_empty_space height=&#8220;16px&#8220;][vc_column_text]<span class=\"color-title\">Adresse :<\/span><br \/>\nPlace Beaulieu 10<br \/>\nCH-3960 Sierre \u2013 Schweiz[\/vc_column_text][vc_empty_space height=&#8220;16px&#8220;][vc_column_text]<span class=\"color-title\">Telefon:<\/span><br \/>\n+41 79 602 60 41[\/vc_column_text][vc_empty_space height=&#8220;16px&#8220;][vc_column_text]<span class=\"color-title\">E-mail:<\/span><br \/>\n<span style=\"color: #3557f0;\"><a href=\"mailto:info@cortexlime.com\">info@cortexlime.com<\/a><\/span>[\/vc_column_text][vc_empty_space height=&#8220;16px&#8220;][vc_column_text]<span class=\"color-title\">num\u00e9ro ID CHE-369.066.128<\/span><br \/>\nTVA CHE-369.066.128[\/vc_column_text][vc_empty_space height=&#8220;40px&#8220;][\/vc_column][vc_column width=&#8220;2\/3&#8243;][vc_column_text]<\/p>\n<h3 class=\"p1\"><span class=\"s1\">Bitte senden Sie uns Ihre Frage, wir freuen uns Ihnen helfen zu k\u00f6nnen.<\/span><\/h3>\n<p>[\/vc_column_text][vc_empty_space height=&#8220;14px&#8220;][vc_raw_html]JTVCZm9ybWlkYWJsZSUyMGlkJTNENCU1RA==[\/vc_raw_html][vc_empty_space height=&#8220;40px&#8220;][\/vc_column][\/vc_row][vc_row][vc_column][vc_empty_space height=&#8220;24px&#8220;][vc_empty_space height=&#8220;45px&#8220;][\/vc_column][\/vc_row][vc_row full_width=&#8220;true&#8220; margin_bottom=&#8220;-80&#8243;][vc_column width=&#8220;1\/4&#8243;]<div class=\"ult-new-ib ult-ib-effect-style2  ult-ib-resp ult-ib2-min-height \" data-min-width=\"768\" data-max-width=\"900\" style=\"background:#000000; opacity:0; \" data-opacity=\"1\" data-hover-opacity=\"0.5\"  data-min-height=\"428\" ><img decoding=\"async\" class=\"ult-new-ib-img\" style=\"opacity:1;\" alt=\"\" src=\"https:\/\/cortexlime.com\/wp-content\/uploads\/2015\/11\/lavabo.jpg\"  data-min-height=\"428\"   \/><div id=\"interactive-banner-wrap-3547\" class=\"ult-new-ib-desc\" style=\"\"><h2 class=\"ult-new-ib-title ult-responsive\"  data-ultimate-target='#interactive-banner-wrap-3547 .ult-new-ib-title'  data-responsive-json-new='{\"font-size\":\"\",\"line-height\":\"\"}'  style=\"font-weight:normal;color:#ffffff;\">K A L K<\/h2><\/div><a class=\"ult-new-ib-link\" href=\"http:\/\/arteconstructo.com\/kalk\/\" title=\"kalk\"  ><\/a><\/div>[\/vc_column][vc_column width=&#8220;1\/4&#8243;]<div class=\"ult-new-ib ult-ib-effect-style2  ult-ib-resp ult-ib2-min-height \" data-min-width=\"768\" data-max-width=\"900\" style=\"background:#000000; opacity:0; \" data-opacity=\"1\" data-hover-opacity=\"0.5\"  data-min-height=\"428\" ><img decoding=\"async\" class=\"ult-new-ib-img\" style=\"opacity:1;\" alt=\"\" src=\"https:\/\/cortexlime.com\/wp-content\/uploads\/2015\/11\/trap.jpg\"  data-min-height=\"428\"   \/><div id=\"interactive-banner-wrap-1647\" class=\"ult-new-ib-desc\" style=\"\"><h2 class=\"ult-new-ib-title ult-responsive\"  data-ultimate-target='#interactive-banner-wrap-1647 .ult-new-ib-title'  data-responsive-json-new='{\"font-size\":\"\",\"line-height\":\"\"}'  style=\"font-weight:normal;color:#ffffff;\">E I G E N S C H A F T E N<\/h2><\/div><a class=\"ult-new-ib-link\" href=\"http:\/\/arteconstructo.com\/eigenschappen\/\" title=\"eigenschappen\"  ><\/a><\/div>[\/vc_column][vc_column width=&#8220;1\/4&#8243;]<div class=\"ult-new-ib ult-ib-effect-style2  ult-ib-resp ult-ib2-min-height \" data-min-width=\"768\" data-max-width=\"900\" style=\"background:#000000; opacity:0; \" data-opacity=\"1\" data-hover-opacity=\"0.5\"  data-min-height=\"428\" ><img decoding=\"async\" class=\"ult-new-ib-img\" style=\"opacity:1;\" alt=\"\" src=\"https:\/\/cortexlime.com\/wp-content\/uploads\/2015\/11\/paint.jpg\"  data-min-height=\"428\"   \/><div id=\"interactive-banner-wrap-2881\" class=\"ult-new-ib-desc\" style=\"\"><h2 class=\"ult-new-ib-title ult-responsive\"  data-ultimate-target='#interactive-banner-wrap-2881 .ult-new-ib-title'  data-responsive-json-new='{\"font-size\":\"\",\"line-height\":\"\"}'  style=\"font-weight:normal;color:#ffffff;\">I N T E R E S S A N T E S<\/h2><\/div><a class=\"ult-new-ib-link\" href=\"http:\/\/arteconstructo.com\/interessant\/\" title=\"interessant\"  ><\/a><\/div>[\/vc_column][vc_column width=&#8220;1\/4&#8243;]<div class=\"ult-new-ib ult-ib-effect-style2  ult-ib-resp ult-ib2-min-height \" data-min-width=\"768\" data-max-width=\"900\" style=\"background:#000000; opacity:0; \" data-opacity=\"1\" data-hover-opacity=\"0.5\"  data-min-height=\"428\" ><img decoding=\"async\" class=\"ult-new-ib-img\" style=\"opacity:1;\" alt=\"\" src=\"https:\/\/cortexlime.com\/wp-content\/uploads\/2015\/11\/salon.jpg\"  data-min-height=\"428\"   \/><div id=\"interactive-banner-wrap-7030\" class=\"ult-new-ib-desc\" style=\"\"><h2 class=\"ult-new-ib-title ult-responsive\"  data-ultimate-target='#interactive-banner-wrap-7030 .ult-new-ib-title'  data-responsive-json-new='{\"font-size\":\"\",\"line-height\":\"\"}'  style=\"font-weight:normal;color:#ffffff;\">B I L D E R<\/h2><\/div><a class=\"ult-new-ib-link\" href=\"http:\/\/arteconstructo.com\/beelden\/\" title=\"kalk\"  ><\/a><\/div>[\/vc_column][\/vc_row]<\/p>\n<\/div>","protected":false},"excerpt":{"rendered":"<p>[vc_row full_width=&#8220;true&#8220; margin_top=&#8220;-50&#8243;][vc_column][vc_single_image image=&#8220;330&#8243; img_size=&#8220;full&#8220; alignment=&#8220;center&#8220; image_hovers=&#8220;false&#8220;][\/vc_column][\/vc_row][vc_row][vc_column][vc_empty_space height=&#8220;30px&#8220;][vc_row_inner][vc_column_inner width=&#8220;1\/3&#8243;][\/vc_column_inner][vc_column_inner width=&#8220;1\/3&#8243;][vc_single_image image=&#8220;106&#8243; img_size=&#8220;full&#8220; alignment=&#8220;center&#8220; image_hovers=&#8220;false&#8220;][\/vc_column_inner][vc_column_inner width=&#8220;1\/3&#8243;][\/vc_column_inner][\/vc_row_inner][vc_empty_space height=&#8220;20px&#8220;][vc_column_text] KONTAKTIEREN SIE UNS [\/vc_column_text][vc_empty_space height=&#8220;20px&#8220;][vc_row_inner][vc_column_inner width=&#8220;1\/6&#8243;][\/vc_column_inner][vc_column_inner width=&#8220;2\/3&#8243;][vc_column_text] Wir freuen uns Ihnen telefonisch oder per E-Mail zur Verf\u00fcgung zu stehen. Bitte f\u00fcllen Sie das Kontaktformular aus, wenn Sie weitere Informationen erhalten m\u00f6chten. Jedes Projekt erh\u00e4lt bei uns, ungeachtet des Umfangs,&hellip;<\/p>\n","protected":false},"author":6,"featured_media":0,"parent":0,"menu_order":9,"comment_status":"closed","ping_status":"closed","template":"","meta":{"footnotes":""},"class_list":["post-16149","page","type-page","status-publish","hentry","description-off"],"yoast_head":"<!-- This site is optimized with the Yoast SEO plugin v27.4 - https:\/\/yoast.com\/product\/yoast-seo-wordpress\/ -->\n<title>Kontakt - Cortex<\/title>\n<meta name=\"robots\" content=\"index, follow, max-snippet:-1, max-image-preview:large, max-video-preview:-1\" \/>\n<link rel=\"canonical\" href=\"https:\/\/cortexlime.com\/de\/kontakt\/\" \/>\n<meta property=\"og:locale\" content=\"de_DE\" \/>\n<meta property=\"og:type\" content=\"article\" \/>\n<meta property=\"og:title\" content=\"Kontakt - Cortex\" \/>\n<meta property=\"og:description\" content=\"[vc_row full_width=&#8220;true&#8220; margin_top=&#8220;-50&#8243;][vc_column][vc_single_image image=&#8220;330&#8243; img_size=&#8220;full&#8220; alignment=&#8220;center&#8220; image_hovers=&#8220;false&#8220;][\/vc_column][\/vc_row][vc_row][vc_column][vc_empty_space height=&#8220;30px&#8220;][vc_row_inner][vc_column_inner width=&#8220;1\/3&#8243;][\/vc_column_inner][vc_column_inner width=&#8220;1\/3&#8243;][vc_single_image image=&#8220;106&#8243; img_size=&#8220;full&#8220; alignment=&#8220;center&#8220; image_hovers=&#8220;false&#8220;][\/vc_column_inner][vc_column_inner width=&#8220;1\/3&#8243;][\/vc_column_inner][\/vc_row_inner][vc_empty_space height=&#8220;20px&#8220;][vc_column_text] KONTAKTIEREN SIE UNS [\/vc_column_text][vc_empty_space height=&#8220;20px&#8220;][vc_row_inner][vc_column_inner width=&#8220;1\/6&#8243;][\/vc_column_inner][vc_column_inner width=&#8220;2\/3&#8243;][vc_column_text] Wir freuen uns Ihnen telefonisch oder per E-Mail zur Verf\u00fcgung zu stehen. Bitte f\u00fcllen Sie das Kontaktformular aus, wenn Sie weitere Informationen erhalten m\u00f6chten. Jedes Projekt erh\u00e4lt bei uns, ungeachtet des Umfangs,&hellip;\" \/>\n<meta property=\"og:url\" content=\"https:\/\/cortexlime.com\/de\/kontakt\/\" \/>\n<meta property=\"og:site_name\" content=\"Cortex\" \/>\n<meta property=\"article:modified_time\" content=\"2020-12-29T13:35:18+00:00\" \/>\n<meta name=\"twitter:card\" content=\"summary_large_image\" \/>\n<meta name=\"twitter:label1\" content=\"Gesch\u00e4tzte Lesezeit\" \/>\n\t<meta name=\"twitter:data1\" content=\"3\u00a0Minuten\" \/>\n<script type=\"application\/ld+json\" class=\"yoast-schema-graph\">{\"@context\":\"https:\\\/\\\/schema.org\",\"@graph\":[{\"@type\":\"WebPage\",\"@id\":\"https:\\\/\\\/cortexlime.com\\\/de\\\/kontakt\\\/\",\"url\":\"https:\\\/\\\/cortexlime.com\\\/de\\\/kontakt\\\/\",\"name\":\"Kontakt - Cortex\",\"isPartOf\":{\"@id\":\"https:\\\/\\\/cortexlime.com\\\/#website\"},\"datePublished\":\"2016-07-12T13:20:52+00:00\",\"dateModified\":\"2020-12-29T13:35:18+00:00\",\"breadcrumb\":{\"@id\":\"https:\\\/\\\/cortexlime.com\\\/de\\\/kontakt\\\/#breadcrumb\"},\"inLanguage\":\"de\",\"potentialAction\":[{\"@type\":\"ReadAction\",\"target\":[\"https:\\\/\\\/cortexlime.com\\\/de\\\/kontakt\\\/\"]}]},{\"@type\":\"BreadcrumbList\",\"@id\":\"https:\\\/\\\/cortexlime.com\\\/de\\\/kontakt\\\/#breadcrumb\",\"itemListElement\":[{\"@type\":\"ListItem\",\"position\":1,\"name\":\"Accueil\",\"item\":\"https:\\\/\\\/cortexlime.com\\\/de\\\/\"},{\"@type\":\"ListItem\",\"position\":2,\"name\":\"Kontakt\"}]},{\"@type\":\"WebSite\",\"@id\":\"https:\\\/\\\/cortexlime.com\\\/#website\",\"url\":\"https:\\\/\\\/cortexlime.com\\\/\",\"name\":\"Cortex\",\"description\":\"Lime\",\"potentialAction\":[{\"@type\":\"SearchAction\",\"target\":{\"@type\":\"EntryPoint\",\"urlTemplate\":\"https:\\\/\\\/cortexlime.com\\\/?s={search_term_string}\"},\"query-input\":{\"@type\":\"PropertyValueSpecification\",\"valueRequired\":true,\"valueName\":\"search_term_string\"}}],\"inLanguage\":\"de\"}]}<\/script>\n<!-- \/ Yoast SEO plugin. -->","yoast_head_json":{"title":"Kontakt - Cortex","robots":{"index":"index","follow":"follow","max-snippet":"max-snippet:-1","max-image-preview":"max-image-preview:large","max-video-preview":"max-video-preview:-1"},"canonical":"https:\/\/cortexlime.com\/de\/kontakt\/","og_locale":"de_DE","og_type":"article","og_title":"Kontakt - Cortex","og_description":"[vc_row full_width=&#8220;true&#8220; margin_top=&#8220;-50&#8243;][vc_column][vc_single_image image=&#8220;330&#8243; img_size=&#8220;full&#8220; alignment=&#8220;center&#8220; image_hovers=&#8220;false&#8220;][\/vc_column][\/vc_row][vc_row][vc_column][vc_empty_space height=&#8220;30px&#8220;][vc_row_inner][vc_column_inner width=&#8220;1\/3&#8243;][\/vc_column_inner][vc_column_inner width=&#8220;1\/3&#8243;][vc_single_image image=&#8220;106&#8243; img_size=&#8220;full&#8220; alignment=&#8220;center&#8220; image_hovers=&#8220;false&#8220;][\/vc_column_inner][vc_column_inner width=&#8220;1\/3&#8243;][\/vc_column_inner][\/vc_row_inner][vc_empty_space height=&#8220;20px&#8220;][vc_column_text] KONTAKTIEREN SIE UNS [\/vc_column_text][vc_empty_space height=&#8220;20px&#8220;][vc_row_inner][vc_column_inner width=&#8220;1\/6&#8243;][\/vc_column_inner][vc_column_inner width=&#8220;2\/3&#8243;][vc_column_text] Wir freuen uns Ihnen telefonisch oder per E-Mail zur Verf\u00fcgung zu stehen. Bitte f\u00fcllen Sie das Kontaktformular aus, wenn Sie weitere Informationen erhalten m\u00f6chten. Jedes Projekt erh\u00e4lt bei uns, ungeachtet des Umfangs,&hellip;","og_url":"https:\/\/cortexlime.com\/de\/kontakt\/","og_site_name":"Cortex","article_modified_time":"2020-12-29T13:35:18+00:00","twitter_card":"summary_large_image","twitter_misc":{"Gesch\u00e4tzte Lesezeit":"3\u00a0Minuten"},"schema":{"@context":"https:\/\/schema.org","@graph":[{"@type":"WebPage","@id":"https:\/\/cortexlime.com\/de\/kontakt\/","url":"https:\/\/cortexlime.com\/de\/kontakt\/","name":"Kontakt - Cortex","isPartOf":{"@id":"https:\/\/cortexlime.com\/#website"},"datePublished":"2016-07-12T13:20:52+00:00","dateModified":"2020-12-29T13:35:18+00:00","breadcrumb":{"@id":"https:\/\/cortexlime.com\/de\/kontakt\/#breadcrumb"},"inLanguage":"de","potentialAction":[{"@type":"ReadAction","target":["https:\/\/cortexlime.com\/de\/kontakt\/"]}]},{"@type":"BreadcrumbList","@id":"https:\/\/cortexlime.com\/de\/kontakt\/#breadcrumb","itemListElement":[{"@type":"ListItem","position":1,"name":"Accueil","item":"https:\/\/cortexlime.com\/de\/"},{"@type":"ListItem","position":2,"name":"Kontakt"}]},{"@type":"WebSite","@id":"https:\/\/cortexlime.com\/#website","url":"https:\/\/cortexlime.com\/","name":"Cortex","description":"Lime","potentialAction":[{"@type":"SearchAction","target":{"@type":"EntryPoint","urlTemplate":"https:\/\/cortexlime.com\/?s={search_term_string}"},"query-input":{"@type":"PropertyValueSpecification","valueRequired":true,"valueName":"search_term_string"}}],"inLanguage":"de"}]}},"_links":{"self":[{"href":"https:\/\/cortexlime.com\/de\/wp-json\/wp\/v2\/pages\/16149","targetHints":{"allow":["GET"]}}],"collection":[{"href":"https:\/\/cortexlime.com\/de\/wp-json\/wp\/v2\/pages"}],"about":[{"href":"https:\/\/cortexlime.com\/de\/wp-json\/wp\/v2\/types\/page"}],"author":[{"embeddable":true,"href":"https:\/\/cortexlime.com\/de\/wp-json\/wp\/v2\/users\/6"}],"replies":[{"embeddable":true,"href":"https:\/\/cortexlime.com\/de\/wp-json\/wp\/v2\/comments?post=16149"}],"version-history":[{"count":5,"href":"https:\/\/cortexlime.com\/de\/wp-json\/wp\/v2\/pages\/16149\/revisions"}],"predecessor-version":[{"id":17558,"href":"https:\/\/cortexlime.com\/de\/wp-json\/wp\/v2\/pages\/16149\/revisions\/17558"}],"wp:attachment":[{"href":"https:\/\/cortexlime.com\/de\/wp-json\/wp\/v2\/media?parent=16149"}],"curies":[{"name":"wp","href":"https:\/\/api.w.org\/{rel}","templated":true}]}}