{"id":16145,"date":"2016-07-12T14:09:09","date_gmt":"2016-07-12T13:09:09","guid":{"rendered":"http:\/\/arteconstructo.com\/de\/?page_id=16145"},"modified":"2019-04-09T09:20:07","modified_gmt":"2019-04-09T08:20:07","slug":"arcoengineering","status":"publish","type":"page","link":"https:\/\/cortexlime.com\/de\/arcoengineering\/","title":{"rendered":"ARCOengineering"},"content":{"rendered":"<div class=\"wpb-content-wrapper\"><p>[vc_row full_width=&#8220;true&#8220; margin_top=&#8220;-50&#8243;][vc_column][vc_single_image image=&#8220;234&#8243; img_size=&#8220;full&#8220; alignment=&#8220;center&#8220; image_hovers=&#8220;false&#8220;][\/vc_column][\/vc_row][vc_row][vc_column][vc_empty_space height=&#8220;60px&#8220;][vc_column_text]<\/p>\n<h3 style=\"text-align: center;\">CORTEX Lime<\/h3>\n<p>[\/vc_column_text][vc_empty_space height=&#8220;60px&#8220;][\/vc_column][\/vc_row][vc_row][vc_column][vc_column_text]<\/p>\n<p class=\"p1\"><span class=\"s1\">CORTEX Lime S\u00e0rl ist ein Lieferant <b>kalk<\/b>basierender Produkte.<\/span><\/p>\n<p class=\"p1\"><span class=\"s1\">Seit der Gr\u00fcndung hat das Unternehmen umfassende Erfahrungen mit Restaurierungsarbeiten sammeln k\u00f6nnen und konzentriert sich nun auch auf nachhaltige Architektur (LEED). <\/span><\/p>\n<p class=\"p1\"><span class=\"s1\">CORTEX Lime S\u00e0rl bietet <b>Beratung<\/b> und Unterst\u00fctzung f\u00fcr den Bau und die Restaurierung von Projekten \u2013 vom Konzept bis zur Fertigstellung. <\/span><\/p>\n<p class=\"p1\"><span class=\"s1\">CORTEX Lime S\u00e0rl verf\u00fcgt \u00fcber ein internationales <b>Netzwerk<\/b> aus verschiedenen Distributionszentren, mit denen das Unternehmen regelm\u00e4ssige und vertrauliche Partnerschaften pflegt. <\/span><\/p>\n<p class=\"p1\"><span class=\"s1\">In Bezug auf die nachhaltige Bauweise gibt es eine <b>Zusammenarbeit<\/b> mit Ziegelherstellern (Poroton, Isohemp, Argio,\u2026) und Isolierungsproduzenten (Foamglas, Gutex, Diffutherm, Multipor,\u2026).<span class=\"Apple-converted-space\">\u00a0 <\/span>Das Unternehmen geh\u00f6rt auch Clusters wie VIBE, ECO-BUILD, ECOCLUSTER\u2026 an.<\/span><\/p>\n<p>[\/vc_column_text][\/vc_column][\/vc_row][vc_row][vc_column][vc_empty_space height=&#8220;50px&#8220;][vc_empty_space height=&#8220;50px&#8220;][\/vc_column][\/vc_row][vc_row full_width=&#8220;true&#8220; margin_bottom=&#8220;-50&#8243;][vc_column width=&#8220;1\/4&#8243;]<div class=\"ult-new-ib ult-ib-effect-style2  ult-ib-resp ult-ib2-min-height \" data-min-width=\"768\" data-max-width=\"900\" style=\"background:#000000; opacity:0; \" data-opacity=\"1\" data-hover-opacity=\"0.5\"  data-min-height=\"428\" ><img decoding=\"async\" class=\"ult-new-ib-img\" style=\"opacity:1;\" alt=\"\" src=\"https:\/\/cortexlime.com\/wp-content\/uploads\/2015\/11\/lavabo.jpg\"  data-min-height=\"428\"   \/><div id=\"interactive-banner-wrap-5420\" class=\"ult-new-ib-desc\" style=\"\"><h2 class=\"ult-new-ib-title ult-responsive\"  data-ultimate-target='#interactive-banner-wrap-5420 .ult-new-ib-title'  data-responsive-json-new='{\"font-size\":\"\",\"line-height\":\"\"}'  style=\"font-weight:normal;color:#ffffff;\">K A L K<\/h2><\/div><a class=\"ult-new-ib-link\" href=\"http:\/\/arteconstructo.com\/de\/kalk\/\" title=\"K A L K\"  ><\/a><\/div>[\/vc_column][vc_column width=&#8220;1\/4&#8243;]<div class=\"ult-new-ib ult-ib-effect-style2  ult-ib-resp ult-ib2-min-height \" data-min-width=\"768\" data-max-width=\"900\" style=\"background:#000000; opacity:0; \" data-opacity=\"1\" data-hover-opacity=\"0.5\"  data-min-height=\"428\" ><img decoding=\"async\" class=\"ult-new-ib-img\" style=\"opacity:1;\" alt=\"\" src=\"https:\/\/cortexlime.com\/wp-content\/uploads\/2015\/11\/trap.jpg\"  data-min-height=\"428\"   \/><div id=\"interactive-banner-wrap-8174\" class=\"ult-new-ib-desc\" style=\"\"><h2 class=\"ult-new-ib-title ult-responsive\"  data-ultimate-target='#interactive-banner-wrap-8174 .ult-new-ib-title'  data-responsive-json-new='{\"font-size\":\"\",\"line-height\":\"\"}'  style=\"font-weight:normal;color:#ffffff;\">E I G E N S C H A F T E N<\/h2><\/div><a class=\"ult-new-ib-link\" href=\"http:\/\/arteconstructo.com\/de\/technische-eigenschaften\/\" title=\"E I G E N S C H A F T E N\"  ><\/a><\/div>[\/vc_column][vc_column width=&#8220;1\/4&#8243;]<div class=\"ult-new-ib ult-ib-effect-style2  ult-ib-resp ult-ib2-min-height \" data-min-width=\"768\" data-max-width=\"900\" style=\"background:#000000; opacity:0; \" data-opacity=\"1\" data-hover-opacity=\"0.5\"  data-min-height=\"428\" ><img decoding=\"async\" class=\"ult-new-ib-img\" style=\"opacity:1;\" alt=\"\" src=\"https:\/\/cortexlime.com\/wp-content\/uploads\/2015\/11\/paint.jpg\"  data-min-height=\"428\"   \/><div id=\"interactive-banner-wrap-9122\" class=\"ult-new-ib-desc\" style=\"\"><h2 class=\"ult-new-ib-title ult-responsive\"  data-ultimate-target='#interactive-banner-wrap-9122 .ult-new-ib-title'  data-responsive-json-new='{\"font-size\":\"\",\"line-height\":\"\"}'  style=\"font-weight:normal;color:#ffffff;\">I N T E R E S S A N T E S<\/h2><\/div><a class=\"ult-new-ib-link\" href=\"http:\/\/arteconstructo.com\/de\/interessantes\/\" title=\"I N T E R E S S A N T E S\"  ><\/a><\/div>[\/vc_column][vc_column width=&#8220;1\/4&#8243;]<div class=\"ult-new-ib ult-ib-effect-style2  ult-ib-resp ult-ib2-min-height \" data-min-width=\"768\" data-max-width=\"900\" style=\"background:#000000; opacity:0; \" data-opacity=\"1\" data-hover-opacity=\"0.5\"  data-min-height=\"428\" ><img decoding=\"async\" class=\"ult-new-ib-img\" style=\"opacity:1;\" alt=\"\" src=\"https:\/\/cortexlime.com\/wp-content\/uploads\/2015\/11\/salon.jpg\"  data-min-height=\"428\"   \/><div id=\"interactive-banner-wrap-3303\" class=\"ult-new-ib-desc\" style=\"\"><h2 class=\"ult-new-ib-title ult-responsive\"  data-ultimate-target='#interactive-banner-wrap-3303 .ult-new-ib-title'  data-responsive-json-new='{\"font-size\":\"\",\"line-height\":\"\"}'  style=\"font-weight:normal;color:#ffffff;\">B I L D E R<\/h2><\/div><a class=\"ult-new-ib-link\" href=\"http:\/\/arteconstructo.com\/de\/bilder\/\" title=\"B I L D E R\"  ><\/a><\/div>[\/vc_column][\/vc_row]<\/p>\n<\/div>","protected":false},"excerpt":{"rendered":"<p>[vc_row full_width=&#8220;true&#8220; margin_top=&#8220;-50&#8243;][vc_column][vc_single_image image=&#8220;234&#8243; img_size=&#8220;full&#8220; alignment=&#8220;center&#8220; image_hovers=&#8220;false&#8220;][\/vc_column][\/vc_row][vc_row][vc_column][vc_empty_space height=&#8220;60px&#8220;][vc_column_text] CORTEX Lime [\/vc_column_text][vc_empty_space height=&#8220;60px&#8220;][\/vc_column][\/vc_row][vc_row][vc_column][vc_column_text] CORTEX Lime S\u00e0rl ist ein Lieferant kalkbasierender Produkte. Seit der Gr\u00fcndung hat das Unternehmen umfassende Erfahrungen mit Restaurierungsarbeiten sammeln k\u00f6nnen und konzentriert sich nun auch auf nachhaltige Architektur (LEED). CORTEX Lime S\u00e0rl bietet Beratung und Unterst\u00fctzung f\u00fcr den Bau und die Restaurierung von&hellip;<\/p>\n","protected":false},"author":6,"featured_media":0,"parent":0,"menu_order":6,"comment_status":"closed","ping_status":"closed","template":"","meta":{"footnotes":""},"class_list":["post-16145","page","type-page","status-publish","hentry","description-off"],"yoast_head":"<!-- This site is optimized with the Yoast SEO plugin v27.4 - https:\/\/yoast.com\/product\/yoast-seo-wordpress\/ -->\n<title>ARCOengineering - Cortex<\/title>\n<meta name=\"robots\" content=\"index, follow, max-snippet:-1, max-image-preview:large, max-video-preview:-1\" \/>\n<link rel=\"canonical\" href=\"https:\/\/cortexlime.com\/de\/arcoengineering\/\" \/>\n<meta property=\"og:locale\" content=\"de_DE\" \/>\n<meta property=\"og:type\" content=\"article\" \/>\n<meta property=\"og:title\" content=\"ARCOengineering - Cortex\" \/>\n<meta property=\"og:description\" content=\"[vc_row full_width=&#8220;true&#8220; margin_top=&#8220;-50&#8243;][vc_column][vc_single_image image=&#8220;234&#8243; img_size=&#8220;full&#8220; alignment=&#8220;center&#8220; image_hovers=&#8220;false&#8220;][\/vc_column][\/vc_row][vc_row][vc_column][vc_empty_space height=&#8220;60px&#8220;][vc_column_text] CORTEX Lime [\/vc_column_text][vc_empty_space height=&#8220;60px&#8220;][\/vc_column][\/vc_row][vc_row][vc_column][vc_column_text] CORTEX Lime S\u00e0rl ist ein Lieferant kalkbasierender Produkte. Seit der Gr\u00fcndung hat das Unternehmen umfassende Erfahrungen mit Restaurierungsarbeiten sammeln k\u00f6nnen und konzentriert sich nun auch auf nachhaltige Architektur (LEED). CORTEX Lime S\u00e0rl bietet Beratung und Unterst\u00fctzung f\u00fcr den Bau und die Restaurierung von&hellip;\" \/>\n<meta property=\"og:url\" content=\"https:\/\/cortexlime.com\/de\/arcoengineering\/\" \/>\n<meta property=\"og:site_name\" content=\"Cortex\" \/>\n<meta property=\"article:modified_time\" content=\"2019-04-09T08:20:07+00:00\" \/>\n<meta name=\"twitter:card\" content=\"summary_large_image\" \/>\n<meta name=\"twitter:label1\" content=\"Gesch\u00e4tzte Lesezeit\" \/>\n\t<meta name=\"twitter:data1\" content=\"2\u00a0Minuten\" \/>\n<script type=\"application\/ld+json\" class=\"yoast-schema-graph\">{\"@context\":\"https:\\\/\\\/schema.org\",\"@graph\":[{\"@type\":\"WebPage\",\"@id\":\"https:\\\/\\\/cortexlime.com\\\/de\\\/arcoengineering\\\/\",\"url\":\"https:\\\/\\\/cortexlime.com\\\/de\\\/arcoengineering\\\/\",\"name\":\"ARCOengineering - Cortex\",\"isPartOf\":{\"@id\":\"https:\\\/\\\/cortexlime.com\\\/#website\"},\"datePublished\":\"2016-07-12T13:09:09+00:00\",\"dateModified\":\"2019-04-09T08:20:07+00:00\",\"breadcrumb\":{\"@id\":\"https:\\\/\\\/cortexlime.com\\\/de\\\/arcoengineering\\\/#breadcrumb\"},\"inLanguage\":\"de\",\"potentialAction\":[{\"@type\":\"ReadAction\",\"target\":[\"https:\\\/\\\/cortexlime.com\\\/de\\\/arcoengineering\\\/\"]}]},{\"@type\":\"BreadcrumbList\",\"@id\":\"https:\\\/\\\/cortexlime.com\\\/de\\\/arcoengineering\\\/#breadcrumb\",\"itemListElement\":[{\"@type\":\"ListItem\",\"position\":1,\"name\":\"Accueil\",\"item\":\"https:\\\/\\\/cortexlime.com\\\/de\\\/\"},{\"@type\":\"ListItem\",\"position\":2,\"name\":\"ARCOengineering\"}]},{\"@type\":\"WebSite\",\"@id\":\"https:\\\/\\\/cortexlime.com\\\/#website\",\"url\":\"https:\\\/\\\/cortexlime.com\\\/\",\"name\":\"Cortex\",\"description\":\"Lime\",\"potentialAction\":[{\"@type\":\"SearchAction\",\"target\":{\"@type\":\"EntryPoint\",\"urlTemplate\":\"https:\\\/\\\/cortexlime.com\\\/?s={search_term_string}\"},\"query-input\":{\"@type\":\"PropertyValueSpecification\",\"valueRequired\":true,\"valueName\":\"search_term_string\"}}],\"inLanguage\":\"de\"}]}<\/script>\n<!-- \/ Yoast SEO plugin. -->","yoast_head_json":{"title":"ARCOengineering - Cortex","robots":{"index":"index","follow":"follow","max-snippet":"max-snippet:-1","max-image-preview":"max-image-preview:large","max-video-preview":"max-video-preview:-1"},"canonical":"https:\/\/cortexlime.com\/de\/arcoengineering\/","og_locale":"de_DE","og_type":"article","og_title":"ARCOengineering - Cortex","og_description":"[vc_row full_width=&#8220;true&#8220; margin_top=&#8220;-50&#8243;][vc_column][vc_single_image image=&#8220;234&#8243; img_size=&#8220;full&#8220; alignment=&#8220;center&#8220; image_hovers=&#8220;false&#8220;][\/vc_column][\/vc_row][vc_row][vc_column][vc_empty_space height=&#8220;60px&#8220;][vc_column_text] CORTEX Lime [\/vc_column_text][vc_empty_space height=&#8220;60px&#8220;][\/vc_column][\/vc_row][vc_row][vc_column][vc_column_text] CORTEX Lime S\u00e0rl ist ein Lieferant kalkbasierender Produkte. Seit der Gr\u00fcndung hat das Unternehmen umfassende Erfahrungen mit Restaurierungsarbeiten sammeln k\u00f6nnen und konzentriert sich nun auch auf nachhaltige Architektur (LEED). CORTEX Lime S\u00e0rl bietet Beratung und Unterst\u00fctzung f\u00fcr den Bau und die Restaurierung von&hellip;","og_url":"https:\/\/cortexlime.com\/de\/arcoengineering\/","og_site_name":"Cortex","article_modified_time":"2019-04-09T08:20:07+00:00","twitter_card":"summary_large_image","twitter_misc":{"Gesch\u00e4tzte Lesezeit":"2\u00a0Minuten"},"schema":{"@context":"https:\/\/schema.org","@graph":[{"@type":"WebPage","@id":"https:\/\/cortexlime.com\/de\/arcoengineering\/","url":"https:\/\/cortexlime.com\/de\/arcoengineering\/","name":"ARCOengineering - Cortex","isPartOf":{"@id":"https:\/\/cortexlime.com\/#website"},"datePublished":"2016-07-12T13:09:09+00:00","dateModified":"2019-04-09T08:20:07+00:00","breadcrumb":{"@id":"https:\/\/cortexlime.com\/de\/arcoengineering\/#breadcrumb"},"inLanguage":"de","potentialAction":[{"@type":"ReadAction","target":["https:\/\/cortexlime.com\/de\/arcoengineering\/"]}]},{"@type":"BreadcrumbList","@id":"https:\/\/cortexlime.com\/de\/arcoengineering\/#breadcrumb","itemListElement":[{"@type":"ListItem","position":1,"name":"Accueil","item":"https:\/\/cortexlime.com\/de\/"},{"@type":"ListItem","position":2,"name":"ARCOengineering"}]},{"@type":"WebSite","@id":"https:\/\/cortexlime.com\/#website","url":"https:\/\/cortexlime.com\/","name":"Cortex","description":"Lime","potentialAction":[{"@type":"SearchAction","target":{"@type":"EntryPoint","urlTemplate":"https:\/\/cortexlime.com\/?s={search_term_string}"},"query-input":{"@type":"PropertyValueSpecification","valueRequired":true,"valueName":"search_term_string"}}],"inLanguage":"de"}]}},"_links":{"self":[{"href":"https:\/\/cortexlime.com\/de\/wp-json\/wp\/v2\/pages\/16145","targetHints":{"allow":["GET"]}}],"collection":[{"href":"https:\/\/cortexlime.com\/de\/wp-json\/wp\/v2\/pages"}],"about":[{"href":"https:\/\/cortexlime.com\/de\/wp-json\/wp\/v2\/types\/page"}],"author":[{"embeddable":true,"href":"https:\/\/cortexlime.com\/de\/wp-json\/wp\/v2\/users\/6"}],"replies":[{"embeddable":true,"href":"https:\/\/cortexlime.com\/de\/wp-json\/wp\/v2\/comments?post=16145"}],"version-history":[{"count":1,"href":"https:\/\/cortexlime.com\/de\/wp-json\/wp\/v2\/pages\/16145\/revisions"}],"predecessor-version":[{"id":17120,"href":"https:\/\/cortexlime.com\/de\/wp-json\/wp\/v2\/pages\/16145\/revisions\/17120"}],"wp:attachment":[{"href":"https:\/\/cortexlime.com\/de\/wp-json\/wp\/v2\/media?parent=16145"}],"curies":[{"name":"wp","href":"https:\/\/api.w.org\/{rel}","templated":true}]}}