{"id":16129,"date":"2016-07-12T13:14:59","date_gmt":"2016-07-12T12:14:59","guid":{"rendered":"http:\/\/arteconstructo.com\/de\/?page_id=16129"},"modified":"2016-12-20T07:55:11","modified_gmt":"2016-12-20T06:55:11","slug":"keim","status":"publish","type":"page","link":"https:\/\/cortexlime.com\/de\/technische-datenblaetter\/keim\/","title":{"rendered":"Keim"},"content":{"rendered":"<div class=\"wpb-content-wrapper\"><p>[vc_row][vc_column][vc_column_text]<\/p>\n<h3 style=\"text-align: center;\">T E C H N I S C H E \u00a0D A T E N B L \u00c4 T T E R<\/h3>\n<h3 style=\"text-align: center;\">KEIM<\/h3>\n<p>[\/vc_column_text][vc_empty_space][\/vc_column][\/vc_row][vc_row][vc_column][vc_column_text]<\/p>\n<p class=\"p1\"><span class=\"s1\"><b><a href=\"https:\/\/cortexlime.com\/wp-content\/uploads\/2016\/12\/ARCO-KEIM-PURKRISTALAT-Tech-Merkblatt.pdf\">Purkristalat<\/a><br \/>\n<\/b><\/span><span class=\"s1\">Art: reines Silikatfarbenpulver, zur Verd\u00fcnnung mit Fixativ<br \/>\n<\/span><span class=\"s1\">Anwendungsbereich: Restaurierung von Malereien im Innen- und Aussenbereich, mineralische Untergr\u00fcnde <\/span><\/p>\n<p class=\"p1\"><span class=\"s1\"><b><a href=\"https:\/\/cortexlime.com\/wp-content\/uploads\/2016\/12\/ARCO-KEIM-GRANITAL-Tech-Merkblatt.pdf\">Granital<\/a><br \/>\n<\/b><\/span><span class=\"s1\">Art: Silikatfarbe, zur Verd\u00fcnnung mit Spezial-Fixativ<br \/>\n<\/span><span class=\"s1\">Anwendungsbereich: Oberfl\u00e4chenbeschichtung im Aussenbereich, mineralische Untergr\u00fcnde <\/span><\/p>\n<p class=\"p1\"><span class=\"s1\"><b><a href=\"https:\/\/cortexlime.com\/wp-content\/uploads\/2016\/12\/ARCO-KEIM-BIOSIL-Tech-Merkblatt.pdf\">Biosil<\/a><br \/>\n<\/b><\/span><span class=\"s1\">Art: Silikatfarbe, zur Verd\u00fcnnung mit Spezial-Fixativ<br \/>\n<\/span><span class=\"s1\">Anwendungsbereich: Oberfl\u00e4chenbeschichtung im Aussenbereich, mineralische Untergr\u00fcnde <\/span><\/p>\n<p class=\"p1\"><span class=\"s1\"><b><a href=\"https:\/\/cortexlime.com\/wp-content\/uploads\/2016\/12\/ARCO-KEIM-CONCRETON-W-Tech-Merkblatt.pdf\">Concreton W<\/a><br \/>\n<\/b><\/span><span class=\"s1\">Art: Sol-Silikat-Betonfarbschutzanstrich, zur Verd\u00fcnnung mit Fixativ Concreton<br \/>\n<\/span><span class=\"s1\">Anwendungsbereich: wasserabweisender Schutz f\u00fcr Beton<\/span><\/p>\n<p class=\"p1\"><span class=\"s1\"><b><a href=\"https:\/\/cortexlime.com\/wp-content\/uploads\/2016\/12\/ARCO-KEIM-SOLDALAN-ME-Tech-Merkblatt.pdf\">Soldalan ME<\/a><br \/>\n<\/b><\/span><span class=\"s1\">Art: mineralische, fotokatalytische Sol-Silikat-Aussenfarbe, zur Verd\u00fcnnung mit Fixativ Soldalan<br \/>\n<\/span><span class=\"s1\">Anwendungsbereich: Oberfl\u00e4chenbeschichtung im Aussenbereich, mineralische oder angestrichene Untergr\u00fcnde<\/span><\/p>\n<p class=\"p1\"><span class=\"s1\"><b><a href=\"https:\/\/cortexlime.com\/wp-content\/uploads\/2016\/12\/ARCO-KEIM-CONTACT-PLUS-Tech-Merkblatt.pdf\">Contact Plus<\/a><br \/>\n<\/b><\/span><span class=\"s1\">Art: silikatbasierende Grundierungsbeschichtung<br \/>\n<\/span><span class=\"s1\">Anwendungsbereich: Anwendung im Innenbereich, f\u00fcr alle Untergr\u00fcnde geeignet<\/span><\/p>\n<div class=\"gap\" style=\"line-height: 32px; height: 32px;\"><\/div>\n<div class=\"hr-thick\"><\/div>\n<div class=\"gap\" style=\"line-height: 20px; height: 20px;\"><\/div>\n<p class=\"p1\"><strong><span class=\"s1\">Andere technische Datenbl\u00e4tter auf Anfrage<\/span><\/strong><\/p>\n<div class=\"gap\" style=\"line-height: 20px; height: 20px;\"><\/div>\n<div class=\"hr-thick\"><\/div>\n<p>[\/vc_column_text][\/vc_column][\/vc_row]<\/p>\n<\/div>","protected":false},"excerpt":{"rendered":"<p>[vc_row][vc_column][vc_column_text] T E C H N I S C H E \u00a0D A T E N B L \u00c4 T T E R KEIM [\/vc_column_text][vc_empty_space][\/vc_column][\/vc_row][vc_row][vc_column][vc_column_text] Purkristalat Art: reines Silikatfarbenpulver, zur Verd\u00fcnnung mit Fixativ Anwendungsbereich: Restaurierung von Malereien im Innen- und Aussenbereich, mineralische Untergr\u00fcnde Granital Art: Silikatfarbe, zur Verd\u00fcnnung mit Spezial-Fixativ Anwendungsbereich: Oberfl\u00e4chenbeschichtung im Aussenbereich, mineralische&hellip;<\/p>\n","protected":false},"author":6,"featured_media":0,"parent":16121,"menu_order":2,"comment_status":"closed","ping_status":"closed","template":"","meta":{"footnotes":""},"class_list":["post-16129","page","type-page","status-publish","hentry","description-off"],"yoast_head":"<!-- This site is optimized with the Yoast SEO plugin v27.4 - https:\/\/yoast.com\/product\/yoast-seo-wordpress\/ -->\n<title>Keim - Cortex<\/title>\n<meta name=\"robots\" content=\"index, follow, max-snippet:-1, max-image-preview:large, max-video-preview:-1\" \/>\n<link rel=\"canonical\" href=\"https:\/\/cortexlime.com\/de\/technische-datenblaetter\/keim\/\" \/>\n<meta property=\"og:locale\" content=\"de_DE\" \/>\n<meta property=\"og:type\" content=\"article\" \/>\n<meta property=\"og:title\" content=\"Keim - Cortex\" \/>\n<meta property=\"og:description\" content=\"[vc_row][vc_column][vc_column_text] T E C H N I S C H E \u00a0D A T E N B L \u00c4 T T E R KEIM [\/vc_column_text][vc_empty_space][\/vc_column][\/vc_row][vc_row][vc_column][vc_column_text] Purkristalat Art: reines Silikatfarbenpulver, zur Verd\u00fcnnung mit Fixativ Anwendungsbereich: Restaurierung von Malereien im Innen- und Aussenbereich, mineralische Untergr\u00fcnde Granital Art: Silikatfarbe, zur Verd\u00fcnnung mit Spezial-Fixativ Anwendungsbereich: Oberfl\u00e4chenbeschichtung im Aussenbereich, mineralische&hellip;\" \/>\n<meta property=\"og:url\" content=\"https:\/\/cortexlime.com\/de\/technische-datenblaetter\/keim\/\" \/>\n<meta property=\"og:site_name\" content=\"Cortex\" \/>\n<meta property=\"article:modified_time\" content=\"2016-12-20T06:55:11+00:00\" \/>\n<meta name=\"twitter:card\" content=\"summary_large_image\" \/>\n<meta name=\"twitter:label1\" content=\"Gesch\u00e4tzte Lesezeit\" \/>\n\t<meta name=\"twitter:data1\" content=\"1\u00a0Minute\" \/>\n<script type=\"application\/ld+json\" class=\"yoast-schema-graph\">{\"@context\":\"https:\\\/\\\/schema.org\",\"@graph\":[{\"@type\":\"WebPage\",\"@id\":\"https:\\\/\\\/cortexlime.com\\\/de\\\/technische-datenblaetter\\\/keim\\\/\",\"url\":\"https:\\\/\\\/cortexlime.com\\\/de\\\/technische-datenblaetter\\\/keim\\\/\",\"name\":\"Keim - Cortex\",\"isPartOf\":{\"@id\":\"https:\\\/\\\/cortexlime.com\\\/#website\"},\"datePublished\":\"2016-07-12T12:14:59+00:00\",\"dateModified\":\"2016-12-20T06:55:11+00:00\",\"breadcrumb\":{\"@id\":\"https:\\\/\\\/cortexlime.com\\\/de\\\/technische-datenblaetter\\\/keim\\\/#breadcrumb\"},\"inLanguage\":\"de\",\"potentialAction\":[{\"@type\":\"ReadAction\",\"target\":[\"https:\\\/\\\/cortexlime.com\\\/de\\\/technische-datenblaetter\\\/keim\\\/\"]}]},{\"@type\":\"BreadcrumbList\",\"@id\":\"https:\\\/\\\/cortexlime.com\\\/de\\\/technische-datenblaetter\\\/keim\\\/#breadcrumb\",\"itemListElement\":[{\"@type\":\"ListItem\",\"position\":1,\"name\":\"Accueil\",\"item\":\"https:\\\/\\\/cortexlime.com\\\/de\\\/\"},{\"@type\":\"ListItem\",\"position\":2,\"name\":\"Technische Datenbl\u00e4tter\",\"item\":\"https:\\\/\\\/cortexlime.com\\\/de\\\/technische-datenblaetter\\\/\"},{\"@type\":\"ListItem\",\"position\":3,\"name\":\"Keim\"}]},{\"@type\":\"WebSite\",\"@id\":\"https:\\\/\\\/cortexlime.com\\\/#website\",\"url\":\"https:\\\/\\\/cortexlime.com\\\/\",\"name\":\"Cortex\",\"description\":\"Lime\",\"potentialAction\":[{\"@type\":\"SearchAction\",\"target\":{\"@type\":\"EntryPoint\",\"urlTemplate\":\"https:\\\/\\\/cortexlime.com\\\/?s={search_term_string}\"},\"query-input\":{\"@type\":\"PropertyValueSpecification\",\"valueRequired\":true,\"valueName\":\"search_term_string\"}}],\"inLanguage\":\"de\"}]}<\/script>\n<!-- \/ Yoast SEO plugin. -->","yoast_head_json":{"title":"Keim - Cortex","robots":{"index":"index","follow":"follow","max-snippet":"max-snippet:-1","max-image-preview":"max-image-preview:large","max-video-preview":"max-video-preview:-1"},"canonical":"https:\/\/cortexlime.com\/de\/technische-datenblaetter\/keim\/","og_locale":"de_DE","og_type":"article","og_title":"Keim - Cortex","og_description":"[vc_row][vc_column][vc_column_text] T E C H N I S C H E \u00a0D A T E N B L \u00c4 T T E R KEIM [\/vc_column_text][vc_empty_space][\/vc_column][\/vc_row][vc_row][vc_column][vc_column_text] Purkristalat Art: reines Silikatfarbenpulver, zur Verd\u00fcnnung mit Fixativ Anwendungsbereich: Restaurierung von Malereien im Innen- und Aussenbereich, mineralische Untergr\u00fcnde Granital Art: Silikatfarbe, zur Verd\u00fcnnung mit Spezial-Fixativ Anwendungsbereich: Oberfl\u00e4chenbeschichtung im Aussenbereich, mineralische&hellip;","og_url":"https:\/\/cortexlime.com\/de\/technische-datenblaetter\/keim\/","og_site_name":"Cortex","article_modified_time":"2016-12-20T06:55:11+00:00","twitter_card":"summary_large_image","twitter_misc":{"Gesch\u00e4tzte Lesezeit":"1\u00a0Minute"},"schema":{"@context":"https:\/\/schema.org","@graph":[{"@type":"WebPage","@id":"https:\/\/cortexlime.com\/de\/technische-datenblaetter\/keim\/","url":"https:\/\/cortexlime.com\/de\/technische-datenblaetter\/keim\/","name":"Keim - Cortex","isPartOf":{"@id":"https:\/\/cortexlime.com\/#website"},"datePublished":"2016-07-12T12:14:59+00:00","dateModified":"2016-12-20T06:55:11+00:00","breadcrumb":{"@id":"https:\/\/cortexlime.com\/de\/technische-datenblaetter\/keim\/#breadcrumb"},"inLanguage":"de","potentialAction":[{"@type":"ReadAction","target":["https:\/\/cortexlime.com\/de\/technische-datenblaetter\/keim\/"]}]},{"@type":"BreadcrumbList","@id":"https:\/\/cortexlime.com\/de\/technische-datenblaetter\/keim\/#breadcrumb","itemListElement":[{"@type":"ListItem","position":1,"name":"Accueil","item":"https:\/\/cortexlime.com\/de\/"},{"@type":"ListItem","position":2,"name":"Technische Datenbl\u00e4tter","item":"https:\/\/cortexlime.com\/de\/technische-datenblaetter\/"},{"@type":"ListItem","position":3,"name":"Keim"}]},{"@type":"WebSite","@id":"https:\/\/cortexlime.com\/#website","url":"https:\/\/cortexlime.com\/","name":"Cortex","description":"Lime","potentialAction":[{"@type":"SearchAction","target":{"@type":"EntryPoint","urlTemplate":"https:\/\/cortexlime.com\/?s={search_term_string}"},"query-input":{"@type":"PropertyValueSpecification","valueRequired":true,"valueName":"search_term_string"}}],"inLanguage":"de"}]}},"_links":{"self":[{"href":"https:\/\/cortexlime.com\/de\/wp-json\/wp\/v2\/pages\/16129","targetHints":{"allow":["GET"]}}],"collection":[{"href":"https:\/\/cortexlime.com\/de\/wp-json\/wp\/v2\/pages"}],"about":[{"href":"https:\/\/cortexlime.com\/de\/wp-json\/wp\/v2\/types\/page"}],"author":[{"embeddable":true,"href":"https:\/\/cortexlime.com\/de\/wp-json\/wp\/v2\/users\/6"}],"replies":[{"embeddable":true,"href":"https:\/\/cortexlime.com\/de\/wp-json\/wp\/v2\/comments?post=16129"}],"version-history":[{"count":0,"href":"https:\/\/cortexlime.com\/de\/wp-json\/wp\/v2\/pages\/16129\/revisions"}],"up":[{"embeddable":true,"href":"https:\/\/cortexlime.com\/de\/wp-json\/wp\/v2\/pages\/16121"}],"wp:attachment":[{"href":"https:\/\/cortexlime.com\/de\/wp-json\/wp\/v2\/media?parent=16129"}],"curies":[{"name":"wp","href":"https:\/\/api.w.org\/{rel}","templated":true}]}}