{"id":16125,"date":"2016-07-06T14:22:56","date_gmt":"2016-07-06T13:22:56","guid":{"rendered":"http:\/\/arteconstructo.com\/de\/?page_id=16125"},"modified":"2016-12-20T07:50:57","modified_gmt":"2016-12-20T06:50:57","slug":"unilit","status":"publish","type":"page","link":"https:\/\/cortexlime.com\/de\/technische-datenblaetter\/unilit\/","title":{"rendered":"Unilit"},"content":{"rendered":"<div class=\"wpb-content-wrapper\"><p>[vc_row][vc_column][vc_column_text]<\/p>\n<h3 style=\"text-align: center;\">T E C H N I S C H E \u00a0\u00a0D A T E N B L \u00c4 T T E R<\/h3>\n<h3 style=\"text-align: center;\">UNILIT<\/h3>\n<p>[\/vc_column_text][vc_empty_space][\/vc_column][\/vc_row][vc_row][vc_column][vc_column_text]<\/p>\n<p class=\"p1\"><span class=\"s1\"><b><a href=\"https:\/\/cortexlime.com\/wp-content\/uploads\/2016\/12\/ARCO-UNILIT-Fen-XA-Techn-Merkb.pdf\">Unilit Fen XA (NHL 5)<\/a><br \/>\n<\/b><\/span><span class=\"s1\">Art: Bindemittel<br \/>\n<\/span><span class=\"s1\">Anwendungsbereich: f\u00fcr nahezu jeden Anwendungsbereich<\/span><\/p>\n<p class=\"p1\"><span class=\"s1\"><b><a href=\"https:\/\/cortexlime.com\/wp-content\/uploads\/2016\/12\/ARCO-UNILIT-B-Fluid-XB-Techn-Merkb.pdf\">UNILIT B-Fluid XA<br \/>\n<\/a><\/b><\/span><span class=\"s1\">Art: Bindemittel<br \/>\n<\/span><span class=\"s1\">Anwendungsbereich: jeder Anwendungsbereich<\/span><\/p>\n<p class=\"p1\"><span class=\"s1\"><b><a href=\"https:\/\/cortexlime.com\/wp-content\/uploads\/2016\/12\/ARCO-UNILIT-10-Techn-Merkb.pdf\">Unilit 10 (TD 13 PA)<\/a><br \/>\n<\/b><\/span><span class=\"s1\">Art: Haftbr\u00fcckenbeschichtung<br \/>\n<\/span><span class=\"s1\">Anwendungsbereich: instabile Untergr\u00fcnde, Grobgrundierung <\/span><\/p>\n<p class=\"p1\"><span class=\"s1\"><b><a href=\"https:\/\/cortexlime.com\/wp-content\/uploads\/2016\/12\/ARCO-UNILIT-15-P0-P1-P2-Techn-Merkb.pdf\">Unilit 15P\/0-1-2 (TD 13 P0-1-2)<\/a><br \/>\n<\/b><\/span><span class=\"s1\">Art: Bindebeschichtung<br \/>\n<\/span><span class=\"s1\">Anwendungsbereich: instabile Untergr\u00fcnde, d\u00fcnne Egalisierungsbeschichtung, Kalksuspension, Verlegung und Verfugung von Fliesen, nat\u00fcrliche Isolationssysteme (Limetics) <\/span><\/p>\n<p class=\"p1\"><span class=\"s1\"><b><a href=\"https:\/\/cortexlime.com\/wp-content\/uploads\/2016\/12\/ARCO-UNILIT-15-P2H-Techn-Merkb.pdf\">Unilit 15P2\/H (TD 13 P2 IDRO)<\/a><br \/>\n<\/b><\/span><span class=\"s1\">Art: wasserabweisende Bindebeschichtung<br \/>\n<\/span><span class=\"s1\">Anwendungsbereich: nat\u00fcrliche Isolationssysteme (Limetics)<\/span><\/p>\n<p class=\"p1\"><span class=\"s1\"><b><a href=\"https:\/\/cortexlime.com\/wp-content\/uploads\/2016\/12\/ARCO-UNILIT-20-Techn-Merkb.pdf\">Unilit 20 (Volcalite)<\/a><br \/>\n<\/b><\/span><span class=\"s1\">Art: isolierender M\u00f6rtel<br \/>\n<\/span><span class=\"s1\">Anwendungsbereich: thermische und akustische Isolierung, Russ-Isolierung <\/span><\/p>\n<p class=\"p1\"><span class=\"s1\"><b><a href=\"https:\/\/cortexlime.com\/wp-content\/uploads\/2016\/12\/ARCO-UNILIT-25-Techn-Merkb.pdf\">Unilit 25 (TD 13 P)<\/a><br \/>\n<\/b><\/span><span class=\"s1\">Art: Leichtm\u00f6rtel<br \/>\n<\/span><span class=\"s1\">Anwendungsbereich: por\u00f6ses Mauerwerk, Ziegelgitter<\/span><\/p>\n<p class=\"p1\"><span class=\"s1\"><b><a href=\"https:\/\/cortexlime.com\/wp-content\/uploads\/2016\/12\/ARCO-UNILIT-30-Techn-Merkb.pdf\">Unilit 30 (TD 13 S)<\/a><br \/>\n<\/b><\/span><span class=\"s1\">Art: stabilisierender M\u00f6rtel<br \/>\n<\/span><span class=\"s1\">Anwendungsbereich: W\u00e4nde mit hoher Feuchtigkeit und Salzgehalt <\/span><\/p>\n<p class=\"p1\"><span class=\"s1\"><b><a href=\"https:\/\/cortexlime.com\/wp-content\/uploads\/2016\/12\/ARCO-UNILIT-35N-35M-Techn-Merkb.pdf\">Unilit 35 N-M (TD 13 N-M)<\/a><br \/>\n<\/b><\/span><span class=\"s1\">Art: herk\u00f6mmlicher Basis- und Verlegem\u00f6rtel<br \/>\n<\/span><span class=\"s1\">Anwendungsbereich: Mauerwerk und traditionelle Verputzarbeiten, Verfugung <\/span><\/p>\n<p class=\"p1\"><span class=\"s1\"><b><a href=\"https:\/\/cortexlime.com\/wp-content\/uploads\/2016\/12\/ARCO-UNILIT-35F-Techn-Merkb.pdf\">Unilit 35 F (TD 13 BRIK)<\/a><br \/>\n<\/b><\/span><span class=\"s1\">Art: Verlegem\u00f6rtel (d\u00fcnn)<br \/>\n<\/span><span class=\"s1\">Anwendungsbereich: individuelle Schnittfugen (&lt; 6mm)<\/span><\/p>\n<p class=\"p1\"><span class=\"s1\"><b><a href=\"https:\/\/cortexlime.com\/wp-content\/uploads\/2016\/12\/ARCO-UNILIT-40-Techn-Merkb.pdf\">Unilit 40 (TD 13 FS)<\/a><br \/>\n<\/b><\/span><span class=\"s1\">Art: wasserabweisender Deckm\u00f6rtel<br \/>\n<\/span><span class=\"s1\">Anwendungsbereich : Verputzarbeiten im Aussenbereich<\/span><\/p>\n<p class=\"p1\"><span class=\"s1\"><b><a href=\"https:\/\/cortexlime.com\/wp-content\/uploads\/2016\/12\/ARCO-UNILIT-45-Techn-Merkb.pdf\">Unilit 45 (TD 13 FN)<\/a><br \/>\n<\/b><\/span><span class=\"s1\">Art: Deckm\u00f6rtel<br \/>\n<\/span><span class=\"s1\">Anwendungsbereich Verputzarbeiten im Innenbereich<\/span><\/p>\n<p class=\"p1\"><b><a href=\"https:\/\/cortexlime.com\/wp-content\/uploads\/2016\/12\/ARCO-UNILIT-65MH-Techn-Merkb.pdf\">Unilit 65 N-M-F (TD 13 SISKAL N-M-F)<\/a><\/b><\/p>\n<p class=\"p1\"><span class=\"s1\">Art: Basis- und Deckm\u00f6rtel<br \/>\n<\/span><span class=\"s1\">Anwendungsbereich: Verputzarbeiten, Natursteinreparaturen, Hohlraumf\u00fcllung, Formungen\/Konturen<\/span><\/p>\n<p class=\"p1\"><span class=\"s1\"><b><a href=\"https:\/\/cortexlime.com\/wp-content\/uploads\/2016\/12\/ARCO-UNILIT-65MH-Techn-Merkb.pdf\">Unilit 65 M\/H (TD 13 SISKAL M IDRO)<\/a><br \/>\n<\/b><\/span><span class=\"s1\">Art: wasserabweisender Basism\u00f6rtel<br \/>\n<\/span><span class=\"s1\">Anwendungsbereich : nat\u00fcrliche Isolationssysteme (Limetics)<\/span><\/p>\n<p class=\"p1\"><span class=\"s1\"><b><a href=\"https:\/\/cortexlime.com\/wp-content\/uploads\/2016\/12\/ARCO-UNILIT-1320-Techn-Merkb.pdf\">Unilit 1320 (TD 13\/20)<\/a><br \/>\n<\/b><\/span><span class=\"s1\">Art: leichter Verlege- und Verfugungsm\u00f6rtel<br \/>\n<\/span><span class=\"s1\">Anwendungsbereich : por\u00f6ses Mauerwerk<\/span><\/p>\n<p class=\"p1\"><span class=\"s1\"><b><a href=\"https:\/\/cortexlime.com\/wp-content\/uploads\/2016\/12\/ARCO-UNILIT-B-Fluid-0-1-2-3-4-Techn-Merkb.pdf\">Unilit B-Fluid 0-1-2-3-4 (B FlUID 0-1-2-3-4)<\/a><br \/>\n<\/b><\/span><span class=\"s1\">Art: Injektionsm\u00f6rtel<br \/>\n<\/span><span class=\"s1\">Anwendungsbereich : altes Mauerwerk<\/span><\/p>\n<p class=\"p1\"><span class=\"s1\"><b><a href=\"https:\/\/cortexlime.com\/wp-content\/uploads\/2016\/12\/ARCO-UNILIT-B-Fluid-XB-Techn-Merkb.pdf\">Unilit B-Fluid XB (B FLUID XB)<\/a><br \/>\n<\/b><\/span><span class=\"s1\">Art: Verfugungsm\u00f6rtel f\u00fcr das Ausbessern von Mauerwerk<br \/>\n<\/span><span class=\"s1\">Anwendungsbereich: G\u00fcsse und Fresken, Kleber f\u00fcr Naturstein <\/span><\/p>\n<p class=\"p1\"><span class=\"s1\"><b><a href=\"https:\/\/cortexlime.com\/wp-content\/uploads\/2016\/12\/ARCO-UNILIT-C-Techn-Merkb.pdf\">Unilit C (TD 13 C)<\/a><br \/>\n<\/b><\/span><span class=\"s1\">Art: Betonbewehrungsm\u00f6rtel<br \/>\n<\/span><span class=\"s1\">Anwendungsbereich : Stabilisierung alter Mauern, Restaurierung von Gew\u00f6lben, St\u00fctze f\u00fcr Holzbalken, St\u00e4rkung von Bewehrungsst\u00e4ben, Bodenherstellung<\/span><\/p>\n<p class=\"p1\"><span class=\"s1\"><b><a href=\"https:\/\/cortexlime.com\/wp-content\/uploads\/2016\/12\/ARCO-UNILIT-PEDES-N-M-F-Techn-Merkb.pdf\">Unilit Pedes N-M-F (PEDES G-\/-F)<\/a><br \/>\n<\/b><\/span><span class=\"s1\">Art: M\u00f6rtel f\u00fcr horizontale Anwendung<br \/>\n<\/span><span class=\"s1\">Anwendungsbereich: Schutz sensibler Bereiche, F\u00fcllen von Hohlr\u00e4umen, Kalkbodenbeschichtungen, Dachziegel<\/span><\/p>\n<p>[\/vc_column_text][vc_column_text]<\/p>\n<div class=\"hr-thick\"><\/div>\n<div class=\"gap\" style=\"line-height: 20px; height: 20px;\"><\/div>\n<h4 class=\"p1\"><strong>Andere technische Datenbl\u00e4tter auf Anfrage<\/strong><\/h4>\n<h4 class=\"p1\"><span style=\"font-weight: normal;\"><div class=\"gap\" style=\"line-height: 20px; height: 20px;\"><\/div><\/span><\/h4>\n<p class=\"p1\">\n<div class=\"hr-thick\"><\/div>\n<p>[\/vc_column_text][\/vc_column][\/vc_row]<\/p>\n<\/div>","protected":false},"excerpt":{"rendered":"<p>[vc_row][vc_column][vc_column_text] T E C H N I S C H E \u00a0\u00a0D A T E N B L \u00c4 T T E R UNILIT [\/vc_column_text][vc_empty_space][\/vc_column][\/vc_row][vc_row][vc_column][vc_column_text] Unilit Fen XA (NHL 5) Art: Bindemittel Anwendungsbereich: f\u00fcr nahezu jeden Anwendungsbereich UNILIT B-Fluid XA Art: Bindemittel Anwendungsbereich: jeder Anwendungsbereich Unilit 10 (TD 13 PA) Art: Haftbr\u00fcckenbeschichtung Anwendungsbereich: instabile Untergr\u00fcnde,&hellip;<\/p>\n","protected":false},"author":6,"featured_media":0,"parent":16121,"menu_order":1,"comment_status":"closed","ping_status":"closed","template":"","meta":{"footnotes":""},"class_list":["post-16125","page","type-page","status-publish","hentry","description-off"],"yoast_head":"<!-- This site is optimized with the Yoast SEO plugin v27.4 - https:\/\/yoast.com\/product\/yoast-seo-wordpress\/ -->\n<title>Unilit - Cortex<\/title>\n<meta name=\"robots\" content=\"index, follow, max-snippet:-1, max-image-preview:large, max-video-preview:-1\" \/>\n<link rel=\"canonical\" href=\"https:\/\/cortexlime.com\/de\/technische-datenblaetter\/unilit\/\" \/>\n<meta property=\"og:locale\" content=\"de_DE\" \/>\n<meta property=\"og:type\" content=\"article\" \/>\n<meta property=\"og:title\" content=\"Unilit - Cortex\" \/>\n<meta property=\"og:description\" content=\"[vc_row][vc_column][vc_column_text] T E C H N I S C H E \u00a0\u00a0D A T E N B L \u00c4 T T E R UNILIT [\/vc_column_text][vc_empty_space][\/vc_column][\/vc_row][vc_row][vc_column][vc_column_text] Unilit Fen XA (NHL 5) Art: Bindemittel Anwendungsbereich: f\u00fcr nahezu jeden Anwendungsbereich UNILIT B-Fluid XA Art: Bindemittel Anwendungsbereich: jeder Anwendungsbereich Unilit 10 (TD 13 PA) Art: Haftbr\u00fcckenbeschichtung Anwendungsbereich: instabile Untergr\u00fcnde,&hellip;\" \/>\n<meta property=\"og:url\" content=\"https:\/\/cortexlime.com\/de\/technische-datenblaetter\/unilit\/\" \/>\n<meta property=\"og:site_name\" content=\"Cortex\" \/>\n<meta property=\"article:modified_time\" content=\"2016-12-20T06:50:57+00:00\" \/>\n<meta name=\"twitter:card\" content=\"summary_large_image\" \/>\n<meta name=\"twitter:label1\" content=\"Gesch\u00e4tzte Lesezeit\" \/>\n\t<meta name=\"twitter:data1\" content=\"2\u00a0Minuten\" \/>\n<script type=\"application\/ld+json\" class=\"yoast-schema-graph\">{\"@context\":\"https:\\\/\\\/schema.org\",\"@graph\":[{\"@type\":\"WebPage\",\"@id\":\"https:\\\/\\\/cortexlime.com\\\/de\\\/technische-datenblaetter\\\/unilit\\\/\",\"url\":\"https:\\\/\\\/cortexlime.com\\\/de\\\/technische-datenblaetter\\\/unilit\\\/\",\"name\":\"Unilit - Cortex\",\"isPartOf\":{\"@id\":\"https:\\\/\\\/cortexlime.com\\\/#website\"},\"datePublished\":\"2016-07-06T13:22:56+00:00\",\"dateModified\":\"2016-12-20T06:50:57+00:00\",\"breadcrumb\":{\"@id\":\"https:\\\/\\\/cortexlime.com\\\/de\\\/technische-datenblaetter\\\/unilit\\\/#breadcrumb\"},\"inLanguage\":\"de\",\"potentialAction\":[{\"@type\":\"ReadAction\",\"target\":[\"https:\\\/\\\/cortexlime.com\\\/de\\\/technische-datenblaetter\\\/unilit\\\/\"]}]},{\"@type\":\"BreadcrumbList\",\"@id\":\"https:\\\/\\\/cortexlime.com\\\/de\\\/technische-datenblaetter\\\/unilit\\\/#breadcrumb\",\"itemListElement\":[{\"@type\":\"ListItem\",\"position\":1,\"name\":\"Accueil\",\"item\":\"https:\\\/\\\/cortexlime.com\\\/de\\\/\"},{\"@type\":\"ListItem\",\"position\":2,\"name\":\"Technische Datenbl\u00e4tter\",\"item\":\"https:\\\/\\\/cortexlime.com\\\/de\\\/technische-datenblaetter\\\/\"},{\"@type\":\"ListItem\",\"position\":3,\"name\":\"Unilit\"}]},{\"@type\":\"WebSite\",\"@id\":\"https:\\\/\\\/cortexlime.com\\\/#website\",\"url\":\"https:\\\/\\\/cortexlime.com\\\/\",\"name\":\"Cortex\",\"description\":\"Lime\",\"potentialAction\":[{\"@type\":\"SearchAction\",\"target\":{\"@type\":\"EntryPoint\",\"urlTemplate\":\"https:\\\/\\\/cortexlime.com\\\/?s={search_term_string}\"},\"query-input\":{\"@type\":\"PropertyValueSpecification\",\"valueRequired\":true,\"valueName\":\"search_term_string\"}}],\"inLanguage\":\"de\"}]}<\/script>\n<!-- \/ Yoast SEO plugin. -->","yoast_head_json":{"title":"Unilit - Cortex","robots":{"index":"index","follow":"follow","max-snippet":"max-snippet:-1","max-image-preview":"max-image-preview:large","max-video-preview":"max-video-preview:-1"},"canonical":"https:\/\/cortexlime.com\/de\/technische-datenblaetter\/unilit\/","og_locale":"de_DE","og_type":"article","og_title":"Unilit - Cortex","og_description":"[vc_row][vc_column][vc_column_text] T E C H N I S C H E \u00a0\u00a0D A T E N B L \u00c4 T T E R UNILIT [\/vc_column_text][vc_empty_space][\/vc_column][\/vc_row][vc_row][vc_column][vc_column_text] Unilit Fen XA (NHL 5) Art: Bindemittel Anwendungsbereich: f\u00fcr nahezu jeden Anwendungsbereich UNILIT B-Fluid XA Art: Bindemittel Anwendungsbereich: jeder Anwendungsbereich Unilit 10 (TD 13 PA) Art: Haftbr\u00fcckenbeschichtung Anwendungsbereich: instabile Untergr\u00fcnde,&hellip;","og_url":"https:\/\/cortexlime.com\/de\/technische-datenblaetter\/unilit\/","og_site_name":"Cortex","article_modified_time":"2016-12-20T06:50:57+00:00","twitter_card":"summary_large_image","twitter_misc":{"Gesch\u00e4tzte Lesezeit":"2\u00a0Minuten"},"schema":{"@context":"https:\/\/schema.org","@graph":[{"@type":"WebPage","@id":"https:\/\/cortexlime.com\/de\/technische-datenblaetter\/unilit\/","url":"https:\/\/cortexlime.com\/de\/technische-datenblaetter\/unilit\/","name":"Unilit - Cortex","isPartOf":{"@id":"https:\/\/cortexlime.com\/#website"},"datePublished":"2016-07-06T13:22:56+00:00","dateModified":"2016-12-20T06:50:57+00:00","breadcrumb":{"@id":"https:\/\/cortexlime.com\/de\/technische-datenblaetter\/unilit\/#breadcrumb"},"inLanguage":"de","potentialAction":[{"@type":"ReadAction","target":["https:\/\/cortexlime.com\/de\/technische-datenblaetter\/unilit\/"]}]},{"@type":"BreadcrumbList","@id":"https:\/\/cortexlime.com\/de\/technische-datenblaetter\/unilit\/#breadcrumb","itemListElement":[{"@type":"ListItem","position":1,"name":"Accueil","item":"https:\/\/cortexlime.com\/de\/"},{"@type":"ListItem","position":2,"name":"Technische Datenbl\u00e4tter","item":"https:\/\/cortexlime.com\/de\/technische-datenblaetter\/"},{"@type":"ListItem","position":3,"name":"Unilit"}]},{"@type":"WebSite","@id":"https:\/\/cortexlime.com\/#website","url":"https:\/\/cortexlime.com\/","name":"Cortex","description":"Lime","potentialAction":[{"@type":"SearchAction","target":{"@type":"EntryPoint","urlTemplate":"https:\/\/cortexlime.com\/?s={search_term_string}"},"query-input":{"@type":"PropertyValueSpecification","valueRequired":true,"valueName":"search_term_string"}}],"inLanguage":"de"}]}},"_links":{"self":[{"href":"https:\/\/cortexlime.com\/de\/wp-json\/wp\/v2\/pages\/16125","targetHints":{"allow":["GET"]}}],"collection":[{"href":"https:\/\/cortexlime.com\/de\/wp-json\/wp\/v2\/pages"}],"about":[{"href":"https:\/\/cortexlime.com\/de\/wp-json\/wp\/v2\/types\/page"}],"author":[{"embeddable":true,"href":"https:\/\/cortexlime.com\/de\/wp-json\/wp\/v2\/users\/6"}],"replies":[{"embeddable":true,"href":"https:\/\/cortexlime.com\/de\/wp-json\/wp\/v2\/comments?post=16125"}],"version-history":[{"count":0,"href":"https:\/\/cortexlime.com\/de\/wp-json\/wp\/v2\/pages\/16125\/revisions"}],"up":[{"embeddable":true,"href":"https:\/\/cortexlime.com\/de\/wp-json\/wp\/v2\/pages\/16121"}],"wp:attachment":[{"href":"https:\/\/cortexlime.com\/de\/wp-json\/wp\/v2\/media?parent=16125"}],"curies":[{"name":"wp","href":"https:\/\/api.w.org\/{rel}","templated":true}]}}