{"id":16121,"date":"2016-07-06T14:10:10","date_gmt":"2016-07-06T13:10:10","guid":{"rendered":"http:\/\/arteconstructo.com\/de\/?page_id=16121"},"modified":"2019-04-09T09:22:54","modified_gmt":"2019-04-09T08:22:54","slug":"technische-datenblaetter","status":"publish","type":"page","link":"https:\/\/cortexlime.com\/de\/technische-datenblaetter\/","title":{"rendered":"Technische Datenbl\u00e4tter"},"content":{"rendered":"<div class=\"wpb-content-wrapper\"><p>[vc_row full_width=&#8220;true&#8220; margin_top=&#8220;-50px&#8220;][vc_column][vc_single_image image=&#8220;15610&#8243; img_size=&#8220;full&#8220; alignment=&#8220;center&#8220; image_hovers=&#8220;false&#8220;][\/vc_column][\/vc_row][vc_row][vc_column][vc_empty_space height=&#8220;30px&#8220;][vc_row_inner][vc_column_inner width=&#8220;1\/3&#8243;][\/vc_column_inner][vc_column_inner width=&#8220;1\/3&#8243;][vc_single_image image=&#8220;187&#8243; img_size=&#8220;full&#8220; alignment=&#8220;center&#8220; image_hovers=&#8220;false&#8220;][\/vc_column_inner][vc_column_inner width=&#8220;1\/3&#8243;][\/vc_column_inner][\/vc_row_inner][vc_row_inner][vc_column_inner][vc_column_text]<\/p>\n<p class=\"p1\" style=\"text-align: center;\"><span class=\"s1\">Auf dieser Seite finden Sie eine <b>Auswahl<\/b> an Produkten die von CORTEX Lime S\u00e0rl vertrieben werden. <\/span><\/p>\n<p style=\"text-align: center;\"><strong>UNILIT<\/strong><\/p>\n<p class=\"p1\" style=\"text-align: center;\"><span class=\"s1\">Bindemittel (NHL) und Fertigm\u00f6rtel<\/span><\/p>\n<p style=\"text-align: center;\"><strong>CORIDECOR<\/strong><\/p>\n<p class=\"p1\" style=\"text-align: center;\"><span class=\"s1\">Beschichtungen aus Brandkalk und Silikatfarbe<\/span><\/p>\n<p style=\"text-align: center;\"><strong>KEIM<\/strong><\/p>\n<p class=\"p1\" style=\"text-align: center;\"><span class=\"s1\">Silikatfarben<\/span><\/p>\n<p style=\"text-align: center;\"><strong>UULA<\/strong><\/p>\n<p class=\"p1\" style=\"text-align: center;\"><span class=\"s1\">Farben mit Leinsamen\u00f6len<\/span><\/p>\n<p class=\"p1\" style=\"text-align: center;\"><span class=\"s1\">Unter Anbetracht der Eigenheiten jedes Produkts empfiehlt es sich<br \/>\nvon unserer technischen Abteilung (<a href=\"mailto:info@cortexlime.com\"><span class=\"s2\">info@cortexlime.com<\/span><\/a>) vor Bestellung beraten zu lassen.<\/span><\/p>\n<p>[\/vc_column_text][\/vc_column_inner][\/vc_row_inner][vc_empty_space][\/vc_column][\/vc_row][vc_row type=&#8220;1&#8243; margin_top=&#8220;-50&#8243; bg_image=&#8220;https:\/\/cortexlime.com\/wp-content\/uploads\/2015\/11\/achtergrond-medusa.jpg&#8220;][vc_column][vc_empty_space height=&#8220;60px&#8220;][vc_empty_space][vc_row_inner][vc_column_inner width=&#8220;1\/4&#8243;][vc_column_text]<\/p>\n<h4 style=\"text-align: center;\"><span style=\"text-decoration: underline;\"><strong><a href=\"https:\/\/cortexlime.com\/de\/technische-datenblaetter\/unilit\/\">DATENBL\u00c4TTER\u00a0UNILIT<\/a><\/strong><\/span><\/h4>\n<p>[\/vc_column_text][vc_empty_space][vc_single_image image=&#8220;15552&#8243; img_size=&#8220;260&#215;140&#8243; alignment=&#8220;center&#8220; onclick=&#8220;custom_link&#8220; link=&#8220;https:\/\/cortexlime.com\/de\/technische-datenblaetter\/unilit\/&#8220;][\/vc_column_inner][vc_column_inner width=&#8220;1\/4&#8243;][vc_column_text]<\/p>\n<h4 style=\"text-align: center;\"><span style=\"text-decoration: underline;\"><strong><a href=\"https:\/\/cortexlime.com\/de\/technische-datenblaetter\/keim\/\">DATENBL\u00c4TTER KEIM<\/a><\/strong><\/span><\/h4>\n<p>[\/vc_column_text][vc_empty_space][vc_single_image image=&#8220;15550&#8243; img_size=&#8220;260&#215;140&#8243; alignment=&#8220;center&#8220; onclick=&#8220;custom_link&#8220; link=&#8220;https:\/\/cortexlime.com\/de\/technische-datenblaetter\/keim\/&#8220;][\/vc_column_inner][vc_column_inner width=&#8220;1\/4&#8243;][vc_column_text]<\/p>\n<h4 style=\"text-align: center;\"><span style=\"text-decoration: underline;\"><strong><a href=\"https:\/\/cortexlime.com\/de\/technische-datenblaetter\/coridecor\/\">DATENBL\u00c4TTER CORIDECOR<\/a><\/strong><\/span><\/h4>\n<p>[\/vc_column_text][vc_empty_space][vc_single_image image=&#8220;15549&#8243; img_size=&#8220;260&#215;140&#8243; alignment=&#8220;center&#8220; onclick=&#8220;custom_link&#8220; link=&#8220;https:\/\/cortexlime.com\/de\/technische-datenblaetter\/coridecor\/&#8220;][\/vc_column_inner][vc_column_inner width=&#8220;1\/4&#8243;][vc_column_text]<\/p>\n<h4 style=\"text-align: center;\"><span style=\"text-decoration: underline;\"><strong><a href=\"https:\/\/cortexlime.com\/de\/technische-datenblaetter\/uula\/\">DATENBL\u00c4TTER UULA<\/a>\u00a0<\/strong><\/span><span style=\"text-decoration: underline;\"><strong><a href=\"https:\/\/cortexlime.com\/technische-fiches\/uula\/\">UULA<\/a><\/strong><\/span><\/h4>\n<p>[\/vc_column_text][vc_empty_space][vc_single_image image=&#8220;15551&#8243; img_size=&#8220;260&#215;140&#8243; alignment=&#8220;center&#8220; onclick=&#8220;custom_link&#8220; link=&#8220;https:\/\/cortexlime.com\/de\/technische-datenblaetter\/uula\/&#8220;][\/vc_column_inner][\/vc_row_inner][vc_empty_space][vc_empty_space height=&#8220;60px&#8220;][\/vc_column][\/vc_row][vc_row][vc_column][vc_empty_space height=&#8220;50px&#8220;][\/vc_column][\/vc_row][vc_row full_width=&#8220;true&#8220; margin_bottom=&#8220;-50&#8243;][vc_column width=&#8220;1\/4&#8243;]<div class=\"ult-new-ib ult-ib-effect-style2  ult-ib-resp ult-ib2-min-height \" data-min-width=\"768\" data-max-width=\"900\" style=\"background:#000000; opacity:0; \" data-opacity=\"1\" data-hover-opacity=\"0.5\"  data-min-height=\"428\" ><img decoding=\"async\" class=\"ult-new-ib-img\" style=\"opacity:1;\" alt=\"\" src=\"https:\/\/cortexlime.com\/wp-content\/uploads\/2015\/11\/lavabo.jpg\"  data-min-height=\"428\"   \/><div id=\"interactive-banner-wrap-6947\" class=\"ult-new-ib-desc\" style=\"\"><h2 class=\"ult-new-ib-title ult-responsive\"  data-ultimate-target='#interactive-banner-wrap-6947 .ult-new-ib-title'  data-responsive-json-new='{\"font-size\":\"\",\"line-height\":\"\"}'  style=\"font-weight:normal;color:#ffffff;\">K A L K<\/h2><\/div><a class=\"ult-new-ib-link\" href=\"http:\/\/arteconstructo.com\/de\/kalk\/\" title=\"K A L K\"  ><\/a><\/div>[\/vc_column][vc_column width=&#8220;1\/4&#8243;]<div class=\"ult-new-ib ult-ib-effect-style2  ult-ib-resp ult-ib2-min-height \" data-min-width=\"768\" data-max-width=\"900\" style=\"background:#000000; opacity:0; \" data-opacity=\"1\" data-hover-opacity=\"0.5\"  data-min-height=\"428\" ><img decoding=\"async\" class=\"ult-new-ib-img\" style=\"opacity:1;\" alt=\"\" src=\"https:\/\/cortexlime.com\/wp-content\/uploads\/2015\/11\/trap.jpg\"  data-min-height=\"428\"   \/><div id=\"interactive-banner-wrap-2041\" class=\"ult-new-ib-desc\" style=\"\"><h2 class=\"ult-new-ib-title ult-responsive\"  data-ultimate-target='#interactive-banner-wrap-2041 .ult-new-ib-title'  data-responsive-json-new='{\"font-size\":\"\",\"line-height\":\"\"}'  style=\"font-weight:normal;color:#ffffff;\">E I G E N S C H A F T E N<\/h2><\/div><a class=\"ult-new-ib-link\" href=\"http:\/\/arteconstructo.com\/de\/technische-eigenschaften\/\" title=\"Eigenschaften\"  ><\/a><\/div>[\/vc_column][vc_column width=&#8220;1\/4&#8243;]<div class=\"ult-new-ib ult-ib-effect-style2  ult-ib-resp ult-ib2-min-height \" data-min-width=\"768\" data-max-width=\"900\" style=\"background:#000000; opacity:0; \" data-opacity=\"1\" data-hover-opacity=\"0.5\"  data-min-height=\"428\" ><img decoding=\"async\" class=\"ult-new-ib-img\" style=\"opacity:1;\" alt=\"\" src=\"https:\/\/cortexlime.com\/wp-content\/uploads\/2015\/11\/paint.jpg\"  data-min-height=\"428\"   \/><div id=\"interactive-banner-wrap-5244\" class=\"ult-new-ib-desc\" style=\"\"><h2 class=\"ult-new-ib-title ult-responsive\"  data-ultimate-target='#interactive-banner-wrap-5244 .ult-new-ib-title'  data-responsive-json-new='{\"font-size\":\"\",\"line-height\":\"\"}'  style=\"font-weight:normal;color:#ffffff;\">I N T E R E S S A N T E S<\/h2><\/div><a class=\"ult-new-ib-link\" href=\"http:\/\/arteconstructo.com\/de\/interessantes\/\" title=\"I N T E R E S S A N T E S\"  ><\/a><\/div>[\/vc_column][vc_column width=&#8220;1\/4&#8243;]<div class=\"ult-new-ib ult-ib-effect-style2  ult-ib-resp ult-ib2-min-height \" data-min-width=\"768\" data-max-width=\"900\" style=\"background:#000000; opacity:0; \" data-opacity=\"1\" data-hover-opacity=\"0.5\"  data-min-height=\"428\" ><img decoding=\"async\" class=\"ult-new-ib-img\" style=\"opacity:1;\" alt=\"\" src=\"https:\/\/cortexlime.com\/wp-content\/uploads\/2015\/11\/salon.jpg\"  data-min-height=\"428\"   \/><div id=\"interactive-banner-wrap-2603\" class=\"ult-new-ib-desc\" style=\"\"><h2 class=\"ult-new-ib-title ult-responsive\"  data-ultimate-target='#interactive-banner-wrap-2603 .ult-new-ib-title'  data-responsive-json-new='{\"font-size\":\"\",\"line-height\":\"\"}'  style=\"font-weight:normal;color:#ffffff;\">B I L D E R<\/h2><\/div><a class=\"ult-new-ib-link\" href=\"http:\/\/arteconstructo.com\/de\/bilder\/\" title=\"Bilder\"  ><\/a><\/div>[\/vc_column][\/vc_row]<\/p>\n<\/div>","protected":false},"excerpt":{"rendered":"<p>[vc_row full_width=&#8220;true&#8220; margin_top=&#8220;-50px&#8220;][vc_column][vc_single_image image=&#8220;15610&#8243; img_size=&#8220;full&#8220; alignment=&#8220;center&#8220; image_hovers=&#8220;false&#8220;][\/vc_column][\/vc_row][vc_row][vc_column][vc_empty_space height=&#8220;30px&#8220;][vc_row_inner][vc_column_inner width=&#8220;1\/3&#8243;][\/vc_column_inner][vc_column_inner width=&#8220;1\/3&#8243;][vc_single_image image=&#8220;187&#8243; img_size=&#8220;full&#8220; alignment=&#8220;center&#8220; image_hovers=&#8220;false&#8220;][\/vc_column_inner][vc_column_inner width=&#8220;1\/3&#8243;][\/vc_column_inner][\/vc_row_inner][vc_row_inner][vc_column_inner][vc_column_text] Auf dieser Seite finden Sie eine Auswahl an Produkten die von CORTEX Lime S\u00e0rl vertrieben werden. UNILIT Bindemittel (NHL) und Fertigm\u00f6rtel CORIDECOR Beschichtungen aus Brandkalk und Silikatfarbe KEIM Silikatfarben UULA Farben mit Leinsamen\u00f6len Unter Anbetracht der Eigenheiten jedes Produkts empfiehlt&hellip;<\/p>\n","protected":false},"author":6,"featured_media":0,"parent":0,"menu_order":4,"comment_status":"closed","ping_status":"closed","template":"","meta":{"footnotes":""},"class_list":["post-16121","page","type-page","status-publish","hentry","description-off"],"yoast_head":"<!-- This site is optimized with the Yoast SEO plugin v27.5 - https:\/\/yoast.com\/product\/yoast-seo-wordpress\/ -->\n<title>Technische Datenbl\u00e4tter - Cortex<\/title>\n<meta name=\"robots\" content=\"index, follow, max-snippet:-1, max-image-preview:large, max-video-preview:-1\" \/>\n<link rel=\"canonical\" href=\"https:\/\/cortexlime.com\/de\/technische-datenblaetter\/\" \/>\n<meta property=\"og:locale\" content=\"de_DE\" \/>\n<meta property=\"og:type\" content=\"article\" \/>\n<meta property=\"og:title\" content=\"Technische Datenbl\u00e4tter - Cortex\" \/>\n<meta property=\"og:description\" content=\"[vc_row full_width=&#8220;true&#8220; margin_top=&#8220;-50px&#8220;][vc_column][vc_single_image image=&#8220;15610&#8243; img_size=&#8220;full&#8220; alignment=&#8220;center&#8220; image_hovers=&#8220;false&#8220;][\/vc_column][\/vc_row][vc_row][vc_column][vc_empty_space height=&#8220;30px&#8220;][vc_row_inner][vc_column_inner width=&#8220;1\/3&#8243;][\/vc_column_inner][vc_column_inner width=&#8220;1\/3&#8243;][vc_single_image image=&#8220;187&#8243; img_size=&#8220;full&#8220; alignment=&#8220;center&#8220; image_hovers=&#8220;false&#8220;][\/vc_column_inner][vc_column_inner width=&#8220;1\/3&#8243;][\/vc_column_inner][\/vc_row_inner][vc_row_inner][vc_column_inner][vc_column_text] Auf dieser Seite finden Sie eine Auswahl an Produkten die von CORTEX Lime S\u00e0rl vertrieben werden. UNILIT Bindemittel (NHL) und Fertigm\u00f6rtel CORIDECOR Beschichtungen aus Brandkalk und Silikatfarbe KEIM Silikatfarben UULA Farben mit Leinsamen\u00f6len Unter Anbetracht der Eigenheiten jedes Produkts empfiehlt&hellip;\" \/>\n<meta property=\"og:url\" content=\"https:\/\/cortexlime.com\/de\/technische-datenblaetter\/\" \/>\n<meta property=\"og:site_name\" content=\"Cortex\" \/>\n<meta property=\"article:modified_time\" content=\"2019-04-09T08:22:54+00:00\" \/>\n<meta name=\"twitter:card\" content=\"summary_large_image\" \/>\n<meta name=\"twitter:label1\" content=\"Gesch\u00e4tzte Lesezeit\" \/>\n\t<meta name=\"twitter:data1\" content=\"3\u00a0Minuten\" \/>\n<script type=\"application\/ld+json\" class=\"yoast-schema-graph\">{\"@context\":\"https:\\\/\\\/schema.org\",\"@graph\":[{\"@type\":\"WebPage\",\"@id\":\"https:\\\/\\\/cortexlime.com\\\/de\\\/technische-datenblaetter\\\/\",\"url\":\"https:\\\/\\\/cortexlime.com\\\/de\\\/technische-datenblaetter\\\/\",\"name\":\"Technische Datenbl\u00e4tter - Cortex\",\"isPartOf\":{\"@id\":\"https:\\\/\\\/cortexlime.com\\\/#website\"},\"datePublished\":\"2016-07-06T13:10:10+00:00\",\"dateModified\":\"2019-04-09T08:22:54+00:00\",\"breadcrumb\":{\"@id\":\"https:\\\/\\\/cortexlime.com\\\/de\\\/technische-datenblaetter\\\/#breadcrumb\"},\"inLanguage\":\"de\",\"potentialAction\":[{\"@type\":\"ReadAction\",\"target\":[\"https:\\\/\\\/cortexlime.com\\\/de\\\/technische-datenblaetter\\\/\"]}]},{\"@type\":\"BreadcrumbList\",\"@id\":\"https:\\\/\\\/cortexlime.com\\\/de\\\/technische-datenblaetter\\\/#breadcrumb\",\"itemListElement\":[{\"@type\":\"ListItem\",\"position\":1,\"name\":\"Accueil\",\"item\":\"https:\\\/\\\/cortexlime.com\\\/de\\\/\"},{\"@type\":\"ListItem\",\"position\":2,\"name\":\"Technische Datenbl\u00e4tter\"}]},{\"@type\":\"WebSite\",\"@id\":\"https:\\\/\\\/cortexlime.com\\\/#website\",\"url\":\"https:\\\/\\\/cortexlime.com\\\/\",\"name\":\"Cortex\",\"description\":\"Lime\",\"potentialAction\":[{\"@type\":\"SearchAction\",\"target\":{\"@type\":\"EntryPoint\",\"urlTemplate\":\"https:\\\/\\\/cortexlime.com\\\/?s={search_term_string}\"},\"query-input\":{\"@type\":\"PropertyValueSpecification\",\"valueRequired\":true,\"valueName\":\"search_term_string\"}}],\"inLanguage\":\"de\"}]}<\/script>\n<!-- \/ Yoast SEO plugin. -->","yoast_head_json":{"title":"Technische Datenbl\u00e4tter - Cortex","robots":{"index":"index","follow":"follow","max-snippet":"max-snippet:-1","max-image-preview":"max-image-preview:large","max-video-preview":"max-video-preview:-1"},"canonical":"https:\/\/cortexlime.com\/de\/technische-datenblaetter\/","og_locale":"de_DE","og_type":"article","og_title":"Technische Datenbl\u00e4tter - Cortex","og_description":"[vc_row full_width=&#8220;true&#8220; margin_top=&#8220;-50px&#8220;][vc_column][vc_single_image image=&#8220;15610&#8243; img_size=&#8220;full&#8220; alignment=&#8220;center&#8220; image_hovers=&#8220;false&#8220;][\/vc_column][\/vc_row][vc_row][vc_column][vc_empty_space height=&#8220;30px&#8220;][vc_row_inner][vc_column_inner width=&#8220;1\/3&#8243;][\/vc_column_inner][vc_column_inner width=&#8220;1\/3&#8243;][vc_single_image image=&#8220;187&#8243; img_size=&#8220;full&#8220; alignment=&#8220;center&#8220; image_hovers=&#8220;false&#8220;][\/vc_column_inner][vc_column_inner width=&#8220;1\/3&#8243;][\/vc_column_inner][\/vc_row_inner][vc_row_inner][vc_column_inner][vc_column_text] Auf dieser Seite finden Sie eine Auswahl an Produkten die von CORTEX Lime S\u00e0rl vertrieben werden. UNILIT Bindemittel (NHL) und Fertigm\u00f6rtel CORIDECOR Beschichtungen aus Brandkalk und Silikatfarbe KEIM Silikatfarben UULA Farben mit Leinsamen\u00f6len Unter Anbetracht der Eigenheiten jedes Produkts empfiehlt&hellip;","og_url":"https:\/\/cortexlime.com\/de\/technische-datenblaetter\/","og_site_name":"Cortex","article_modified_time":"2019-04-09T08:22:54+00:00","twitter_card":"summary_large_image","twitter_misc":{"Gesch\u00e4tzte Lesezeit":"3\u00a0Minuten"},"schema":{"@context":"https:\/\/schema.org","@graph":[{"@type":"WebPage","@id":"https:\/\/cortexlime.com\/de\/technische-datenblaetter\/","url":"https:\/\/cortexlime.com\/de\/technische-datenblaetter\/","name":"Technische Datenbl\u00e4tter - Cortex","isPartOf":{"@id":"https:\/\/cortexlime.com\/#website"},"datePublished":"2016-07-06T13:10:10+00:00","dateModified":"2019-04-09T08:22:54+00:00","breadcrumb":{"@id":"https:\/\/cortexlime.com\/de\/technische-datenblaetter\/#breadcrumb"},"inLanguage":"de","potentialAction":[{"@type":"ReadAction","target":["https:\/\/cortexlime.com\/de\/technische-datenblaetter\/"]}]},{"@type":"BreadcrumbList","@id":"https:\/\/cortexlime.com\/de\/technische-datenblaetter\/#breadcrumb","itemListElement":[{"@type":"ListItem","position":1,"name":"Accueil","item":"https:\/\/cortexlime.com\/de\/"},{"@type":"ListItem","position":2,"name":"Technische Datenbl\u00e4tter"}]},{"@type":"WebSite","@id":"https:\/\/cortexlime.com\/#website","url":"https:\/\/cortexlime.com\/","name":"Cortex","description":"Lime","potentialAction":[{"@type":"SearchAction","target":{"@type":"EntryPoint","urlTemplate":"https:\/\/cortexlime.com\/?s={search_term_string}"},"query-input":{"@type":"PropertyValueSpecification","valueRequired":true,"valueName":"search_term_string"}}],"inLanguage":"de"}]}},"_links":{"self":[{"href":"https:\/\/cortexlime.com\/de\/wp-json\/wp\/v2\/pages\/16121","targetHints":{"allow":["GET"]}}],"collection":[{"href":"https:\/\/cortexlime.com\/de\/wp-json\/wp\/v2\/pages"}],"about":[{"href":"https:\/\/cortexlime.com\/de\/wp-json\/wp\/v2\/types\/page"}],"author":[{"embeddable":true,"href":"https:\/\/cortexlime.com\/de\/wp-json\/wp\/v2\/users\/6"}],"replies":[{"embeddable":true,"href":"https:\/\/cortexlime.com\/de\/wp-json\/wp\/v2\/comments?post=16121"}],"version-history":[{"count":1,"href":"https:\/\/cortexlime.com\/de\/wp-json\/wp\/v2\/pages\/16121\/revisions"}],"predecessor-version":[{"id":17123,"href":"https:\/\/cortexlime.com\/de\/wp-json\/wp\/v2\/pages\/16121\/revisions\/17123"}],"wp:attachment":[{"href":"https:\/\/cortexlime.com\/de\/wp-json\/wp\/v2\/media?parent=16121"}],"curies":[{"name":"wp","href":"https:\/\/api.w.org\/{rel}","templated":true}]}}