{"id":16108,"date":"2016-07-06T13:26:41","date_gmt":"2016-07-06T12:26:41","guid":{"rendered":"http:\/\/arteconstructo.com\/de\/?page_id=16108"},"modified":"2016-07-12T15:16:28","modified_gmt":"2016-07-12T14:16:28","slug":"mechanische-staerke","status":"publish","type":"page","link":"https:\/\/cortexlime.com\/de\/technische-eigenschaften\/mechanische-staerke\/","title":{"rendered":"Mechanische St\u00e4rke"},"content":{"rendered":"<div class=\"wpb-content-wrapper\"><p>[vc_row full_width=&#8220;true&#8220; margin_top=&#8220;-50&#8243;][vc_column][vc_single_image image=&#8220;236&#8243; img_size=&#8220;full&#8220; alignment=&#8220;center&#8220; image_hovers=&#8220;false&#8220;][\/vc_column][\/vc_row][vc_row][vc_column][vc_empty_space height=&#8220;60px&#8220;][vc_column_text]<\/p>\n<h3 class=\"p1\" style=\"text-align: center;\"><span class=\"s1\">MECHANISCHE ST\u00c4RKE<\/span><\/h3>\n<p>[\/vc_column_text][vc_empty_space height=&#8220;60px&#8220;][\/vc_column][\/vc_row][vc_row][vc_column width=&#8220;2\/3&#8243;][vc_column_text]<\/p>\n<p class=\"p2\" style=\"text-align: justify;\"><span class=\"s2\">Kalk verf\u00fcgt, sobald er ausgetrocknet ist, \u00fcber ausreichend St\u00e4rke zur Errichtung von traditionellem Mauerwerk, auch wenn dieses komplex und hoch wie eine Kathedrale ist.\u00a0<\/span><span class=\"s2\">Kalk hat eine weitere Eigenschaft, die ihn einzigartig verglichen mit \u00e4hnlichen Materialien macht: seine Flexibilit\u00e4t. Kalkm\u00f6rtel kann gewisse Sch\u00e4den in der Mauerkonstruktion ausgleichen. Dies ist durch seine <b>Elastizit\u00e4t<\/b> und <b>langsame Reaktion<\/b> m\u00f6glich, die manchmal sogar mehrere Jahre dauert. Dies gibt dem M\u00f6rtel die F\u00e4higkeit sich selbst zu reparieren.<\/span><\/p>\n<p class=\"p2\" style=\"text-align: justify;\"><span class=\"s2\">Diese langsame Reaktion stellt ausserdem sicher, dass beinahe keine Risse durch die Schrumpfung entstehen. Die Vorteile dieser Eigenschaften sind zum Beispiel, dass Mauerwerk mit Kalkm\u00f6rtel keine Ausdehnungsfugen ben\u00f6tigt oder dass keine zus\u00e4tzlichen Armierungsnetze auf Gipskarton ben\u00f6tigt werden.<\/span><\/p>\n<p class=\"p2\" style=\"text-align: justify;\"><span class=\"s2\">Nach der ersten Reaktion (hydraulisch) erh\u00e4lt man bereits einen M\u00f6rtel der ausreichend h\u00e4rtet und wasserbest\u00e4ndig ist (aber immer noch wasserdampfdurchl\u00e4ssig ist). Es ist daher ein Missverst\u00e4ndnis wenn jemand behauptet, dass Kalk wasserabweisende Eigenschaften hat.<\/span><\/p>\n<p class=\"p2\" style=\"text-align: justify;\"><span class=\"s2\">Dass Kalk \u00fcber eine mechanische St\u00e4rke in Geb\u00e4uden verf\u00fcgt ist unbestreitbar, wie dies auch k\u00fcrzliche Studien in Erdbebengebieten belegen. Es wurde herausgefunden, dass Konstruktionen aus Beton und Zementbeschichtungen st\u00e4rker besch\u00e4digt waren als Geb\u00e4ude die haupts\u00e4chlich mit Kalk errichtet wurden. Die Vibrationen durch Beben wurden durch die Flexibilit\u00e4t des Kalkes absorbiert. <\/span><\/p>\n<p>[\/vc_column_text][\/vc_column][vc_column width=&#8220;1\/3&#8243;][vc_single_image image=&#8220;273&#8243; img_size=&#8220;full&#8220; alignment=&#8220;center&#8220; style=&#8220;vc_box_shadow&#8220; image_hovers=&#8220;false&#8220;][\/vc_column][\/vc_row][vc_row][vc_column][vc_empty_space height=&#8220;60px&#8220;][\/vc_column][\/vc_row][vc_row full_width=&#8220;true&#8220; margin_top=&#8220;-130&#8243; margin_bottom=&#8220;-30&#8243;][vc_column]<div class=\"ult-new-ib ult-ib-effect-style2  ult-ib-resp ult-ib2-min-height \" data-min-width=\"768\" data-max-width=\"900\" style=\"background:#000000; opacity:0; \" data-opacity=\"1\" data-hover-opacity=\"0.5\"  data-min-height=\"350\" ><img decoding=\"async\" class=\"ult-new-ib-img\" style=\"opacity:1;\" alt=\"\" src=\"https:\/\/cortexlime.com\/wp-content\/uploads\/2015\/11\/bouwfysische.jpg\"  data-min-height=\"350\"   \/><div id=\"interactive-banner-wrap-3629\" class=\"ult-new-ib-desc\" style=\"\"><h2 class=\"ult-new-ib-title ult-responsive\"  data-ultimate-target='#interactive-banner-wrap-3629 .ult-new-ib-title'  data-responsive-json-new='{\"font-size\":\"desktop:24px;\",\"line-height\":\"\"}'  style=\"font-weight:normal;color:#ffffff;\">BAUPHYSIK<\/h2><\/div><a class=\"ult-new-ib-link\" href=\"http:\/\/arteconstructo.com\/de\/technische-eigenschaften\/bauphysik\/\" title=\"BAUPHYSIK\"  ><\/a><\/div>[\/vc_column][\/vc_row][vc_row full_width=&#8220;true&#8220; margin_top=&#8220;-130&#8243; margin_bottom=&#8220;-30&#8243;][vc_column]<div class=\"ult-new-ib ult-ib-effect-style2  ult-ib-resp ult-ib2-min-height \" data-min-width=\"768\" data-max-width=\"900\" style=\"background:#000000; opacity:0; \" data-opacity=\"1\" data-hover-opacity=\"0.5\"  data-min-height=\"350\" ><img decoding=\"async\" class=\"ult-new-ib-img\" style=\"opacity:1;\" alt=\"\" src=\"https:\/\/cortexlime.com\/wp-content\/uploads\/2015\/11\/esthetisch.jpg\"  data-min-height=\"350\"   \/><div id=\"interactive-banner-wrap-4855\" class=\"ult-new-ib-desc\" style=\"\"><h2 class=\"ult-new-ib-title ult-responsive\"  data-ultimate-target='#interactive-banner-wrap-4855 .ult-new-ib-title'  data-responsive-json-new='{\"font-size\":\"desktop:24px;\",\"line-height\":\"\"}'  style=\"font-weight:normal;color:#ffffff;\">\u00c4STHETIK IM INNEN- UND AUSSENBEREICH<\/h2><\/div><a class=\"ult-new-ib-link\" href=\"http:\/\/arteconstructo.com\/de\/technische-eigenschaften\/aesthetik-im-innen-und-aussenbereich\/\" title=\"\u00c4STHETIK IM INNEN- UND AUSSENBEREICH\"  ><\/a><\/div>[\/vc_column][\/vc_row][vc_row full_width=&#8220;true&#8220; margin_top=&#8220;-130&#8243; margin_bottom=&#8220;-30&#8243;][vc_column]<div class=\"ult-new-ib ult-ib-effect-style2  ult-ib-resp ult-ib2-min-height \" data-min-width=\"768\" data-max-width=\"900\" style=\"background:#000000; opacity:0; \" data-opacity=\"1\" data-hover-opacity=\"0.5\"  data-min-height=\"350\" ><img decoding=\"async\" class=\"ult-new-ib-img\" style=\"opacity:1;\" alt=\"\" src=\"https:\/\/cortexlime.com\/wp-content\/uploads\/2015\/11\/bio-eco.jpg\"  data-min-height=\"350\"   \/><div id=\"interactive-banner-wrap-3399\" class=\"ult-new-ib-desc\" style=\"\"><h2 class=\"ult-new-ib-title ult-responsive\"  data-ultimate-target='#interactive-banner-wrap-3399 .ult-new-ib-title'  data-responsive-json-new='{\"font-size\":\"desktop:24px;\",\"line-height\":\"\"}'  style=\"font-weight:normal;color:#ffffff;\">BIO-\u00d6KOLOGISCHES MATERIAL<\/h2><\/div><a class=\"ult-new-ib-link\" href=\"http:\/\/arteconstructo.com\/de\/technische-eigenschaften\/bio-oekologisches-material\/\" title=\"BIO-\u00d6KOLOGISCHES MATERIAL\"  ><\/a><\/div>[\/vc_column][\/vc_row][vc_row][vc_column][vc_empty_space height=&#8220;65px&#8220;][\/vc_column][\/vc_row][vc_row full_width=&#8220;true&#8220; margin_bottom=&#8220;-80&#8243;][vc_column width=&#8220;1\/4&#8243;]<div class=\"ult-new-ib ult-ib-effect-style2  ult-ib-resp ult-ib2-min-height \" data-min-width=\"768\" data-max-width=\"900\" style=\"background:#000000; opacity:0; \" data-opacity=\"1\" data-hover-opacity=\"0.5\"  data-min-height=\"428\" ><img decoding=\"async\" class=\"ult-new-ib-img\" style=\"opacity:1;\" alt=\"\" src=\"https:\/\/cortexlime.com\/wp-content\/uploads\/2015\/11\/lavabo.jpg\"  data-min-height=\"428\"   \/><div id=\"interactive-banner-wrap-6794\" class=\"ult-new-ib-desc\" style=\"\"><h2 class=\"ult-new-ib-title ult-responsive\"  data-ultimate-target='#interactive-banner-wrap-6794 .ult-new-ib-title'  data-responsive-json-new='{\"font-size\":\"\",\"line-height\":\"\"}'  style=\"font-weight:normal;color:#ffffff;\">K A L K<\/h2><\/div><a class=\"ult-new-ib-link\" href=\"http:\/\/arteconstructo.com\/de\/kalk\/\" title=\"Kalk\"  ><\/a><\/div>[\/vc_column][vc_column width=&#8220;1\/4&#8243;]<div class=\"ult-new-ib ult-ib-effect-style2  ult-ib-resp ult-ib2-min-height \" data-min-width=\"768\" data-max-width=\"900\" style=\"background:#000000; opacity:0; \" data-opacity=\"1\" data-hover-opacity=\"0.5\"  data-min-height=\"428\" ><img decoding=\"async\" class=\"ult-new-ib-img\" style=\"opacity:1;\" alt=\"\" src=\"https:\/\/cortexlime.com\/wp-content\/uploads\/2015\/11\/trap.jpg\"  data-min-height=\"428\"   \/><div id=\"interactive-banner-wrap-6000\" class=\"ult-new-ib-desc\" style=\"\"><h2 class=\"ult-new-ib-title ult-responsive\"  data-ultimate-target='#interactive-banner-wrap-6000 .ult-new-ib-title'  data-responsive-json-new='{\"font-size\":\"\",\"line-height\":\"\"}'  style=\"font-weight:normal;color:#ffffff;\">E I G E N S C H A F T E N<\/h2><\/div><a class=\"ult-new-ib-link\" href=\"http:\/\/arteconstructo.com\/de\/technische-eigenschaften\/\" title=\"E I G E N S C H A F T E N\"  ><\/a><\/div>[\/vc_column][vc_column width=&#8220;1\/4&#8243;]<div class=\"ult-new-ib ult-ib-effect-style2  ult-ib-resp ult-ib2-min-height \" data-min-width=\"768\" data-max-width=\"900\" style=\"background:#000000; opacity:0; \" data-opacity=\"1\" data-hover-opacity=\"0.5\"  data-min-height=\"428\" ><img decoding=\"async\" class=\"ult-new-ib-img\" style=\"opacity:1;\" alt=\"\" src=\"https:\/\/cortexlime.com\/wp-content\/uploads\/2015\/11\/paint.jpg\"  data-min-height=\"428\"   \/><div id=\"interactive-banner-wrap-1521\" class=\"ult-new-ib-desc\" style=\"\"><h2 class=\"ult-new-ib-title ult-responsive\"  data-ultimate-target='#interactive-banner-wrap-1521 .ult-new-ib-title'  data-responsive-json-new='{\"font-size\":\"\",\"line-height\":\"\"}'  style=\"font-weight:normal;color:#ffffff;\">I N T E R E S S A N T E S<\/h2><\/div><a class=\"ult-new-ib-link\" href=\"http:\/\/arteconstructo.com\/de\/interessantes\/\" title=\"Interessantes\"  ><\/a><\/div>[\/vc_column][vc_column width=&#8220;1\/4&#8243;]<div class=\"ult-new-ib ult-ib-effect-style2  ult-ib-resp ult-ib2-min-height \" data-min-width=\"768\" data-max-width=\"900\" style=\"background:#000000; opacity:0; \" data-opacity=\"1\" data-hover-opacity=\"0.5\"  data-min-height=\"428\" ><img decoding=\"async\" class=\"ult-new-ib-img\" style=\"opacity:1;\" alt=\"\" src=\"https:\/\/cortexlime.com\/wp-content\/uploads\/2015\/11\/salon.jpg\"  data-min-height=\"428\"   \/><div id=\"interactive-banner-wrap-3896\" class=\"ult-new-ib-desc\" style=\"\"><h2 class=\"ult-new-ib-title ult-responsive\"  data-ultimate-target='#interactive-banner-wrap-3896 .ult-new-ib-title'  data-responsive-json-new='{\"font-size\":\"\",\"line-height\":\"\"}'  style=\"font-weight:normal;color:#ffffff;\">B I L D E R<\/h2><\/div><a class=\"ult-new-ib-link\" href=\"http:\/\/arteconstructo.com\/de\/bilder\/\" title=\"Bilder\"  ><\/a><\/div>[\/vc_column][\/vc_row]<\/p>\n<\/div>","protected":false},"excerpt":{"rendered":"<p>[vc_row full_width=&#8220;true&#8220; margin_top=&#8220;-50&#8243;][vc_column][vc_single_image image=&#8220;236&#8243; img_size=&#8220;full&#8220; alignment=&#8220;center&#8220; image_hovers=&#8220;false&#8220;][\/vc_column][\/vc_row][vc_row][vc_column][vc_empty_space height=&#8220;60px&#8220;][vc_column_text] MECHANISCHE ST\u00c4RKE [\/vc_column_text][vc_empty_space height=&#8220;60px&#8220;][\/vc_column][\/vc_row][vc_row][vc_column width=&#8220;2\/3&#8243;][vc_column_text] Kalk verf\u00fcgt, sobald er ausgetrocknet ist, \u00fcber ausreichend St\u00e4rke zur Errichtung von traditionellem Mauerwerk, auch wenn dieses komplex und hoch wie eine Kathedrale ist.\u00a0Kalk hat eine weitere Eigenschaft, die ihn einzigartig verglichen mit \u00e4hnlichen Materialien macht: seine Flexibilit\u00e4t. Kalkm\u00f6rtel kann gewisse Sch\u00e4den&hellip;<\/p>\n","protected":false},"author":6,"featured_media":0,"parent":16106,"menu_order":1,"comment_status":"closed","ping_status":"closed","template":"","meta":{"footnotes":""},"class_list":["post-16108","page","type-page","status-publish","hentry","description-off"],"yoast_head":"<!-- This site is optimized with the Yoast SEO plugin v27.4 - https:\/\/yoast.com\/product\/yoast-seo-wordpress\/ -->\n<title>Mechanische St\u00e4rke - Cortex<\/title>\n<meta name=\"robots\" content=\"index, follow, max-snippet:-1, max-image-preview:large, max-video-preview:-1\" \/>\n<link rel=\"canonical\" href=\"https:\/\/cortexlime.com\/de\/technische-eigenschaften\/mechanische-staerke\/\" \/>\n<meta property=\"og:locale\" content=\"de_DE\" \/>\n<meta property=\"og:type\" content=\"article\" \/>\n<meta property=\"og:title\" content=\"Mechanische St\u00e4rke - Cortex\" \/>\n<meta property=\"og:description\" content=\"[vc_row full_width=&#8220;true&#8220; margin_top=&#8220;-50&#8243;][vc_column][vc_single_image image=&#8220;236&#8243; img_size=&#8220;full&#8220; alignment=&#8220;center&#8220; image_hovers=&#8220;false&#8220;][\/vc_column][\/vc_row][vc_row][vc_column][vc_empty_space height=&#8220;60px&#8220;][vc_column_text] MECHANISCHE ST\u00c4RKE [\/vc_column_text][vc_empty_space height=&#8220;60px&#8220;][\/vc_column][\/vc_row][vc_row][vc_column width=&#8220;2\/3&#8243;][vc_column_text] Kalk verf\u00fcgt, sobald er ausgetrocknet ist, \u00fcber ausreichend St\u00e4rke zur Errichtung von traditionellem Mauerwerk, auch wenn dieses komplex und hoch wie eine Kathedrale ist.\u00a0Kalk hat eine weitere Eigenschaft, die ihn einzigartig verglichen mit \u00e4hnlichen Materialien macht: seine Flexibilit\u00e4t. Kalkm\u00f6rtel kann gewisse Sch\u00e4den&hellip;\" \/>\n<meta property=\"og:url\" content=\"https:\/\/cortexlime.com\/de\/technische-eigenschaften\/mechanische-staerke\/\" \/>\n<meta property=\"og:site_name\" content=\"Cortex\" \/>\n<meta property=\"article:modified_time\" content=\"2016-07-12T14:16:28+00:00\" \/>\n<meta name=\"twitter:card\" content=\"summary_large_image\" \/>\n<meta name=\"twitter:label1\" content=\"Gesch\u00e4tzte Lesezeit\" \/>\n\t<meta name=\"twitter:data1\" content=\"4\u00a0Minuten\" \/>\n<script type=\"application\/ld+json\" class=\"yoast-schema-graph\">{\"@context\":\"https:\\\/\\\/schema.org\",\"@graph\":[{\"@type\":\"WebPage\",\"@id\":\"https:\\\/\\\/cortexlime.com\\\/de\\\/technische-eigenschaften\\\/mechanische-staerke\\\/\",\"url\":\"https:\\\/\\\/cortexlime.com\\\/de\\\/technische-eigenschaften\\\/mechanische-staerke\\\/\",\"name\":\"Mechanische St\u00e4rke - Cortex\",\"isPartOf\":{\"@id\":\"https:\\\/\\\/cortexlime.com\\\/#website\"},\"datePublished\":\"2016-07-06T12:26:41+00:00\",\"dateModified\":\"2016-07-12T14:16:28+00:00\",\"breadcrumb\":{\"@id\":\"https:\\\/\\\/cortexlime.com\\\/de\\\/technische-eigenschaften\\\/mechanische-staerke\\\/#breadcrumb\"},\"inLanguage\":\"de\",\"potentialAction\":[{\"@type\":\"ReadAction\",\"target\":[\"https:\\\/\\\/cortexlime.com\\\/de\\\/technische-eigenschaften\\\/mechanische-staerke\\\/\"]}]},{\"@type\":\"BreadcrumbList\",\"@id\":\"https:\\\/\\\/cortexlime.com\\\/de\\\/technische-eigenschaften\\\/mechanische-staerke\\\/#breadcrumb\",\"itemListElement\":[{\"@type\":\"ListItem\",\"position\":1,\"name\":\"Accueil\",\"item\":\"https:\\\/\\\/cortexlime.com\\\/de\\\/\"},{\"@type\":\"ListItem\",\"position\":2,\"name\":\"Technische Eigenschaften\",\"item\":\"https:\\\/\\\/cortexlime.com\\\/de\\\/technische-eigenschaften\\\/\"},{\"@type\":\"ListItem\",\"position\":3,\"name\":\"Mechanische St\u00e4rke\"}]},{\"@type\":\"WebSite\",\"@id\":\"https:\\\/\\\/cortexlime.com\\\/#website\",\"url\":\"https:\\\/\\\/cortexlime.com\\\/\",\"name\":\"Cortex\",\"description\":\"Lime\",\"potentialAction\":[{\"@type\":\"SearchAction\",\"target\":{\"@type\":\"EntryPoint\",\"urlTemplate\":\"https:\\\/\\\/cortexlime.com\\\/?s={search_term_string}\"},\"query-input\":{\"@type\":\"PropertyValueSpecification\",\"valueRequired\":true,\"valueName\":\"search_term_string\"}}],\"inLanguage\":\"de\"}]}<\/script>\n<!-- \/ Yoast SEO plugin. -->","yoast_head_json":{"title":"Mechanische St\u00e4rke - Cortex","robots":{"index":"index","follow":"follow","max-snippet":"max-snippet:-1","max-image-preview":"max-image-preview:large","max-video-preview":"max-video-preview:-1"},"canonical":"https:\/\/cortexlime.com\/de\/technische-eigenschaften\/mechanische-staerke\/","og_locale":"de_DE","og_type":"article","og_title":"Mechanische St\u00e4rke - Cortex","og_description":"[vc_row full_width=&#8220;true&#8220; margin_top=&#8220;-50&#8243;][vc_column][vc_single_image image=&#8220;236&#8243; img_size=&#8220;full&#8220; alignment=&#8220;center&#8220; image_hovers=&#8220;false&#8220;][\/vc_column][\/vc_row][vc_row][vc_column][vc_empty_space height=&#8220;60px&#8220;][vc_column_text] MECHANISCHE ST\u00c4RKE [\/vc_column_text][vc_empty_space height=&#8220;60px&#8220;][\/vc_column][\/vc_row][vc_row][vc_column width=&#8220;2\/3&#8243;][vc_column_text] Kalk verf\u00fcgt, sobald er ausgetrocknet ist, \u00fcber ausreichend St\u00e4rke zur Errichtung von traditionellem Mauerwerk, auch wenn dieses komplex und hoch wie eine Kathedrale ist.\u00a0Kalk hat eine weitere Eigenschaft, die ihn einzigartig verglichen mit \u00e4hnlichen Materialien macht: seine Flexibilit\u00e4t. Kalkm\u00f6rtel kann gewisse Sch\u00e4den&hellip;","og_url":"https:\/\/cortexlime.com\/de\/technische-eigenschaften\/mechanische-staerke\/","og_site_name":"Cortex","article_modified_time":"2016-07-12T14:16:28+00:00","twitter_card":"summary_large_image","twitter_misc":{"Gesch\u00e4tzte Lesezeit":"4\u00a0Minuten"},"schema":{"@context":"https:\/\/schema.org","@graph":[{"@type":"WebPage","@id":"https:\/\/cortexlime.com\/de\/technische-eigenschaften\/mechanische-staerke\/","url":"https:\/\/cortexlime.com\/de\/technische-eigenschaften\/mechanische-staerke\/","name":"Mechanische St\u00e4rke - Cortex","isPartOf":{"@id":"https:\/\/cortexlime.com\/#website"},"datePublished":"2016-07-06T12:26:41+00:00","dateModified":"2016-07-12T14:16:28+00:00","breadcrumb":{"@id":"https:\/\/cortexlime.com\/de\/technische-eigenschaften\/mechanische-staerke\/#breadcrumb"},"inLanguage":"de","potentialAction":[{"@type":"ReadAction","target":["https:\/\/cortexlime.com\/de\/technische-eigenschaften\/mechanische-staerke\/"]}]},{"@type":"BreadcrumbList","@id":"https:\/\/cortexlime.com\/de\/technische-eigenschaften\/mechanische-staerke\/#breadcrumb","itemListElement":[{"@type":"ListItem","position":1,"name":"Accueil","item":"https:\/\/cortexlime.com\/de\/"},{"@type":"ListItem","position":2,"name":"Technische Eigenschaften","item":"https:\/\/cortexlime.com\/de\/technische-eigenschaften\/"},{"@type":"ListItem","position":3,"name":"Mechanische St\u00e4rke"}]},{"@type":"WebSite","@id":"https:\/\/cortexlime.com\/#website","url":"https:\/\/cortexlime.com\/","name":"Cortex","description":"Lime","potentialAction":[{"@type":"SearchAction","target":{"@type":"EntryPoint","urlTemplate":"https:\/\/cortexlime.com\/?s={search_term_string}"},"query-input":{"@type":"PropertyValueSpecification","valueRequired":true,"valueName":"search_term_string"}}],"inLanguage":"de"}]}},"_links":{"self":[{"href":"https:\/\/cortexlime.com\/de\/wp-json\/wp\/v2\/pages\/16108","targetHints":{"allow":["GET"]}}],"collection":[{"href":"https:\/\/cortexlime.com\/de\/wp-json\/wp\/v2\/pages"}],"about":[{"href":"https:\/\/cortexlime.com\/de\/wp-json\/wp\/v2\/types\/page"}],"author":[{"embeddable":true,"href":"https:\/\/cortexlime.com\/de\/wp-json\/wp\/v2\/users\/6"}],"replies":[{"embeddable":true,"href":"https:\/\/cortexlime.com\/de\/wp-json\/wp\/v2\/comments?post=16108"}],"version-history":[{"count":0,"href":"https:\/\/cortexlime.com\/de\/wp-json\/wp\/v2\/pages\/16108\/revisions"}],"up":[{"embeddable":true,"href":"https:\/\/cortexlime.com\/de\/wp-json\/wp\/v2\/pages\/16106"}],"wp:attachment":[{"href":"https:\/\/cortexlime.com\/de\/wp-json\/wp\/v2\/media?parent=16108"}],"curies":[{"name":"wp","href":"https:\/\/api.w.org\/{rel}","templated":true}]}}